{"id":873,"date":"2018-09-10T20:02:10","date_gmt":"2018-09-10T18:02:10","guid":{"rendered":"http:\/\/zuhausebeivoit.de\/cms\/?page_id=873"},"modified":"2018-09-12T11:19:45","modified_gmt":"2018-09-12T09:19:45","slug":"winterhaltung","status":"publish","type":"page","link":"https:\/\/zuhausebeivoit.de\/cms\/?page_id=873","title":{"rendered":"Winterhaltung"},"content":{"rendered":"<p><strong><span style=\"color: #0000ff; font-family: georgia,palatino,serif; font-size: 18pt;\">Wasserschildkr\u00f6ten &#8211; Winterhaltung<\/span><\/strong><br \/>\n<span style=\"color: #0000ff; font-family: georgia,palatino,serif; font-size: 14pt;\">\u00dcberwinterung in der Natur:<\/span><br \/>\nDiese erfolgt am Grund der Gew\u00e4sser bei niedrigen Temperaturen (sind mitunter ca. 4 \/ 5 \u00b0C) Tiere verbleiben am Grund und ben\u00f6tigen keinen Sauerstoff aus der Luft. Dieser wird f\u00fcr dringend notwendige Vorg\u00e4nge, welche unbedingt Sauerstoff bed\u00fcrfen,. \u00fcber Schleimh\u00e4ute aufgenommen.<\/p>\n<figure id=\"attachment_1027\" aria-describedby=\"caption-attachment-1027\" style=\"width: 150px\" class=\"wp-caption alignleft\"><a href=\"http:\/\/zuhausebeivoit.de\/cms\/wp-content\/uploads\/2018\/09\/winter2.jpg\"><img loading=\"lazy\" decoding=\"async\" class=\"size-thumbnail wp-image-1027\" src=\"http:\/\/zuhausebeivoit.de\/cms\/wp-content\/uploads\/2018\/09\/winter2-150x150.jpg\" alt=\"\" width=\"150\" height=\"150\" srcset=\"https:\/\/zuhausebeivoit.de\/cms\/wp-content\/uploads\/2018\/09\/winter2-150x150.jpg 150w, https:\/\/zuhausebeivoit.de\/cms\/wp-content\/uploads\/2018\/09\/winter2-100x100.jpg 100w\" sizes=\"auto, (max-width: 150px) 100vw, 150px\" \/><\/a><figcaption id=\"caption-attachment-1027\" class=\"wp-caption-text\"><span style=\"color: #000000;\">Kunststoffteich<\/span><\/figcaption><\/figure>\n<figure id=\"attachment_1026\" aria-describedby=\"caption-attachment-1026\" style=\"width: 150px\" class=\"wp-caption alignleft\"><a href=\"http:\/\/zuhausebeivoit.de\/cms\/wp-content\/uploads\/2018\/09\/winter1.jpg\"><img loading=\"lazy\" decoding=\"async\" class=\"size-thumbnail wp-image-1026\" src=\"http:\/\/zuhausebeivoit.de\/cms\/wp-content\/uploads\/2018\/09\/winter1-150x150.jpg\" alt=\"\" width=\"150\" height=\"150\" srcset=\"https:\/\/zuhausebeivoit.de\/cms\/wp-content\/uploads\/2018\/09\/winter1-150x150.jpg 150w, https:\/\/zuhausebeivoit.de\/cms\/wp-content\/uploads\/2018\/09\/winter1-100x100.jpg 100w\" sizes=\"auto, (max-width: 150px) 100vw, 150px\" \/><\/a><figcaption id=\"caption-attachment-1026\" class=\"wp-caption-text\"><span style=\"color: #000000;\">im Kellerbereich<\/span><\/figcaption><\/figure>\n<p><span style=\"font-family: georgia,palatino,serif;\"><strong>Unsere \u00dcberwinterung im Kellerbereich:<\/strong><\/span><\/p>\n<p><span style=\"font-family: georgia,palatino,serif;\">Etwa Ende Oktober werden die Tiere in Kunstteiche im Kellerbereich \u00fcberf\u00fchrt. Die F\u00fctterung wird nach und nach eingestellt. Entsprechend erfolgt eine Reduzierung der Licht- und W\u00e4rmeintensit\u00e4t sowie deren Zeitdauer. Mitte bis Ende November werden diese Medien ganz ausgeschalten. Der Wasserstand ist ca. 10 cm \u00fcber den Tieren stehend. Es wird ganz abgedunkelt. In diesem Zustand <\/span><span style=\"color: #000000; font-family: georgia,palatino,serif;\">liegen die Schildkr\u00f6ten bei Wassertemperaturen von ca 8 &#8211; 10\u00b0C in v\u00f6lliger Ruhe und \u00fcberwintern bis ca. Ende M\u00e4rz. Regelm\u00e4\u00dfige Kontrollen der Wasserqualit\u00e4t sind selbstverst\u00e4ndlich. <\/span><\/p>\n<p><a href=\"http:\/\/zuhausebeivoit.de\/cms\/wp-content\/uploads\/2018\/09\/winter4.jpg\"><img loading=\"lazy\" decoding=\"async\" class=\"alignleft size-thumbnail wp-image-1030\" src=\"http:\/\/zuhausebeivoit.de\/cms\/wp-content\/uploads\/2018\/09\/winter4-150x150.jpg\" alt=\"\" width=\"150\" height=\"150\" srcset=\"https:\/\/zuhausebeivoit.de\/cms\/wp-content\/uploads\/2018\/09\/winter4-150x150.jpg 150w, https:\/\/zuhausebeivoit.de\/cms\/wp-content\/uploads\/2018\/09\/winter4-100x100.jpg 100w\" sizes=\"auto, (max-width: 150px) 100vw, 150px\" \/><\/a> <a href=\"http:\/\/zuhausebeivoit.de\/cms\/wp-content\/uploads\/2018\/09\/winter3.jpg\"><img loading=\"lazy\" decoding=\"async\" class=\"alignleft size-thumbnail wp-image-1029\" src=\"http:\/\/zuhausebeivoit.de\/cms\/wp-content\/uploads\/2018\/09\/winter3-150x150.jpg\" alt=\"\" width=\"150\" height=\"150\" srcset=\"https:\/\/zuhausebeivoit.de\/cms\/wp-content\/uploads\/2018\/09\/winter3-150x150.jpg 150w, https:\/\/zuhausebeivoit.de\/cms\/wp-content\/uploads\/2018\/09\/winter3-100x100.jpg 100w\" sizes=\"auto, (max-width: 150px) 100vw, 150px\" \/><\/a><\/p>\n<p><span style=\"color: #000000; font-family: georgia,palatino,serif;\">Mit Beginn des Monats April werden alle Medien nach und nach zum Einsatz gebracht.(Licht, Heizung und anderes mehr) Sparsam beginnt die F\u00fctterung. Etwa Anfang Mai (witterungsbedingt) werden die Tiere in die Au\u00dfenanlage \u00fcberf\u00fchrt.<\/span><\/p>\n<p>&nbsp;<\/p>\n","protected":false},"excerpt":{"rendered":"<p>Wasserschildkr\u00f6ten &#8211; Winterhaltung \u00dcberwinterung in der Natur: Diese erfolgt am Grund der Gew\u00e4sser bei niedrigen Temperaturen (sind mitunter ca. 4 \/ 5 \u00b0C) Tiere verbleiben am Grund und ben\u00f6tigen keinen Sauerstoff aus der Luft. Dieser wird f\u00fcr dringend notwendige Vorg\u00e4nge, welche unbedingt Sauerstoff bed\u00fcrfen,. \u00fcber Schleimh\u00e4ute aufgenommen. Unsere \u00dcberwinterung im Kellerbereich: Etwa Ende Oktober werden &hellip; <\/p>\n<p class=\"link-more\"><a href=\"https:\/\/zuhausebeivoit.de\/cms\/?page_id=873\" class=\"more-link\"><span class=\"screen-reader-text\">\u201eWinterhaltung\u201c<\/span> weiterlesen<\/a><\/p>\n","protected":false},"author":1,"featured_media":0,"parent":0,"menu_order":0,"comment_status":"closed","ping_status":"closed","template":"","meta":{"footnotes":""},"class_list":["post-873","page","type-page","status-publish","hentry"],"_links":{"self":[{"href":"https:\/\/zuhausebeivoit.de\/cms\/index.php?rest_route=\/wp\/v2\/pages\/873","targetHints":{"allow":["GET"]}}],"collection":[{"href":"https:\/\/zuhausebeivoit.de\/cms\/index.php?rest_route=\/wp\/v2\/pages"}],"about":[{"href":"https:\/\/zuhausebeivoit.de\/cms\/index.php?rest_route=\/wp\/v2\/types\/page"}],"author":[{"embeddable":true,"href":"https:\/\/zuhausebeivoit.de\/cms\/index.php?rest_route=\/wp\/v2\/users\/1"}],"replies":[{"embeddable":true,"href":"https:\/\/zuhausebeivoit.de\/cms\/index.php?rest_route=%2Fwp%2Fv2%2Fcomments&post=873"}],"version-history":[{"count":6,"href":"https:\/\/zuhausebeivoit.de\/cms\/index.php?rest_route=\/wp\/v2\/pages\/873\/revisions"}],"predecessor-version":[{"id":1031,"href":"https:\/\/zuhausebeivoit.de\/cms\/index.php?rest_route=\/wp\/v2\/pages\/873\/revisions\/1031"}],"wp:attachment":[{"href":"https:\/\/zuhausebeivoit.de\/cms\/index.php?rest_route=%2Fwp%2Fv2%2Fmedia&parent=873"}],"curies":[{"name":"wp","href":"https:\/\/api.w.org\/{rel}","templated":true}]}}