{"id":871,"date":"2018-09-10T20:01:42","date_gmt":"2018-09-10T18:01:42","guid":{"rendered":"http:\/\/zuhausebeivoit.de\/cms\/?page_id=871"},"modified":"2018-09-11T11:37:41","modified_gmt":"2018-09-11T09:37:41","slug":"sommerhaltung","status":"publish","type":"page","link":"https:\/\/zuhausebeivoit.de\/cms\/?page_id=871","title":{"rendered":"Sommerhaltung"},"content":{"rendered":"<p style=\"text-align: left;\"><strong><span style=\"color: #0000ff; font-family: georgia,palatino,serif; font-size: 18pt;\">Wasserschildkr\u00f6ten &#8211; Sommerhaltung<\/span><\/strong><br \/>\n<span style=\"color: #000000; font-family: georgia,palatino,serif;\">Von Ende April bis Ende Oktober werden die Tiere in Teichen mittels Kunststoffteichfolie aber auch einem Fertigteich gehalten und betreut. (wetterabh\u00e4ngig) Die F\u00fctterung erfolgt wie im Abschnitt Allgemeines beschrieben. <\/span><span style=\"color: #000000; font-family: georgia,palatino,serif;\">Der Kunststoffteich fasst etwa 250 Liter Wasser und ist<\/span><br \/>\n<span style=\"color: #000000; font-family: georgia,palatino,serif;\"> von einem Sand-Erdegemisch umgeben welches den Tieren als <\/span><br \/>\n<span style=\"color: #000000; font-family: georgia,palatino,serif;\">Sonnenplatz und Legeplatz dient. Als Umgrenzung dienen Betonsteine. Kletterm\u00f6glichkeiten aus dem Wasser und dar\u00fcber hinaus sind ebenfalls<\/span><br \/>\n<span style=\"color: #000000; font-family: georgia,palatino,serif;\"> gegeben. Regelm\u00e4\u00dfig finden Wasserwechsel statt.<\/span><\/p>\n<p><span style=\"color: #000000; font-family: georgia,palatino,serif;\"><a href=\"http:\/\/zuhausebeivoit.de\/cms\/wp-content\/uploads\/2018\/09\/sommer2.jpg\"><img loading=\"lazy\" decoding=\"async\" class=\"alignleft size-thumbnail wp-image-884\" src=\"http:\/\/zuhausebeivoit.de\/cms\/wp-content\/uploads\/2018\/09\/sommer2-150x150.jpg\" alt=\"\" width=\"150\" height=\"150\" srcset=\"https:\/\/zuhausebeivoit.de\/cms\/wp-content\/uploads\/2018\/09\/sommer2-150x150.jpg 150w, https:\/\/zuhausebeivoit.de\/cms\/wp-content\/uploads\/2018\/09\/sommer2-100x100.jpg 100w\" sizes=\"auto, (max-width: 150px) 100vw, 150px\" \/><\/a> <a href=\"http:\/\/zuhausebeivoit.de\/cms\/wp-content\/uploads\/2018\/09\/sommer7.jpg\"><img loading=\"lazy\" decoding=\"async\" class=\"alignleft size-thumbnail wp-image-889\" src=\"http:\/\/zuhausebeivoit.de\/cms\/wp-content\/uploads\/2018\/09\/sommer7-150x150.jpg\" alt=\"\" width=\"150\" height=\"150\" srcset=\"https:\/\/zuhausebeivoit.de\/cms\/wp-content\/uploads\/2018\/09\/sommer7-150x150.jpg 150w, https:\/\/zuhausebeivoit.de\/cms\/wp-content\/uploads\/2018\/09\/sommer7-100x100.jpg 100w\" sizes=\"auto, (max-width: 150px) 100vw, 150px\" \/><\/a> <a href=\"http:\/\/zuhausebeivoit.de\/cms\/wp-content\/uploads\/2018\/09\/sommer6.jpg\"><img loading=\"lazy\" decoding=\"async\" class=\"alignleft size-thumbnail wp-image-885\" src=\"http:\/\/zuhausebeivoit.de\/cms\/wp-content\/uploads\/2018\/09\/sommer6-150x150.jpg\" alt=\"\" width=\"150\" height=\"150\" srcset=\"https:\/\/zuhausebeivoit.de\/cms\/wp-content\/uploads\/2018\/09\/sommer6-150x150.jpg 150w, https:\/\/zuhausebeivoit.de\/cms\/wp-content\/uploads\/2018\/09\/sommer6-100x100.jpg 100w\" sizes=\"auto, (max-width: 150px) 100vw, 150px\" \/><\/a>Der Teich bestehend aus Kunststoffteichfolie wurde f\u00fcr die vorj\u00e4hrige Freiluftsaison geschaffen. Er ist etwa 0,6m bis vereinzelt 1m tief und<\/span><span style=\"color: #000000; font-family: georgia,palatino,serif;\"> umfasst<\/span><span style=\"color: #000000; font-family: georgia,palatino,serif;\"> ein Wasservolumen von ca 550 Litern. Der Ausstieg wurde aus<\/span><span style=\"color: #000000; font-family: georgia,palatino,serif;\"> Betonringen in unterschiedlichen H\u00f6hen geschaffen. <\/span><span style=\"color: #000000; font-family: georgia,palatino,serif;\">Dahinter befindet sich ein entsprechender Legeplatz. <\/span><span style=\"color: #000000; font-family: georgia,palatino,serif;\">Als Ausstieghilfe wurde f\u00fcr diesen Bereich zus\u00e4tzlich besandete<\/span><span style=\"color: #000000; font-family: georgia,palatino,serif;\"> Folie verwendet. Die Schildkr\u00f6ten nehmen ihr Sonnenbad <\/span><span style=\"color: #000000; font-family: georgia,palatino,serif;\">auf dem Legeplatz, \u00fcber den Teich montierten und gut erreichbaren <\/span><span style=\"color: #000000; font-family: georgia,palatino,serif;\">Brettern sowie auf der ebenfalls aus Brettern bestehenden<\/span><span style=\"color: #000000; font-family: georgia,palatino,serif;\"> Umgrenzung ein. Diese Anlage wurde in einem Gew\u00e4chshaus errichtet. Regelm\u00e4\u00dfige L\u00fcftung ist notwendig und erforderlich. <\/span><span style=\"color: #000000; font-family: georgia,palatino,serif;\">In Abst\u00e4nden von 3-4 Wochen erfolgt ein Wasserwechsel verbunden <\/span><span style=\"color: #000000; font-family: georgia,palatino,serif;\">mit einer Reinigung der Anlage. Das Schmutzwasser wird zum Gie\u00dfen<\/span><span style=\"color: #000000; font-family: georgia,palatino,serif;\"> f\u00fcr Koniferen und anderes mehr verwendet.<\/span><\/p>\n<p><span style=\"color: #000000; font-family: georgia,palatino,serif;\"><a href=\"http:\/\/zuhausebeivoit.de\/cms\/wp-content\/uploads\/2018\/09\/sommer9.jpg\"><img loading=\"lazy\" decoding=\"async\" class=\"alignleft size-thumbnail wp-image-891\" src=\"http:\/\/zuhausebeivoit.de\/cms\/wp-content\/uploads\/2018\/09\/sommer9-150x150.jpg\" alt=\"\" width=\"150\" height=\"150\" srcset=\"https:\/\/zuhausebeivoit.de\/cms\/wp-content\/uploads\/2018\/09\/sommer9-150x150.jpg 150w, https:\/\/zuhausebeivoit.de\/cms\/wp-content\/uploads\/2018\/09\/sommer9-100x100.jpg 100w\" sizes=\"auto, (max-width: 150px) 100vw, 150px\" \/><\/a> <a href=\"http:\/\/zuhausebeivoit.de\/cms\/wp-content\/uploads\/2018\/09\/sommer5.jpg\"><img loading=\"lazy\" decoding=\"async\" class=\"alignleft size-thumbnail wp-image-887\" src=\"http:\/\/zuhausebeivoit.de\/cms\/wp-content\/uploads\/2018\/09\/sommer5-150x150.jpg\" alt=\"\" width=\"150\" height=\"150\" srcset=\"https:\/\/zuhausebeivoit.de\/cms\/wp-content\/uploads\/2018\/09\/sommer5-150x150.jpg 150w, https:\/\/zuhausebeivoit.de\/cms\/wp-content\/uploads\/2018\/09\/sommer5-100x100.jpg 100w\" sizes=\"auto, (max-width: 150px) 100vw, 150px\" \/><\/a> <a href=\"http:\/\/zuhausebeivoit.de\/cms\/wp-content\/uploads\/2018\/09\/sommer4.jpg\"><img loading=\"lazy\" decoding=\"async\" class=\"alignleft size-thumbnail wp-image-886\" src=\"http:\/\/zuhausebeivoit.de\/cms\/wp-content\/uploads\/2018\/09\/sommer4-150x150.jpg\" alt=\"\" width=\"150\" height=\"150\" srcset=\"https:\/\/zuhausebeivoit.de\/cms\/wp-content\/uploads\/2018\/09\/sommer4-150x150.jpg 150w, https:\/\/zuhausebeivoit.de\/cms\/wp-content\/uploads\/2018\/09\/sommer4-100x100.jpg 100w\" sizes=\"auto, (max-width: 150px) 100vw, 150px\" \/><\/a>Blicke auf die Gew\u00e4chshausanlage von verschie-denen Seiten und in leere Anlage hinein. <\/span><span style=\"color: #000000; font-family: georgia,palatino,serif;\">Die Tiere f\u00fchlen sich sehr sehr wohl.<\/span><span style=\"color: #000000; font-family: georgia,palatino,serif;\">Nach Abschluss der Freiluftsaison werden die Schildkr\u00f6ten wie im Komplex Winterhaltung8n\u00e4chste Seite) beschrieben weiter gehegt und gepflegt.<\/span><\/p>\n<p><span style=\"color: #000000; font-family: Calibri;\">\u00a0<\/span><\/p>\n<p>&nbsp;<\/p>\n","protected":false},"excerpt":{"rendered":"<p>Wasserschildkr\u00f6ten &#8211; Sommerhaltung Von Ende April bis Ende Oktober werden die Tiere in Teichen mittels Kunststoffteichfolie aber auch einem Fertigteich gehalten und betreut. (wetterabh\u00e4ngig) Die F\u00fctterung erfolgt wie im Abschnitt Allgemeines beschrieben. Der Kunststoffteich fasst etwa 250 Liter Wasser und ist von einem Sand-Erdegemisch umgeben welches den Tieren als Sonnenplatz und Legeplatz dient. Als Umgrenzung &hellip; <\/p>\n<p class=\"link-more\"><a href=\"https:\/\/zuhausebeivoit.de\/cms\/?page_id=871\" class=\"more-link\"><span class=\"screen-reader-text\">\u201eSommerhaltung\u201c<\/span> weiterlesen<\/a><\/p>\n","protected":false},"author":1,"featured_media":0,"parent":0,"menu_order":0,"comment_status":"closed","ping_status":"closed","template":"","meta":{"footnotes":""},"class_list":["post-871","page","type-page","status-publish","hentry"],"_links":{"self":[{"href":"https:\/\/zuhausebeivoit.de\/cms\/index.php?rest_route=\/wp\/v2\/pages\/871","targetHints":{"allow":["GET"]}}],"collection":[{"href":"https:\/\/zuhausebeivoit.de\/cms\/index.php?rest_route=\/wp\/v2\/pages"}],"about":[{"href":"https:\/\/zuhausebeivoit.de\/cms\/index.php?rest_route=\/wp\/v2\/types\/page"}],"author":[{"embeddable":true,"href":"https:\/\/zuhausebeivoit.de\/cms\/index.php?rest_route=\/wp\/v2\/users\/1"}],"replies":[{"embeddable":true,"href":"https:\/\/zuhausebeivoit.de\/cms\/index.php?rest_route=%2Fwp%2Fv2%2Fcomments&post=871"}],"version-history":[{"count":10,"href":"https:\/\/zuhausebeivoit.de\/cms\/index.php?rest_route=\/wp\/v2\/pages\/871\/revisions"}],"predecessor-version":[{"id":990,"href":"https:\/\/zuhausebeivoit.de\/cms\/index.php?rest_route=\/wp\/v2\/pages\/871\/revisions\/990"}],"wp:attachment":[{"href":"https:\/\/zuhausebeivoit.de\/cms\/index.php?rest_route=%2Fwp%2Fv2%2Fmedia&parent=871"}],"curies":[{"name":"wp","href":"https:\/\/api.w.org\/{rel}","templated":true}]}}