{"id":774,"date":"2018-09-10T12:33:15","date_gmt":"2018-09-10T10:33:15","guid":{"rendered":"http:\/\/zuhausebeivoit.de\/cms\/?page_id=774"},"modified":"2018-09-11T11:50:14","modified_gmt":"2018-09-11T09:50:14","slug":"testudo-horsfieldii","status":"publish","type":"page","link":"https:\/\/zuhausebeivoit.de\/cms\/?page_id=774","title":{"rendered":"Testudo horsfieldii"},"content":{"rendered":"<p><span style=\"color: #000000; font-family: Calibri;\"><span style=\"color: #800000;\"><strong><span style=\"font-family: georgia,palatino,serif; font-size: 18pt;\">Landschilkr\u00f6ten\u00a0\u00a0\u00a0\u00a0\u00a0\u00a0\u00a0\u00a0\u00a0\u00a0\u00a0\u00a0\u00a0\u00a0\u00a0\u00a0\u00a0\u00a0\u00a0\u00a0 <span style=\"color: #800000; font-family: Georgia; font-size: x-large;\">1991-2010<\/span><\/span><\/strong><\/span><\/span><br \/>\n<span style=\"color: #000000;\"><strong><span style=\"font-family: georgia,palatino,serif; font-size: 14pt;\">die Vierzehenschildkr\u00f6te-Testudo horsfieldii<\/span><\/strong><\/span><br \/>\n<span style=\"color: #000000; font-family: georgia,palatino,serif;\">Die Vierzehen-Steppenschildkr\u00f6te wird bis 28cm gro\u00df und wiegt bis 2kg. Die M\u00e4nnchen sind deutlich kleiner. Die Tiere besitzen einen ovalen fast runden K\u00f6rper, der abgeflacht ist. Auffallend sind die kr\u00e4ftigen grob beschuppten Vorderextremit\u00e4ten. Im Gegensatz zu den Hinterf\u00fc\u00dfen haben die Vorderf\u00fc\u00dfe 4 Krallen. Daher der Name!<\/span><\/p>\n<p>&nbsp;<\/p>\n<p><span style=\"color: #000000; font-family: georgia,palatino,serif;\"><a href=\"http:\/\/zuhausebeivoit.de\/cms\/wp-content\/uploads\/2018\/09\/vierzehn2.jpg\"><img loading=\"lazy\" decoding=\"async\" class=\"alignleft size-thumbnail wp-image-782\" src=\"http:\/\/zuhausebeivoit.de\/cms\/wp-content\/uploads\/2018\/09\/vierzehn2-150x150.jpg\" alt=\"\" width=\"150\" height=\"150\" srcset=\"https:\/\/zuhausebeivoit.de\/cms\/wp-content\/uploads\/2018\/09\/vierzehn2-150x150.jpg 150w, https:\/\/zuhausebeivoit.de\/cms\/wp-content\/uploads\/2018\/09\/vierzehn2-100x100.jpg 100w\" sizes=\"auto, (max-width: 150px) 100vw, 150px\" \/><\/a> <a href=\"http:\/\/zuhausebeivoit.de\/cms\/wp-content\/uploads\/2018\/09\/vierzehn1.jpg\"><img loading=\"lazy\" decoding=\"async\" class=\"alignleft size-thumbnail wp-image-781\" src=\"http:\/\/zuhausebeivoit.de\/cms\/wp-content\/uploads\/2018\/09\/vierzehn1-150x150.jpg\" alt=\"\" width=\"150\" height=\"150\" srcset=\"https:\/\/zuhausebeivoit.de\/cms\/wp-content\/uploads\/2018\/09\/vierzehn1-150x150.jpg 150w, https:\/\/zuhausebeivoit.de\/cms\/wp-content\/uploads\/2018\/09\/vierzehn1-100x100.jpg 100w\" sizes=\"auto, (max-width: 150px) 100vw, 150px\" \/><\/a>Weitere Merkmale sind die kleinen H\u00f6ckerschuppen an der Schwanzwurzel sowie das ungeteilte Postcentralschild, ein langer Schwanz beim m\u00e4nnlichen Tier versehen mit Hornnagel. Es gibt keine konkave Eindellung des Plastrons wie bei hermanni.<\/span><\/p>\n<p><strong><span style=\"font-family: georgia,palatino,serif;\"><a href=\"http:\/\/zuhausebeivoit.de\/cms\/wp-content\/uploads\/2018\/09\/vierzehn4.jpg\"><img loading=\"lazy\" decoding=\"async\" class=\"alignleft size-thumbnail wp-image-784\" src=\"http:\/\/zuhausebeivoit.de\/cms\/wp-content\/uploads\/2018\/09\/vierzehn4-150x150.jpg\" alt=\"\" width=\"150\" height=\"150\" srcset=\"https:\/\/zuhausebeivoit.de\/cms\/wp-content\/uploads\/2018\/09\/vierzehn4-150x150.jpg 150w, https:\/\/zuhausebeivoit.de\/cms\/wp-content\/uploads\/2018\/09\/vierzehn4-100x100.jpg 100w\" sizes=\"auto, (max-width: 150px) 100vw, 150px\" \/><\/a> <a href=\"http:\/\/zuhausebeivoit.de\/cms\/wp-content\/uploads\/2018\/09\/vierzehn3.jpg\"><img loading=\"lazy\" decoding=\"async\" class=\"alignleft size-thumbnail wp-image-783\" src=\"http:\/\/zuhausebeivoit.de\/cms\/wp-content\/uploads\/2018\/09\/vierzehn3-150x150.jpg\" alt=\"\" width=\"150\" height=\"150\" srcset=\"https:\/\/zuhausebeivoit.de\/cms\/wp-content\/uploads\/2018\/09\/vierzehn3-150x150.jpg 150w, https:\/\/zuhausebeivoit.de\/cms\/wp-content\/uploads\/2018\/09\/vierzehn3-100x100.jpg 100w\" sizes=\"auto, (max-width: 150px) 100vw, 150px\" \/><\/a> <a href=\"http:\/\/zuhausebeivoit.de\/cms\/wp-content\/uploads\/2018\/09\/vierzehn6.jpg\"><img loading=\"lazy\" decoding=\"async\" class=\"alignleft size-thumbnail wp-image-786\" src=\"http:\/\/zuhausebeivoit.de\/cms\/wp-content\/uploads\/2018\/09\/vierzehn6-150x150.jpg\" alt=\"\" width=\"150\" height=\"150\" srcset=\"https:\/\/zuhausebeivoit.de\/cms\/wp-content\/uploads\/2018\/09\/vierzehn6-150x150.jpg 150w, https:\/\/zuhausebeivoit.de\/cms\/wp-content\/uploads\/2018\/09\/vierzehn6-100x100.jpg 100w\" sizes=\"auto, (max-width: 150px) 100vw, 150px\" \/><\/a>\u00a0\u00a0\u00a0\u00a0\u00a0\u00a0\u00a0\u00a0\u00a0\u00a0\u00a0\u00a0\u00a0\u00a0\u00a0\u00a0\u00a0\u00a0\u00a0\u00a0\u00a0\u00a0\u00a0\u00a0\u00a0\u00a0\u00a0\u00a0\u00a0\u00a0\u00a0 <span style=\"font-family: arial,helvetica,sans-serif; font-size: 10pt;\">Verbreitung:<\/span><\/span><\/strong><br \/>\n<span style=\"font-family: georgia,palatino,serif;\">Steppen ehemalige UdSSR, Iran, Afghanistan. Die Tiere k\u00f6nnen sehr gut graben. Damit sch\u00fctzen sie sich vor dem Austrocknen. Vierzehen-Steppenschildkr\u00f6ten ziehen sich in eine Sommerruhe zur\u00fcck.<\/span><\/p>\n<p>&nbsp;<\/p>\n<p><span style=\"color: #000000; font-family: georgia,palatino,serif;\"><a href=\"http:\/\/zuhausebeivoit.de\/cms\/wp-content\/uploads\/2018\/09\/vierzehn5.jpg\"><img loading=\"lazy\" decoding=\"async\" class=\"alignleft size-thumbnail wp-image-785\" src=\"http:\/\/zuhausebeivoit.de\/cms\/wp-content\/uploads\/2018\/09\/vierzehn5-150x150.jpg\" alt=\"\" width=\"150\" height=\"150\" srcset=\"https:\/\/zuhausebeivoit.de\/cms\/wp-content\/uploads\/2018\/09\/vierzehn5-150x150.jpg 150w, https:\/\/zuhausebeivoit.de\/cms\/wp-content\/uploads\/2018\/09\/vierzehn5-100x100.jpg 100w\" sizes=\"auto, (max-width: 150px) 100vw, 150px\" \/><\/a>Die Haltung, F\u00fctterung und \u00dcberwinterung erfolgte in \u00e4hnlicher Form wie bei hermanni und graeca. Hier wurde aber insbesondere vor der Winterruhe Heu angeboten, welches sie sehr gern annahmen.<\/span><span style=\"color: #000000; font-family: georgia,palatino,serif;\">\u00a0<\/span><span style=\"color: #000000; font-family: georgia,palatino,serif;\">Die Tiere wurden jeweils in Zweiergruppen im Au\u00dfen- und Innengehege gehalten (Au\u00dfengehege: ca. 6 Quadratmeter ,Innengehege : ca.1,5 Quadratmeter gro\u00df). Von der Beschaffenheit der Gehege gab es keine Unterschiede zu dem von hermanni. Auch hier wurden Kaltlichtstrahler, Reflektorlampen sowie W\u00e4rmestrahler und handels\u00fcbliche W\u00e4rmesteine eingesetzt. Heizung und Beleuchtung wurden ebenfalls \u00fcber Zeitschaltung gesteuert.<\/span><\/p>\n<p><span style=\"color: #000000; font-family: Calibri;\">\u00a0<\/span><\/p>\n<p>&nbsp;<\/p>\n","protected":false},"excerpt":{"rendered":"<p>Landschilkr\u00f6ten\u00a0\u00a0\u00a0\u00a0\u00a0\u00a0\u00a0\u00a0\u00a0\u00a0\u00a0\u00a0\u00a0\u00a0\u00a0\u00a0\u00a0\u00a0\u00a0\u00a0 1991-2010 die Vierzehenschildkr\u00f6te-Testudo horsfieldii Die Vierzehen-Steppenschildkr\u00f6te wird bis 28cm gro\u00df und wiegt bis 2kg. Die M\u00e4nnchen sind deutlich kleiner. Die Tiere besitzen einen ovalen fast runden K\u00f6rper, der abgeflacht ist. Auffallend sind die kr\u00e4ftigen grob beschuppten Vorderextremit\u00e4ten. Im Gegensatz zu den Hinterf\u00fc\u00dfen haben die Vorderf\u00fc\u00dfe 4 Krallen. Daher der Name! &nbsp; Weitere Merkmale sind &hellip; <\/p>\n<p class=\"link-more\"><a href=\"https:\/\/zuhausebeivoit.de\/cms\/?page_id=774\" class=\"more-link\"><span class=\"screen-reader-text\">\u201eTestudo horsfieldii\u201c<\/span> weiterlesen<\/a><\/p>\n","protected":false},"author":1,"featured_media":0,"parent":0,"menu_order":0,"comment_status":"closed","ping_status":"closed","template":"","meta":{"footnotes":""},"class_list":["post-774","page","type-page","status-publish","hentry"],"_links":{"self":[{"href":"https:\/\/zuhausebeivoit.de\/cms\/index.php?rest_route=\/wp\/v2\/pages\/774","targetHints":{"allow":["GET"]}}],"collection":[{"href":"https:\/\/zuhausebeivoit.de\/cms\/index.php?rest_route=\/wp\/v2\/pages"}],"about":[{"href":"https:\/\/zuhausebeivoit.de\/cms\/index.php?rest_route=\/wp\/v2\/types\/page"}],"author":[{"embeddable":true,"href":"https:\/\/zuhausebeivoit.de\/cms\/index.php?rest_route=\/wp\/v2\/users\/1"}],"replies":[{"embeddable":true,"href":"https:\/\/zuhausebeivoit.de\/cms\/index.php?rest_route=%2Fwp%2Fv2%2Fcomments&post=774"}],"version-history":[{"count":10,"href":"https:\/\/zuhausebeivoit.de\/cms\/index.php?rest_route=\/wp\/v2\/pages\/774\/revisions"}],"predecessor-version":[{"id":853,"href":"https:\/\/zuhausebeivoit.de\/cms\/index.php?rest_route=\/wp\/v2\/pages\/774\/revisions\/853"}],"wp:attachment":[{"href":"https:\/\/zuhausebeivoit.de\/cms\/index.php?rest_route=%2Fwp%2Fv2%2Fmedia&parent=774"}],"curies":[{"name":"wp","href":"https:\/\/api.w.org\/{rel}","templated":true}]}}