{"id":721,"date":"2018-09-10T10:22:13","date_gmt":"2018-09-10T08:22:13","guid":{"rendered":"http:\/\/zuhausebeivoit.de\/cms\/?page_id=721"},"modified":"2018-09-11T11:11:16","modified_gmt":"2018-09-11T09:11:16","slug":"brunos-kinderstube","status":"publish","type":"page","link":"https:\/\/zuhausebeivoit.de\/cms\/?page_id=721","title":{"rendered":"Brunos Kinderstube"},"content":{"rendered":"<p><span style=\"color: #0000ff; font-family: georgia,palatino,serif; font-size: 18pt;\">Bruno&#8217;s Kinderstube<\/span><br \/>\n<span style=\"color: #000000; font-family: Calibri;\"><span style=\"font-family: georgia,palatino,serif;\">Seine Kinderstube in den ersten 9 Wochen erlebte er nach der Geburt am <strong>20.08.2007 in Gollenberg \/ OT St\u00f6lln (Brandenburg)<\/strong> gemeinsam mit einem R\u00fcden und sechs Hundedamen.<\/span> <\/span><\/p>\n<figure id=\"attachment_737\" aria-describedby=\"caption-attachment-737\" style=\"width: 150px\" class=\"wp-caption alignleft\"><a href=\"http:\/\/zuhausebeivoit.de\/cms\/wp-content\/uploads\/2018\/09\/kinderstube_04.jpg\"><img loading=\"lazy\" decoding=\"async\" class=\"size-thumbnail wp-image-737\" src=\"http:\/\/zuhausebeivoit.de\/cms\/wp-content\/uploads\/2018\/09\/kinderstube_04-150x150.jpg\" alt=\"\" width=\"150\" height=\"150\" srcset=\"https:\/\/zuhausebeivoit.de\/cms\/wp-content\/uploads\/2018\/09\/kinderstube_04-150x150.jpg 150w, https:\/\/zuhausebeivoit.de\/cms\/wp-content\/uploads\/2018\/09\/kinderstube_04-100x100.jpg 100w\" sizes=\"auto, (max-width: 150px) 100vw, 150px\" \/><\/a><figcaption id=\"caption-attachment-737\" class=\"wp-caption-text\"><span style=\"color: #000000;\">Familie Ostwald gab sich aller Gr\u00f6\u00dfte M\u00fche<\/span><\/figcaption><\/figure>\n<figure id=\"attachment_737\" aria-describedby=\"caption-attachment-737\" style=\"width: 150px\" class=\"wp-caption alignleft\"><a href=\"http:\/\/zuhausebeivoit.de\/cms\/wp-content\/uploads\/2018\/09\/kinderstube_04.jpg\"><img loading=\"lazy\" decoding=\"async\" class=\"size-thumbnail wp-image-737\" src=\"http:\/\/zuhausebeivoit.de\/cms\/wp-content\/uploads\/2018\/09\/kinderstube_04-150x150.jpg\" alt=\"\" width=\"150\" height=\"150\" srcset=\"https:\/\/zuhausebeivoit.de\/cms\/wp-content\/uploads\/2018\/09\/kinderstube_04-150x150.jpg 150w, https:\/\/zuhausebeivoit.de\/cms\/wp-content\/uploads\/2018\/09\/kinderstube_04-100x100.jpg 100w\" sizes=\"auto, (max-width: 150px) 100vw, 150px\" \/><\/a><figcaption id=\"caption-attachment-737\" class=\"wp-caption-text\">Familie Ostwald gab sich allergr\u00f6\u00dfte M\u00fche<\/figcaption><\/figure>\n<figure id=\"attachment_736\" aria-describedby=\"caption-attachment-736\" style=\"width: 150px\" class=\"wp-caption alignleft\"><a href=\"http:\/\/zuhausebeivoit.de\/cms\/wp-content\/uploads\/2018\/09\/kinderstube_03.jpg\"><img loading=\"lazy\" decoding=\"async\" class=\"size-thumbnail wp-image-736\" src=\"http:\/\/zuhausebeivoit.de\/cms\/wp-content\/uploads\/2018\/09\/kinderstube_03-150x150.jpg\" alt=\"\" width=\"150\" height=\"150\" srcset=\"https:\/\/zuhausebeivoit.de\/cms\/wp-content\/uploads\/2018\/09\/kinderstube_03-150x150.jpg 150w, https:\/\/zuhausebeivoit.de\/cms\/wp-content\/uploads\/2018\/09\/kinderstube_03-100x100.jpg 100w\" sizes=\"auto, (max-width: 150px) 100vw, 150px\" \/><\/a><figcaption id=\"caption-attachment-736\" class=\"wp-caption-text\">es den kleinen Rackern an nichts fehlen zu lassen.<\/figcaption><\/figure>\n<p>&nbsp;<\/p>\n<p>&nbsp;<\/p>\n<p>&nbsp;<\/p>\n<p>&nbsp;<\/p>\n<p>&nbsp;<\/p>\n<figure id=\"attachment_734\" aria-describedby=\"caption-attachment-734\" style=\"width: 150px\" class=\"wp-caption alignleft\"><a href=\"http:\/\/zuhausebeivoit.de\/cms\/wp-content\/uploads\/2018\/09\/kinderstube_01.jpg\"><img loading=\"lazy\" decoding=\"async\" class=\"size-thumbnail wp-image-734\" src=\"http:\/\/zuhausebeivoit.de\/cms\/wp-content\/uploads\/2018\/09\/kinderstube_01-150x150.jpg\" alt=\"\" width=\"150\" height=\"150\" srcset=\"https:\/\/zuhausebeivoit.de\/cms\/wp-content\/uploads\/2018\/09\/kinderstube_01-150x150.jpg 150w, https:\/\/zuhausebeivoit.de\/cms\/wp-content\/uploads\/2018\/09\/kinderstube_01-100x100.jpg 100w\" sizes=\"auto, (max-width: 150px) 100vw, 150px\" \/><\/a><figcaption id=\"caption-attachment-734\" class=\"wp-caption-text\"><span style=\"color: #000000;\">Mal sehen, wer der schnellste ist ?<\/span><\/figcaption><\/figure>\n<figure id=\"attachment_738\" aria-describedby=\"caption-attachment-738\" style=\"width: 150px\" class=\"wp-caption alignleft\"><a href=\"http:\/\/zuhausebeivoit.de\/cms\/wp-content\/uploads\/2018\/09\/kinderstube_05.jpg\"><img loading=\"lazy\" decoding=\"async\" class=\"size-thumbnail wp-image-738\" src=\"http:\/\/zuhausebeivoit.de\/cms\/wp-content\/uploads\/2018\/09\/kinderstube_05-150x150.jpg\" alt=\"\" width=\"150\" height=\"150\" srcset=\"https:\/\/zuhausebeivoit.de\/cms\/wp-content\/uploads\/2018\/09\/kinderstube_05-150x150.jpg 150w, https:\/\/zuhausebeivoit.de\/cms\/wp-content\/uploads\/2018\/09\/kinderstube_05-100x100.jpg 100w\" sizes=\"auto, (max-width: 150px) 100vw, 150px\" \/><\/a><figcaption id=\"caption-attachment-738\" class=\"wp-caption-text\"><span style=\"color: #000000;\">Familie Ostwald er\u00f6ffnete uns die M\u00f6glichkeit, Bruno in ihrem Garten zu besuchen, um uns gegenseitig kennenzulernen<\/span><\/figcaption><\/figure>\n<figure id=\"attachment_739\" aria-describedby=\"caption-attachment-739\" style=\"width: 150px\" class=\"wp-caption alignleft\"><a href=\"http:\/\/zuhausebeivoit.de\/cms\/wp-content\/uploads\/2018\/09\/kinderstube_06.jpg\"><img loading=\"lazy\" decoding=\"async\" class=\"size-thumbnail wp-image-739\" src=\"http:\/\/zuhausebeivoit.de\/cms\/wp-content\/uploads\/2018\/09\/kinderstube_06-150x150.jpg\" alt=\"\" width=\"150\" height=\"150\" srcset=\"https:\/\/zuhausebeivoit.de\/cms\/wp-content\/uploads\/2018\/09\/kinderstube_06-150x150.jpg 150w, https:\/\/zuhausebeivoit.de\/cms\/wp-content\/uploads\/2018\/09\/kinderstube_06-100x100.jpg 100w\" sizes=\"auto, (max-width: 150px) 100vw, 150px\" \/><\/a><figcaption id=\"caption-attachment-739\" class=\"wp-caption-text\"><span style=\"color: #000000;\">und ihm eine Decke mit unserem Geruch zu geben, was sehr erleichternd f\u00fcr die sp\u00e4tere Umgew\u00f6hnung gewesen ist.<\/span><\/figcaption><\/figure>\n<p>&nbsp;<\/p>\n<p>&nbsp;<\/p>\n<p>&nbsp;<\/p>\n<p>&nbsp;<\/p>\n<p>&nbsp;<\/p>\n<p>&nbsp;<\/p>\n<p>&nbsp;<\/p>\n<p>&nbsp;<\/p>\n<figure id=\"attachment_741\" aria-describedby=\"caption-attachment-741\" style=\"width: 150px\" class=\"wp-caption alignleft\"><a href=\"http:\/\/zuhausebeivoit.de\/cms\/wp-content\/uploads\/2018\/09\/kinderstube_08.jpg\"><img loading=\"lazy\" decoding=\"async\" class=\"size-thumbnail wp-image-741\" src=\"http:\/\/zuhausebeivoit.de\/cms\/wp-content\/uploads\/2018\/09\/kinderstube_08-150x150.jpg\" alt=\"\" width=\"150\" height=\"150\" srcset=\"https:\/\/zuhausebeivoit.de\/cms\/wp-content\/uploads\/2018\/09\/kinderstube_08-150x150.jpg 150w, https:\/\/zuhausebeivoit.de\/cms\/wp-content\/uploads\/2018\/09\/kinderstube_08-100x100.jpg 100w\" sizes=\"auto, (max-width: 150px) 100vw, 150px\" \/><\/a><figcaption id=\"caption-attachment-741\" class=\"wp-caption-text\"><span style=\"color: #000000;\">Wir lernten an diesem Tag nicht nur seine Geschwister,<\/span><\/figcaption><\/figure>\n<figure id=\"attachment_905\" aria-describedby=\"caption-attachment-905\" style=\"width: 150px\" class=\"wp-caption alignleft\"><a href=\"http:\/\/zuhausebeivoit.de\/cms\/wp-content\/uploads\/2018\/09\/kinderstube_07-1.jpg\"><img loading=\"lazy\" decoding=\"async\" class=\"size-thumbnail wp-image-905\" src=\"http:\/\/zuhausebeivoit.de\/cms\/wp-content\/uploads\/2018\/09\/kinderstube_07-1-150x150.jpg\" alt=\"\" width=\"150\" height=\"150\" srcset=\"https:\/\/zuhausebeivoit.de\/cms\/wp-content\/uploads\/2018\/09\/kinderstube_07-1-150x150.jpg 150w, https:\/\/zuhausebeivoit.de\/cms\/wp-content\/uploads\/2018\/09\/kinderstube_07-1-100x100.jpg 100w\" sizes=\"auto, (max-width: 150px) 100vw, 150px\" \/><\/a><figcaption id=\"caption-attachment-905\" class=\"wp-caption-text\"><span style=\"color: #000000;\">sondern auch seinen Vater.<\/span><\/figcaption><\/figure>\n<table style=\"width: 20.51%; height: 39px; border-collapse: collapse;\" border=\"0\">\n<tbody>\n<tr>\n<td style=\"width: 100%;\">\n<p style=\"text-align: center;\"><span style=\"color: #0000ff;\">Daf\u00fcr<\/span><\/p>\n<p style=\"text-align: center;\"><span style=\"color: #0000ff;\">sagen wir<\/span><\/p>\n<p style=\"text-align: center;\"><span style=\"color: #0000ff;\">Dankesch\u00f6n !<\/span><\/p>\n<\/td>\n<\/tr>\n<\/tbody>\n<\/table>\n<p>&nbsp;<\/p>\n","protected":false},"excerpt":{"rendered":"<p>Bruno&#8217;s Kinderstube Seine Kinderstube in den ersten 9 Wochen erlebte er nach der Geburt am 20.08.2007 in Gollenberg \/ OT St\u00f6lln (Brandenburg) gemeinsam mit einem R\u00fcden und sechs Hundedamen. &nbsp; &nbsp; &nbsp; &nbsp; &nbsp; &nbsp; &nbsp; &nbsp; &nbsp; &nbsp; &nbsp; &nbsp; &nbsp; Daf\u00fcr sagen wir Dankesch\u00f6n ! &nbsp;<\/p>\n","protected":false},"author":1,"featured_media":0,"parent":0,"menu_order":0,"comment_status":"closed","ping_status":"closed","template":"","meta":{"footnotes":""},"class_list":["post-721","page","type-page","status-publish","hentry"],"_links":{"self":[{"href":"https:\/\/zuhausebeivoit.de\/cms\/index.php?rest_route=\/wp\/v2\/pages\/721","targetHints":{"allow":["GET"]}}],"collection":[{"href":"https:\/\/zuhausebeivoit.de\/cms\/index.php?rest_route=\/wp\/v2\/pages"}],"about":[{"href":"https:\/\/zuhausebeivoit.de\/cms\/index.php?rest_route=\/wp\/v2\/types\/page"}],"author":[{"embeddable":true,"href":"https:\/\/zuhausebeivoit.de\/cms\/index.php?rest_route=\/wp\/v2\/users\/1"}],"replies":[{"embeddable":true,"href":"https:\/\/zuhausebeivoit.de\/cms\/index.php?rest_route=%2Fwp%2Fv2%2Fcomments&post=721"}],"version-history":[{"count":28,"href":"https:\/\/zuhausebeivoit.de\/cms\/index.php?rest_route=\/wp\/v2\/pages\/721\/revisions"}],"predecessor-version":[{"id":964,"href":"https:\/\/zuhausebeivoit.de\/cms\/index.php?rest_route=\/wp\/v2\/pages\/721\/revisions\/964"}],"wp:attachment":[{"href":"https:\/\/zuhausebeivoit.de\/cms\/index.php?rest_route=%2Fwp%2Fv2%2Fmedia&parent=721"}],"curies":[{"name":"wp","href":"https:\/\/api.w.org\/{rel}","templated":true}]}}