{"id":439,"date":"2018-09-07T12:01:40","date_gmt":"2018-09-07T10:01:40","guid":{"rendered":"http:\/\/zuhausebeivoit.de\/cms\/?page_id=439"},"modified":"2018-09-21T22:26:40","modified_gmt":"2018-09-21T20:26:40","slug":"anolis","status":"publish","type":"page","link":"https:\/\/zuhausebeivoit.de\/cms\/?page_id=439","title":{"rendered":"Anolis"},"content":{"rendered":"<p><strong><span style=\"color: #0000ff; font-family: georgia,palatino,serif; font-size: 18pt;\">Steckbrief:\u00a0\u00a0\u00a0\u00a0\u00a0\u00a0\u00a0 Anolis<\/span><\/strong><br \/>\n<span style=\"color: #000000; font-family: georgia,palatino,serif;\">kleine bis mittelgro\u00dfe Echsen,<\/span><br \/>\n<span style=\"color: #000000; font-family: georgia,palatino,serif;\"><strong>Vorkommen:<\/strong> S\u00fcdosten und S\u00fcden der USA, Mittelamerika, S\u00fcdamerika, Mexiko, Karibik<\/span><br \/>\n<span style=\"color: #000000; font-family: georgia,palatino,serif;\">\u00a0\u00a0\u00a0\u00a0\u00a0\u00a0\u00a0\u00a0\u00a0\u00a0\u00a0\u00a0\u00a0\u00a0\u00a0\u00a0\u00a0\u00a0\u00a0\u00a0\u00a0\u00a0\u00a0\u00a0\u00a0\u00a0\u00a0\u00a0\u00a0\u00a0\u00a0\u00a0\u00a0\u00a0\u00a0\u00a0\u00a0\u00a0\u00a0\u00a0\u00a0\u00a0\u00a0\u00a0\u00a0\u00a0\u00a0\u00a0\u00a0\u00a0\u00a0\u00a0\u00a0\u00a0\u00a0\u00a0\u00a0\u00a0\u00a0\u00a0\u00a0\u00a0\u00a0\u00a0\u00a0\u00a0\u00a0\u00a0\u00a0 <strong>und\u00a0 <span style=\"color: #0000ff; font-size: 18pt;\">bei Familie Voit<\/span><\/strong><\/span><br \/>\n<span style=\"color: #000000; font-family: georgia,palatino,serif;\">schlanker K\u00f6rper, oft 60% der K\u00f6rperl\u00e4nge Schwanz<\/span><br \/>\n<span style=\"color: #000000; font-family: georgia,palatino,serif;\">Kehlfahne zur Werbung bei der Paarung und um Kontrahenten zu beeindrucken, durch Abspreizen ihres Zungenbeines aufzustellen<\/span><br \/>\n<span style=\"color: #000000; font-family: georgia,palatino,serif;\">viele sind wie Cham\u00e4leons in der Lage, ihre Farbe zu \u00e4ndern.<\/span><br \/>\n<span style=\"color: #000000; font-family: georgia,palatino,serif;\">lange und d\u00fcnne Zehen mit Krallen zur Bewegung \u00e4hnlich wie Geckos &#8222;Haftsohlen&#8220; unter den Zehen, die durch eine extrem vergr\u00f6\u00dferte Oberfl\u00e4che ein Anhaften selbst an glatten Oberfl\u00e4chen erm\u00f6glichen<\/span><br \/>\n<span style=\"color: #000000; font-family: georgia,palatino,serif;\"><strong>Mit diesen Merkmalen erscheinen sie wie eine Kreuzung zwischen Leguanen, Cham\u00e4leons und Geckos.<\/strong> <\/span><\/p>\n<p><a href=\"http:\/\/zuhausebeivoit.de\/cms\/wp-content\/uploads\/2018\/09\/18.jpg\"><img loading=\"lazy\" decoding=\"async\" class=\"alignleft size-thumbnail wp-image-1360\" src=\"http:\/\/zuhausebeivoit.de\/cms\/wp-content\/uploads\/2018\/09\/18-150x150.jpg\" alt=\"\" width=\"150\" height=\"150\" srcset=\"https:\/\/zuhausebeivoit.de\/cms\/wp-content\/uploads\/2018\/09\/18-150x150.jpg 150w, https:\/\/zuhausebeivoit.de\/cms\/wp-content\/uploads\/2018\/09\/18-100x100.jpg 100w\" sizes=\"auto, (max-width: 150px) 100vw, 150px\" \/><\/a><\/p>\n<p><a href=\"http:\/\/zuhausebeivoit.de\/cms\/wp-content\/uploads\/2018\/09\/7.jpg\"><img loading=\"lazy\" decoding=\"async\" class=\"alignleft size-thumbnail wp-image-1361\" src=\"http:\/\/zuhausebeivoit.de\/cms\/wp-content\/uploads\/2018\/09\/7-150x150.jpg\" alt=\"\" width=\"150\" height=\"150\" srcset=\"https:\/\/zuhausebeivoit.de\/cms\/wp-content\/uploads\/2018\/09\/7-150x150.jpg 150w, https:\/\/zuhausebeivoit.de\/cms\/wp-content\/uploads\/2018\/09\/7-100x100.jpg 100w\" sizes=\"auto, (max-width: 150px) 100vw, 150px\" \/><\/a><\/p>\n<p><a href=\"http:\/\/zuhausebeivoit.de\/cms\/wp-content\/uploads\/2018\/09\/5.jpg\"><img loading=\"lazy\" decoding=\"async\" class=\"alignleft size-thumbnail wp-image-1364\" src=\"http:\/\/zuhausebeivoit.de\/cms\/wp-content\/uploads\/2018\/09\/5-150x150.jpg\" alt=\"\" width=\"150\" height=\"150\" srcset=\"https:\/\/zuhausebeivoit.de\/cms\/wp-content\/uploads\/2018\/09\/5-150x150.jpg 150w, https:\/\/zuhausebeivoit.de\/cms\/wp-content\/uploads\/2018\/09\/5-100x100.jpg 100w\" sizes=\"auto, (max-width: 150px) 100vw, 150px\" \/><\/a><\/p>\n<p>&nbsp;<\/p>\n<p><span style=\"color: #000000;\">Nicht nur wegen einem<strong> freien Platz<\/strong> in der <strong>Schrankwand,<\/strong><\/span><br \/>\n<span style=\"color: #000000;\"><strong>nein<\/strong> auch um mir eine <strong>Freude zum Geburtstag<\/strong> zu machen schenkte<\/span><br \/>\n<span style=\"color: #000000;\">mir meine Familie <strong>2008<\/strong> ein <strong><span style=\"color: #0000ff;\">Terrarium mit einem Anolis garmani-M\u00e4nnchen<\/span><\/strong><\/span>.<br \/>\n<strong><span style=\"color: #0000ff; font-family: georgia,palatino,serif;\">Jamaica-Anolis (Alter 2,5 Jahre)<\/span><\/strong><br \/>\n<span style=\"color: #000000;\"><strong>Smaragdgr\u00fcne<\/strong> Tiere (Unterseite wesentlich heller, fast wei\u00df)<\/span><br \/>\n<span style=\"color: #000000;\"><strong>gro\u00dfe, kr\u00e4ftige<\/strong> Art mit <strong>massigem Kopf<\/strong><\/span><br \/>\n<span style=\"color: #000000;\"><strong>M\u00e4nnchen<\/strong> haben <strong>ausgepr\u00e4gten Schuppenkamm<\/strong><\/span><br \/>\n<span style=\"color: #000000;\"><strong>Weibchen<\/strong> nur schwach und <strong>weniger kr\u00e4ftiger K\u00f6rper<\/strong><\/span><br \/>\n<span style=\"color: #000000;\"><strong><span style=\"color: #0000ff;\">Braune bis schwarze F\u00e4rbung \u00a0in Stresssituationen<\/span><\/strong><\/span><br \/>\n<span style=\"color: #000000;\"><strong>Leben<\/strong> ausschlie\u00dflich auf <strong>B\u00e4umen<\/strong><\/span><br \/>\nWeibchen <strong>verlassen<\/strong> die B\u00e4ume zur <strong>Eiablage<\/strong><br \/>\n<span style=\"font-family: georgia,palatino,serif; font-size: 14pt;\"><strong><span style=\"color: #0000ff;\">M\u00e4nnchen bis zu 35 cm Weibchen 26 cm und deutlich kleiner<\/span><\/strong><\/span><br \/>\n<span style=\"font-family: georgia,palatino,serif; font-size: 14pt;\"><strong><span style=\"color: #0000ff;\">Schwanzl\u00e4nge rund 2\/3 der Gesamtl\u00e4nge Regelm\u00e4\u00dfige H\u00e4utungen \u2013Haut wird verzehrt<\/span><\/strong><\/span><br \/>\n<span style=\"color: #000000; font-family: georgia,palatino,serif;\">sehr gut ausgebildete Augen mit gelbliche Augenringen \u2013Bewegung kann unabh\u00e4ngig voneinander (wie Cham\u00e4leons)erfolgen<\/span><br \/>\n<span style=\"color: #000000; font-family: georgia,palatino,serif; font-size: 14pt;\">Ohren\u00f6ffnungen weit hinten am Kopf.<\/span><\/p>\n<p><a href=\"http:\/\/zuhausebeivoit.de\/cms\/wp-content\/uploads\/2018\/09\/1.jpg\"><img loading=\"lazy\" decoding=\"async\" class=\"alignleft size-thumbnail wp-image-1371\" src=\"http:\/\/zuhausebeivoit.de\/cms\/wp-content\/uploads\/2018\/09\/1-150x150.jpg\" alt=\"\" width=\"150\" height=\"150\" srcset=\"https:\/\/zuhausebeivoit.de\/cms\/wp-content\/uploads\/2018\/09\/1-150x150.jpg 150w, https:\/\/zuhausebeivoit.de\/cms\/wp-content\/uploads\/2018\/09\/1-100x100.jpg 100w\" sizes=\"auto, (max-width: 150px) 100vw, 150px\" \/><\/a><\/p>\n<p><a href=\"http:\/\/zuhausebeivoit.de\/cms\/wp-content\/uploads\/2018\/09\/2.jpg\"><img loading=\"lazy\" decoding=\"async\" class=\"alignleft size-thumbnail wp-image-1372\" src=\"http:\/\/zuhausebeivoit.de\/cms\/wp-content\/uploads\/2018\/09\/2-150x150.jpg\" alt=\"\" width=\"150\" height=\"150\" srcset=\"https:\/\/zuhausebeivoit.de\/cms\/wp-content\/uploads\/2018\/09\/2-150x150.jpg 150w, https:\/\/zuhausebeivoit.de\/cms\/wp-content\/uploads\/2018\/09\/2-100x100.jpg 100w\" sizes=\"auto, (max-width: 150px) 100vw, 150px\" \/><\/a><a href=\"http:\/\/zuhausebeivoit.de\/cms\/wp-content\/uploads\/2018\/09\/6.jpg\"><img loading=\"lazy\" decoding=\"async\" class=\"alignleft size-thumbnail wp-image-1374\" src=\"http:\/\/zuhausebeivoit.de\/cms\/wp-content\/uploads\/2018\/09\/6-150x150.jpg\" alt=\"\" width=\"150\" height=\"150\" srcset=\"https:\/\/zuhausebeivoit.de\/cms\/wp-content\/uploads\/2018\/09\/6-150x150.jpg 150w, https:\/\/zuhausebeivoit.de\/cms\/wp-content\/uploads\/2018\/09\/6-100x100.jpg 100w\" sizes=\"auto, (max-width: 150px) 100vw, 150px\" \/><\/a><\/p>\n<p>&nbsp;<\/p>\n<p><span style=\"color: #000000; font-family: georgia,palatino,serif;\">M\u00e4nnchen verteidigen ihr Revier energisch mit Drohgeb\u00e4rden<\/span><br \/>\n<span style=\"color: #000000; font-family: georgia,palatino,serif;\"> z.B.mit Aufstellen einer gelblichen Kehlfahne.<\/span><br \/>\n<span style=\"color: #000000;\"><strong>Vorkommen:<\/strong>\u00a0 <span style=\"color: #0000ff; font-family: georgia,palatino,serif;\">Baumwipfel der Bergw\u00e4lder Karibikinsel bis Jamaika<\/span><\/span><\/p>\n<p><span style=\"color: #0000ff; font-family: georgia,palatino,serif; font-size: 14pt;\">Die Weibchen wurden ca. 7 und 7,5\u00a0Jahre alt und verstarben 2015.<\/span><br \/>\n<span style=\"color: #0000ff; font-family: georgia,palatino,serif; font-size: 14pt;\">Das M\u00e4nnchen lebte bis 08\/2018 und wurde ca. 12,5 Jahre alt.<\/span><br \/>\n<span style=\"color: #0000ff; font-family: georgia,palatino,serif; font-size: 14pt;\">Nachgezogen wurden 13 Tiere .(Geschlecht unbekannt da beim <\/span><br \/>\n<span style=\"color: #0000ff; font-family: georgia,palatino,serif; font-size: 14pt;\">Verschenken zu jung)<\/span><\/p>\n","protected":false},"excerpt":{"rendered":"<p>Steckbrief:\u00a0\u00a0\u00a0\u00a0\u00a0\u00a0\u00a0 Anolis kleine bis mittelgro\u00dfe Echsen, Vorkommen: S\u00fcdosten und S\u00fcden der USA, Mittelamerika, S\u00fcdamerika, Mexiko, Karibik \u00a0\u00a0\u00a0\u00a0\u00a0\u00a0\u00a0\u00a0\u00a0\u00a0\u00a0\u00a0\u00a0\u00a0\u00a0\u00a0\u00a0\u00a0\u00a0\u00a0\u00a0\u00a0\u00a0\u00a0\u00a0\u00a0\u00a0\u00a0\u00a0\u00a0\u00a0\u00a0\u00a0\u00a0\u00a0\u00a0\u00a0\u00a0\u00a0\u00a0\u00a0\u00a0\u00a0\u00a0\u00a0\u00a0\u00a0\u00a0\u00a0\u00a0\u00a0\u00a0\u00a0\u00a0\u00a0\u00a0\u00a0\u00a0\u00a0\u00a0\u00a0\u00a0\u00a0\u00a0\u00a0\u00a0\u00a0\u00a0\u00a0 und\u00a0 bei Familie Voit schlanker K\u00f6rper, oft 60% der K\u00f6rperl\u00e4nge Schwanz Kehlfahne zur Werbung bei der Paarung und um Kontrahenten zu beeindrucken, durch Abspreizen ihres Zungenbeines aufzustellen viele sind wie Cham\u00e4leons in der Lage, ihre Farbe zu \u00e4ndern. &hellip; <\/p>\n<p class=\"link-more\"><a href=\"https:\/\/zuhausebeivoit.de\/cms\/?page_id=439\" class=\"more-link\"><span class=\"screen-reader-text\">\u201eAnolis\u201c<\/span> weiterlesen<\/a><\/p>\n","protected":false},"author":1,"featured_media":0,"parent":0,"menu_order":0,"comment_status":"closed","ping_status":"closed","template":"","meta":{"footnotes":""},"class_list":["post-439","page","type-page","status-publish","hentry"],"_links":{"self":[{"href":"https:\/\/zuhausebeivoit.de\/cms\/index.php?rest_route=\/wp\/v2\/pages\/439","targetHints":{"allow":["GET"]}}],"collection":[{"href":"https:\/\/zuhausebeivoit.de\/cms\/index.php?rest_route=\/wp\/v2\/pages"}],"about":[{"href":"https:\/\/zuhausebeivoit.de\/cms\/index.php?rest_route=\/wp\/v2\/types\/page"}],"author":[{"embeddable":true,"href":"https:\/\/zuhausebeivoit.de\/cms\/index.php?rest_route=\/wp\/v2\/users\/1"}],"replies":[{"embeddable":true,"href":"https:\/\/zuhausebeivoit.de\/cms\/index.php?rest_route=%2Fwp%2Fv2%2Fcomments&post=439"}],"version-history":[{"count":13,"href":"https:\/\/zuhausebeivoit.de\/cms\/index.php?rest_route=\/wp\/v2\/pages\/439\/revisions"}],"predecessor-version":[{"id":1432,"href":"https:\/\/zuhausebeivoit.de\/cms\/index.php?rest_route=\/wp\/v2\/pages\/439\/revisions\/1432"}],"wp:attachment":[{"href":"https:\/\/zuhausebeivoit.de\/cms\/index.php?rest_route=%2Fwp%2Fv2%2Fmedia&parent=439"}],"curies":[{"name":"wp","href":"https:\/\/api.w.org\/{rel}","templated":true}]}}