{"id":388,"date":"2018-09-07T09:02:32","date_gmt":"2018-09-07T07:02:32","guid":{"rendered":"http:\/\/zuhausebeivoit.de\/cms\/?page_id=388"},"modified":"2018-09-11T11:43:16","modified_gmt":"2018-09-11T09:43:16","slug":"bilder-ls","status":"publish","type":"page","link":"https:\/\/zuhausebeivoit.de\/cms\/?page_id=388","title":{"rendered":"Testudo graeca"},"content":{"rendered":"<p><span style=\"color: #800000;\"><strong><span style=\"font-family: georgia,palatino,serif; font-size: 18pt;\">Landschilkr\u00f6ten<\/span><\/strong><\/span>\u00a0\u00a0\u00a0\u00a0\u00a0\u00a0\u00a0\u00a0\u00a0\u00a0\u00a0\u00a0\u00a0\u00a0\u00a0\u00a0\u00a0\u00a0\u00a0\u00a0\u00a0\u00a0\u00a0\u00a0\u00a0\u00a0 <strong><span style=\"color: #800000; font-family: Georgia; font-size: x-large;\">1991-2010<\/span><\/strong><br \/>\n<strong><span style=\"font-family: georgia,palatino,serif;\">die \u00a0Maurische LS-<span style=\"color: #000000;\">Testudo graeca<\/span><\/span><\/strong><br \/>\n<span style=\"font-family: georgia,palatino,serif;\">Testudo graeca besitzt ein abgerundetes Schwanzende am ovalen gleichm\u00e4\u00dfig gew\u00f6lbten Panzer und eine ungeteilte Postcentrale. Dar\u00fcber hinaus besitzen die Tiere H\u00f6ckerschuppen an der Schwanzwurzel. Es gibt mehrere Unterarten, oft erkennbar an der Farbe von gelb bis fast schwarz.<\/span><\/p>\n<p><span style=\"font-family: georgia,palatino,serif;\"><span style=\"color: #000000;\"><a href=\"http:\/\/zuhausebeivoit.de\/cms\/wp-content\/uploads\/2018\/09\/maure1.jpg\"><img loading=\"lazy\" decoding=\"async\" class=\"alignleft size-thumbnail wp-image-764\" src=\"http:\/\/zuhausebeivoit.de\/cms\/wp-content\/uploads\/2018\/09\/maure1-150x150.jpg\" alt=\"\" width=\"150\" height=\"150\" srcset=\"https:\/\/zuhausebeivoit.de\/cms\/wp-content\/uploads\/2018\/09\/maure1-150x150.jpg 150w, https:\/\/zuhausebeivoit.de\/cms\/wp-content\/uploads\/2018\/09\/maure1-100x100.jpg 100w\" sizes=\"auto, (max-width: 150px) 100vw, 150px\" \/><\/a> <a href=\"http:\/\/zuhausebeivoit.de\/cms\/wp-content\/uploads\/2018\/09\/maure2.jpg\"><img loading=\"lazy\" decoding=\"async\" class=\"alignleft size-thumbnail wp-image-765\" src=\"http:\/\/zuhausebeivoit.de\/cms\/wp-content\/uploads\/2018\/09\/maure2-150x150.jpg\" alt=\"\" width=\"150\" height=\"150\" srcset=\"https:\/\/zuhausebeivoit.de\/cms\/wp-content\/uploads\/2018\/09\/maure2-150x150.jpg 150w, https:\/\/zuhausebeivoit.de\/cms\/wp-content\/uploads\/2018\/09\/maure2-100x100.jpg 100w\" sizes=\"auto, (max-width: 150px) 100vw, 150px\" \/><\/a>Weibchen werden bis ca.30cm gro\u00df und 5kg schwer.<\/span><span style=\"color: #000000;\">M\u00e4nnliche Tiere bleiben kleiner. Sie haben einen l\u00e4ngeren kr\u00e4ftigen Schwanz, ein stark konkav gew\u00f6lbtes Plastron und ein deutlich nach unten vorn gekr\u00fcmmtes Postcentrales.<\/span><\/span><br \/>\n<span style=\"font-family: georgia,palatino,serif;\"><strong><span style=\"color: #000000;\">Unterarten:<\/span><\/strong><\/span><br \/>\n<span style=\"color: #000000; font-family: georgia,palatino,serif;\">Testudo graeca graeca, Testudo graeca ibera, terrestis, zarndnyi anamurensis<\/span><\/p>\n<p><span style=\"font-family: georgia,palatino,serif;\"><a href=\"http:\/\/zuhausebeivoit.de\/cms\/wp-content\/uploads\/2018\/09\/maure5.jpg\"><img loading=\"lazy\" decoding=\"async\" class=\"alignleft size-thumbnail wp-image-768\" src=\"http:\/\/zuhausebeivoit.de\/cms\/wp-content\/uploads\/2018\/09\/maure5-150x150.jpg\" alt=\"\" width=\"150\" height=\"150\" srcset=\"https:\/\/zuhausebeivoit.de\/cms\/wp-content\/uploads\/2018\/09\/maure5-150x150.jpg 150w, https:\/\/zuhausebeivoit.de\/cms\/wp-content\/uploads\/2018\/09\/maure5-100x100.jpg 100w\" sizes=\"auto, (max-width: 150px) 100vw, 150px\" \/><\/a> <a href=\"http:\/\/zuhausebeivoit.de\/cms\/wp-content\/uploads\/2018\/09\/maure4.jpg\"><img loading=\"lazy\" decoding=\"async\" class=\"alignleft size-thumbnail wp-image-767\" src=\"http:\/\/zuhausebeivoit.de\/cms\/wp-content\/uploads\/2018\/09\/maure4-150x150.jpg\" alt=\"\" width=\"150\" height=\"150\" srcset=\"https:\/\/zuhausebeivoit.de\/cms\/wp-content\/uploads\/2018\/09\/maure4-150x150.jpg 150w, https:\/\/zuhausebeivoit.de\/cms\/wp-content\/uploads\/2018\/09\/maure4-100x100.jpg 100w\" sizes=\"auto, (max-width: 150px) 100vw, 150px\" \/><\/a>Die Haltung und F\u00fctterung erfolgte analog Testudo hermanni, wie auf der Seite &#8222;der Grieche&#8220; beschrieben in Vergesellschaftung mit den beiden Tieren.<\/span><\/p>\n<p><span style=\"color: #800000;\"><strong><span style=\"font-family: georgia,palatino,serif; font-size: 14pt;\"><a href=\"http:\/\/zuhausebeivoit.de\/cms\/wp-content\/uploads\/2018\/09\/maure3.jpg\"><img loading=\"lazy\" decoding=\"async\" class=\"size-medium wp-image-766 alignright\" src=\"http:\/\/zuhausebeivoit.de\/cms\/wp-content\/uploads\/2018\/09\/maure3-300x225.jpg\" alt=\"\" width=\"300\" height=\"225\" srcset=\"https:\/\/zuhausebeivoit.de\/cms\/wp-content\/uploads\/2018\/09\/maure3-300x225.jpg 300w, https:\/\/zuhausebeivoit.de\/cms\/wp-content\/uploads\/2018\/09\/maure3.jpg 400w\" sizes=\"auto, (max-width: 300px) 100vw, 300px\" \/><\/a><\/span><\/strong><\/span><\/p>\n<p><span style=\"color: #800000;\"><strong><span style=\"font-family: georgia,palatino,serif; font-size: 14pt;\">Auch hier\u00a0kam <\/span><\/strong><\/span><\/p>\n<p><span style=\"color: #800000;\"><strong><span style=\"font-family: georgia,palatino,serif; font-size: 14pt;\">die \u00dcberwinterung<\/span><\/strong><\/span><\/p>\n<p><span style=\"color: #800000;\"><strong><span style=\"font-family: georgia,palatino,serif; font-size: 14pt;\"> im K\u00fchlschrank<\/span><\/strong><\/span><\/p>\n<p><span style=\"color: #800000;\"><strong><span style=\"font-family: georgia,palatino,serif; font-size: 14pt;\"> zum Einsatz.<\/span><\/strong><\/span><\/p>\n<p>&nbsp;<\/p>\n","protected":false},"excerpt":{"rendered":"<p>Landschilkr\u00f6ten\u00a0\u00a0\u00a0\u00a0\u00a0\u00a0\u00a0\u00a0\u00a0\u00a0\u00a0\u00a0\u00a0\u00a0\u00a0\u00a0\u00a0\u00a0\u00a0\u00a0\u00a0\u00a0\u00a0\u00a0\u00a0\u00a0 1991-2010 die \u00a0Maurische LS-Testudo graeca Testudo graeca besitzt ein abgerundetes Schwanzende am ovalen gleichm\u00e4\u00dfig gew\u00f6lbten Panzer und eine ungeteilte Postcentrale. Dar\u00fcber hinaus besitzen die Tiere H\u00f6ckerschuppen an der Schwanzwurzel. Es gibt mehrere Unterarten, oft erkennbar an der Farbe von gelb bis fast schwarz. Weibchen werden bis ca.30cm gro\u00df und 5kg schwer.M\u00e4nnliche Tiere bleiben kleiner. &hellip; <\/p>\n<p class=\"link-more\"><a href=\"https:\/\/zuhausebeivoit.de\/cms\/?page_id=388\" class=\"more-link\"><span class=\"screen-reader-text\">\u201eTestudo graeca\u201c<\/span> weiterlesen<\/a><\/p>\n","protected":false},"author":1,"featured_media":0,"parent":0,"menu_order":0,"comment_status":"closed","ping_status":"closed","template":"","meta":{"footnotes":""},"class_list":["post-388","page","type-page","status-publish","hentry"],"_links":{"self":[{"href":"https:\/\/zuhausebeivoit.de\/cms\/index.php?rest_route=\/wp\/v2\/pages\/388","targetHints":{"allow":["GET"]}}],"collection":[{"href":"https:\/\/zuhausebeivoit.de\/cms\/index.php?rest_route=\/wp\/v2\/pages"}],"about":[{"href":"https:\/\/zuhausebeivoit.de\/cms\/index.php?rest_route=\/wp\/v2\/types\/page"}],"author":[{"embeddable":true,"href":"https:\/\/zuhausebeivoit.de\/cms\/index.php?rest_route=\/wp\/v2\/users\/1"}],"replies":[{"embeddable":true,"href":"https:\/\/zuhausebeivoit.de\/cms\/index.php?rest_route=%2Fwp%2Fv2%2Fcomments&post=388"}],"version-history":[{"count":11,"href":"https:\/\/zuhausebeivoit.de\/cms\/index.php?rest_route=\/wp\/v2\/pages\/388\/revisions"}],"predecessor-version":[{"id":1000,"href":"https:\/\/zuhausebeivoit.de\/cms\/index.php?rest_route=\/wp\/v2\/pages\/388\/revisions\/1000"}],"wp:attachment":[{"href":"https:\/\/zuhausebeivoit.de\/cms\/index.php?rest_route=%2Fwp%2Fv2%2Fmedia&parent=388"}],"curies":[{"name":"wp","href":"https:\/\/api.w.org\/{rel}","templated":true}]}}