{"id":386,"date":"2018-09-07T09:02:22","date_gmt":"2018-09-07T07:02:22","guid":{"rendered":"http:\/\/zuhausebeivoit.de\/cms\/?page_id=386"},"modified":"2018-09-19T16:35:02","modified_gmt":"2018-09-19T14:35:02","slug":"haltung-ls","status":"publish","type":"page","link":"https:\/\/zuhausebeivoit.de\/cms\/?page_id=386","title":{"rendered":"Landschildkr\u00f6ten"},"content":{"rendered":"<p><span style=\"color: #000000; font-family: Calibri;\"><span style=\"color: #800000; font-family: georgia,palatino,serif; font-size: 18pt;\"><strong>Landschildkr\u00f6ten\u00a0\u00a0\u00a0\u00a0\u00a0\u00a0\u00a0\u00a0\u00a0\u00a0\u00a0 1991-2010<\/strong><\/span><\/span><br \/>\n<strong><span style=\"font-family: georgia,palatino,serif; font-size: 14pt;\"><span style=\"color: #000000;\">die\u00a0griechische-<\/span><span style=\"color: #000000;\">Testudo hermanni<\/span><\/span><\/strong><br \/>\n<span style=\"color: #000000; font-family: georgia,palatino,serif;\">sind die n\u00f6rdlichste Art der europ\u00e4ischen Landschildkr\u00f6ten. Sie werden bis 25cm gro\u00df. Die Tiere besitzen einen hornigen Schwanznagel. Die Weibchen haben einen k\u00fcrzeren an der Wurzel d\u00fcnneren Schwanz. Wir unterscheiden Testudo hermanni boettgeri entsprechend ihres Vorkommens auf dem Balkan und hermanni hermanni entsprechend ihres Vorkommens auf dem nord\u00f6stlichen Teil Spaniens, S\u00fcdfrankreichs, Korsika, Sardinien und die Balearen.<\/span><\/p>\n<p><span style=\"color: #000000; font-family: georgia,palatino,serif;\"><a href=\"http:\/\/zuhausebeivoit.de\/cms\/wp-content\/uploads\/2018\/09\/grieche2.jpg\"><img loading=\"lazy\" decoding=\"async\" class=\"alignleft size-thumbnail wp-image-752\" src=\"http:\/\/zuhausebeivoit.de\/cms\/wp-content\/uploads\/2018\/09\/grieche2-150x150.jpg\" alt=\"\" width=\"150\" height=\"150\" srcset=\"https:\/\/zuhausebeivoit.de\/cms\/wp-content\/uploads\/2018\/09\/grieche2-150x150.jpg 150w, https:\/\/zuhausebeivoit.de\/cms\/wp-content\/uploads\/2018\/09\/grieche2-100x100.jpg 100w\" sizes=\"auto, (max-width: 150px) 100vw, 150px\" \/><\/a> <a href=\"http:\/\/zuhausebeivoit.de\/cms\/wp-content\/uploads\/2018\/09\/grieche1.jpg\"><img loading=\"lazy\" decoding=\"async\" class=\"alignleft size-thumbnail wp-image-751\" src=\"http:\/\/zuhausebeivoit.de\/cms\/wp-content\/uploads\/2018\/09\/grieche1-150x150.jpg\" alt=\"\" width=\"150\" height=\"150\" srcset=\"https:\/\/zuhausebeivoit.de\/cms\/wp-content\/uploads\/2018\/09\/grieche1-150x150.jpg 150w, https:\/\/zuhausebeivoit.de\/cms\/wp-content\/uploads\/2018\/09\/grieche1-100x100.jpg 100w\" sizes=\"auto, (max-width: 150px) 100vw, 150px\" \/><\/a>So weit als m\u00f6glich\u00a0wurde Mai-August\/September Freilandhaltung realisiert. Das Freigehege\u00a0war ca.10 Quadratmeter gro\u00df. Darin befand sich ein Holzhaus mit Stroh gef\u00fcllt. Der Bodenbewuchs\u00a0war Graslandschaft. Die Umgrenzung bildeten bepflanzte Betonringe. Sonnen- und Schattenpl\u00e4tze\u00a0waren eingerichtet.<\/span><\/p>\n<p><span style=\"font-family: georgia,palatino,serif;\"><a href=\"http:\/\/zuhausebeivoit.de\/cms\/wp-content\/uploads\/2018\/09\/grieche3.jpg\"><img loading=\"lazy\" decoding=\"async\" class=\"alignleft size-thumbnail wp-image-753\" src=\"http:\/\/zuhausebeivoit.de\/cms\/wp-content\/uploads\/2018\/09\/grieche3-150x150.jpg\" alt=\"\" width=\"150\" height=\"150\" srcset=\"https:\/\/zuhausebeivoit.de\/cms\/wp-content\/uploads\/2018\/09\/grieche3-150x150.jpg 150w, https:\/\/zuhausebeivoit.de\/cms\/wp-content\/uploads\/2018\/09\/grieche3-100x100.jpg 100w\" sizes=\"auto, (max-width: 150px) 100vw, 150px\" \/><\/a> <a href=\"http:\/\/zuhausebeivoit.de\/cms\/wp-content\/uploads\/2018\/09\/vierzehn6.jpg\"><img loading=\"lazy\" decoding=\"async\" class=\"alignleft size-thumbnail wp-image-786\" src=\"http:\/\/zuhausebeivoit.de\/cms\/wp-content\/uploads\/2018\/09\/vierzehn6-150x150.jpg\" alt=\"\" width=\"150\" height=\"150\" srcset=\"https:\/\/zuhausebeivoit.de\/cms\/wp-content\/uploads\/2018\/09\/vierzehn6-150x150.jpg 150w, https:\/\/zuhausebeivoit.de\/cms\/wp-content\/uploads\/2018\/09\/vierzehn6-100x100.jpg 100w\" sizes=\"auto, (max-width: 150px) 100vw, 150px\" \/><\/a>Als Futter\u00a0wurde alles was die gr\u00fcne Wiese hergab angeboten, haupts\u00e4chlich L\u00f6wenzahn frisches Gem\u00fcse, Obst, Laubbl\u00e4tter von Obstgeh\u00f6lzen.\u00a0 Von mir wurde oft beobachtet, das kleinere Nacktschnecken verzehrt wurden. Ab und an wurde Fertigpulver zwecks Calziumzufuhr auf Futter gestreut. Eine flache Schale mit t\u00e4glich frischem Wasser wurde bereitgestellt, wenn notwendig ist sie mehrmals t\u00e4glich\u00a0gewechselt wurden.<\/span><\/p>\n<p><span style=\"color: #000000; font-family: georgia,palatino,serif;\"><a href=\"http:\/\/zuhausebeivoit.de\/cms\/wp-content\/uploads\/2018\/09\/grieche5.jpg\"><img loading=\"lazy\" decoding=\"async\" class=\"alignleft size-thumbnail wp-image-755\" src=\"http:\/\/zuhausebeivoit.de\/cms\/wp-content\/uploads\/2018\/09\/grieche5-150x150.jpg\" alt=\"\" width=\"150\" height=\"150\" srcset=\"https:\/\/zuhausebeivoit.de\/cms\/wp-content\/uploads\/2018\/09\/grieche5-150x150.jpg 150w, https:\/\/zuhausebeivoit.de\/cms\/wp-content\/uploads\/2018\/09\/grieche5-100x100.jpg 100w\" sizes=\"auto, (max-width: 150px) 100vw, 150px\" \/><\/a> <a href=\"http:\/\/zuhausebeivoit.de\/cms\/wp-content\/uploads\/2018\/09\/grieche6.jpg\"><img loading=\"lazy\" decoding=\"async\" class=\"alignleft size-thumbnail wp-image-756\" src=\"http:\/\/zuhausebeivoit.de\/cms\/wp-content\/uploads\/2018\/09\/grieche6-150x150.jpg\" alt=\"\" width=\"150\" height=\"150\" srcset=\"https:\/\/zuhausebeivoit.de\/cms\/wp-content\/uploads\/2018\/09\/grieche6-150x150.jpg 150w, https:\/\/zuhausebeivoit.de\/cms\/wp-content\/uploads\/2018\/09\/grieche6-100x100.jpg 100w\" sizes=\"auto, (max-width: 150px) 100vw, 150px\" \/><\/a>Auf Grund der Vergesellschaftung mit Testudo graeca (ein Tier) wurden sehr viele Versteckm\u00f6glichkeiten in Form von B\u00fcschen, Steinen und anderes mehr angeboten. Die Tiere vertrugen sich sehr gut. Im Rahmen des Paarungsverhaltens gab es manchmal Reibereien, welche aber immer ohne b\u00f6sartigen Ausgang blieben.<\/span><\/p>\n<p><span style=\"color: #000000; font-family: georgia,palatino,serif;\">\u00a0\u00a0\u00a0\u00a0\u00a0<\/span><\/p>\n<p>&nbsp;<\/p>\n","protected":false},"excerpt":{"rendered":"<p>Landschildkr\u00f6ten\u00a0\u00a0\u00a0\u00a0\u00a0\u00a0\u00a0\u00a0\u00a0\u00a0\u00a0 1991-2010 die\u00a0griechische-Testudo hermanni sind die n\u00f6rdlichste Art der europ\u00e4ischen Landschildkr\u00f6ten. Sie werden bis 25cm gro\u00df. Die Tiere besitzen einen hornigen Schwanznagel. Die Weibchen haben einen k\u00fcrzeren an der Wurzel d\u00fcnneren Schwanz. Wir unterscheiden Testudo hermanni boettgeri entsprechend ihres Vorkommens auf dem Balkan und hermanni hermanni entsprechend ihres Vorkommens auf dem nord\u00f6stlichen Teil Spaniens, S\u00fcdfrankreichs, &hellip; <\/p>\n<p class=\"link-more\"><a href=\"https:\/\/zuhausebeivoit.de\/cms\/?page_id=386\" class=\"more-link\"><span class=\"screen-reader-text\">\u201eLandschildkr\u00f6ten\u201c<\/span> weiterlesen<\/a><\/p>\n","protected":false},"author":1,"featured_media":0,"parent":0,"menu_order":0,"comment_status":"closed","ping_status":"closed","template":"","meta":{"footnotes":""},"class_list":["post-386","page","type-page","status-publish","hentry"],"_links":{"self":[{"href":"https:\/\/zuhausebeivoit.de\/cms\/index.php?rest_route=\/wp\/v2\/pages\/386","targetHints":{"allow":["GET"]}}],"collection":[{"href":"https:\/\/zuhausebeivoit.de\/cms\/index.php?rest_route=\/wp\/v2\/pages"}],"about":[{"href":"https:\/\/zuhausebeivoit.de\/cms\/index.php?rest_route=\/wp\/v2\/types\/page"}],"author":[{"embeddable":true,"href":"https:\/\/zuhausebeivoit.de\/cms\/index.php?rest_route=\/wp\/v2\/users\/1"}],"replies":[{"embeddable":true,"href":"https:\/\/zuhausebeivoit.de\/cms\/index.php?rest_route=%2Fwp%2Fv2%2Fcomments&post=386"}],"version-history":[{"count":12,"href":"https:\/\/zuhausebeivoit.de\/cms\/index.php?rest_route=\/wp\/v2\/pages\/386\/revisions"}],"predecessor-version":[{"id":1353,"href":"https:\/\/zuhausebeivoit.de\/cms\/index.php?rest_route=\/wp\/v2\/pages\/386\/revisions\/1353"}],"wp:attachment":[{"href":"https:\/\/zuhausebeivoit.de\/cms\/index.php?rest_route=%2Fwp%2Fv2%2Fmedia&parent=386"}],"curies":[{"name":"wp","href":"https:\/\/api.w.org\/{rel}","templated":true}]}}