{"id":377,"date":"2018-09-07T08:59:40","date_gmt":"2018-09-07T06:59:40","guid":{"rendered":"http:\/\/zuhausebeivoit.de\/cms\/?page_id=377"},"modified":"2018-09-12T21:40:16","modified_gmt":"2018-09-12T19:40:16","slug":"bilder","status":"publish","type":"page","link":"https:\/\/zuhausebeivoit.de\/cms\/?page_id=377","title":{"rendered":"Bilder WS"},"content":{"rendered":"<p><span style=\"color: #0000ff;\"><strong><span style=\"font-family: georgia,palatino,serif; font-size: 18pt;\">\u00a0Wasserschildkr\u00f6ten &#8211; Bilder<\/span><\/strong><\/span><\/p>\n<figure id=\"attachment_1094\" aria-describedby=\"caption-attachment-1094\" style=\"width: 150px\" class=\"wp-caption alignleft\"><a style=\"color: #000000;\" href=\"http:\/\/zuhausebeivoit.de\/cms\/wp-content\/uploads\/2018\/09\/gallerie1.jpg\"><img loading=\"lazy\" decoding=\"async\" class=\"size-thumbnail wp-image-1094\" src=\"http:\/\/zuhausebeivoit.de\/cms\/wp-content\/uploads\/2018\/09\/gallerie1-150x150.jpg\" alt=\"\" width=\"150\" height=\"150\" srcset=\"https:\/\/zuhausebeivoit.de\/cms\/wp-content\/uploads\/2018\/09\/gallerie1-150x150.jpg 150w, https:\/\/zuhausebeivoit.de\/cms\/wp-content\/uploads\/2018\/09\/gallerie1-100x100.jpg 100w\" sizes=\"auto, (max-width: 150px) 100vw, 150px\" \/><\/a><figcaption id=\"caption-attachment-1094\" class=\"wp-caption-text\"><\/span> <span style=\"color: #000000;\">\u00e4ltestes und gr\u00f6\u00dftes Tier<\/span><\/figcaption><\/figure>\n<figure id=\"attachment_1093\" aria-describedby=\"caption-attachment-1093\" style=\"width: 150px\" class=\"wp-caption alignleft\"><a href=\"http:\/\/zuhausebeivoit.de\/cms\/wp-content\/uploads\/2018\/09\/gallerie2.jpg\"><img loading=\"lazy\" decoding=\"async\" class=\"size-thumbnail wp-image-1093\" src=\"http:\/\/zuhausebeivoit.de\/cms\/wp-content\/uploads\/2018\/09\/gallerie2-150x150.jpg\" alt=\"\" width=\"150\" height=\"150\" srcset=\"https:\/\/zuhausebeivoit.de\/cms\/wp-content\/uploads\/2018\/09\/gallerie2-150x150.jpg 150w, https:\/\/zuhausebeivoit.de\/cms\/wp-content\/uploads\/2018\/09\/gallerie2-100x100.jpg 100w\" sizes=\"auto, (max-width: 150px) 100vw, 150px\" \/><\/a><figcaption id=\"caption-attachment-1093\" class=\"wp-caption-text\"><span style=\"color: #000000;\">weiblich.<\/span><\/figcaption><\/figure>\n<figure id=\"attachment_1095\" aria-describedby=\"caption-attachment-1095\" style=\"width: 150px\" class=\"wp-caption alignleft\"><a href=\"http:\/\/zuhausebeivoit.de\/cms\/wp-content\/uploads\/2018\/09\/gallerie3.jpg\"><img loading=\"lazy\" decoding=\"async\" class=\"size-thumbnail wp-image-1095\" src=\"http:\/\/zuhausebeivoit.de\/cms\/wp-content\/uploads\/2018\/09\/gallerie3-150x150.jpg\" alt=\"\" width=\"150\" height=\"150\" srcset=\"https:\/\/zuhausebeivoit.de\/cms\/wp-content\/uploads\/2018\/09\/gallerie3-150x150.jpg 150w, https:\/\/zuhausebeivoit.de\/cms\/wp-content\/uploads\/2018\/09\/gallerie3-100x100.jpg 100w\" sizes=\"auto, (max-width: 150px) 100vw, 150px\" \/><\/a><figcaption id=\"caption-attachment-1095\" class=\"wp-caption-text\"><span style=\"color: #000000;\">Aufnahmen R\u00fcckenpanzer<\/span><\/figcaption><\/figure>\n<p>&nbsp;<\/p>\n<p>&nbsp;<\/p>\n<p>&nbsp;<\/p>\n<p>&nbsp;<\/p>\n<p>&nbsp;<\/p>\n<figure id=\"attachment_1096\" aria-describedby=\"caption-attachment-1096\" style=\"width: 150px\" class=\"wp-caption alignleft\"><a href=\"http:\/\/zuhausebeivoit.de\/cms\/wp-content\/uploads\/2018\/09\/gallerie4.jpg\"><img loading=\"lazy\" decoding=\"async\" class=\"size-thumbnail wp-image-1096\" src=\"http:\/\/zuhausebeivoit.de\/cms\/wp-content\/uploads\/2018\/09\/gallerie4-150x150.jpg\" alt=\"\" width=\"150\" height=\"150\" srcset=\"https:\/\/zuhausebeivoit.de\/cms\/wp-content\/uploads\/2018\/09\/gallerie4-150x150.jpg 150w, https:\/\/zuhausebeivoit.de\/cms\/wp-content\/uploads\/2018\/09\/gallerie4-100x100.jpg 100w\" sizes=\"auto, (max-width: 150px) 100vw, 150px\" \/><\/a><figcaption id=\"caption-attachment-1096\" class=\"wp-caption-text\"><span style=\"color: #000000;\">und Bauchseite.<\/span><\/figcaption><\/figure>\n<figure id=\"attachment_1097\" aria-describedby=\"caption-attachment-1097\" style=\"width: 150px\" class=\"wp-caption alignleft\"><a href=\"http:\/\/zuhausebeivoit.de\/cms\/wp-content\/uploads\/2018\/09\/gallerie5.jpg\"><img loading=\"lazy\" decoding=\"async\" class=\"size-thumbnail wp-image-1097\" src=\"http:\/\/zuhausebeivoit.de\/cms\/wp-content\/uploads\/2018\/09\/gallerie5-150x150.jpg\" alt=\"\" width=\"150\" height=\"150\" srcset=\"https:\/\/zuhausebeivoit.de\/cms\/wp-content\/uploads\/2018\/09\/gallerie5-150x150.jpg 150w, https:\/\/zuhausebeivoit.de\/cms\/wp-content\/uploads\/2018\/09\/gallerie5-100x100.jpg 100w\" sizes=\"auto, (max-width: 150px) 100vw, 150px\" \/><\/a><figcaption id=\"caption-attachment-1097\" class=\"wp-caption-text\"><span style=\"color: #000000;\">Weitere Vertreter dieser Gruppe,<\/span><\/figcaption><\/figure>\n<figure id=\"attachment_1098\" aria-describedby=\"caption-attachment-1098\" style=\"width: 150px\" class=\"wp-caption alignleft\"><a href=\"http:\/\/zuhausebeivoit.de\/cms\/wp-content\/uploads\/2018\/09\/gallerie6.jpg\"><img loading=\"lazy\" decoding=\"async\" class=\"size-thumbnail wp-image-1098\" src=\"http:\/\/zuhausebeivoit.de\/cms\/wp-content\/uploads\/2018\/09\/gallerie6-150x150.jpg\" alt=\"\" width=\"150\" height=\"150\" srcset=\"https:\/\/zuhausebeivoit.de\/cms\/wp-content\/uploads\/2018\/09\/gallerie6-150x150.jpg 150w, https:\/\/zuhausebeivoit.de\/cms\/wp-content\/uploads\/2018\/09\/gallerie6-100x100.jpg 100w\" sizes=\"auto, (max-width: 150px) 100vw, 150px\" \/><\/a><figcaption id=\"caption-attachment-1098\" class=\"wp-caption-text\">,<span style=\"color: #000000;\">weibliches Tier<\/span><\/figcaption><\/figure>\n<p>&nbsp;<\/p>\n<p>&nbsp;<\/p>\n<p>&nbsp;<\/p>\n<p>&nbsp;<\/p>\n<p>&nbsp;<\/p>\n<p>&nbsp;<\/p>\n<figure id=\"attachment_1100\" aria-describedby=\"caption-attachment-1100\" style=\"width: 150px\" class=\"wp-caption alignleft\"><a href=\"http:\/\/zuhausebeivoit.de\/cms\/wp-content\/uploads\/2018\/09\/gallerie7.jpg\"><img loading=\"lazy\" decoding=\"async\" class=\"size-thumbnail wp-image-1100\" src=\"http:\/\/zuhausebeivoit.de\/cms\/wp-content\/uploads\/2018\/09\/gallerie7-150x150.jpg\" alt=\"\" width=\"150\" height=\"150\" srcset=\"https:\/\/zuhausebeivoit.de\/cms\/wp-content\/uploads\/2018\/09\/gallerie7-150x150.jpg 150w, https:\/\/zuhausebeivoit.de\/cms\/wp-content\/uploads\/2018\/09\/gallerie7-100x100.jpg 100w\" sizes=\"auto, (max-width: 150px) 100vw, 150px\" \/><\/a><figcaption id=\"caption-attachment-1100\" class=\"wp-caption-text\"><span style=\"color: #000000;\">Differenzierung ist hier<\/span><\/figcaption><\/figure>\n<figure id=\"attachment_1102\" aria-describedby=\"caption-attachment-1102\" style=\"width: 150px\" class=\"wp-caption alignleft\"><a href=\"http:\/\/zuhausebeivoit.de\/cms\/wp-content\/uploads\/2018\/09\/gallerie8.jpg\"><img loading=\"lazy\" decoding=\"async\" class=\"size-thumbnail wp-image-1102\" src=\"http:\/\/zuhausebeivoit.de\/cms\/wp-content\/uploads\/2018\/09\/gallerie8-150x150.jpg\" alt=\"\" width=\"150\" height=\"150\" srcset=\"https:\/\/zuhausebeivoit.de\/cms\/wp-content\/uploads\/2018\/09\/gallerie8-150x150.jpg 150w, https:\/\/zuhausebeivoit.de\/cms\/wp-content\/uploads\/2018\/09\/gallerie8-100x100.jpg 100w\" sizes=\"auto, (max-width: 150px) 100vw, 150px\" \/><\/a><figcaption id=\"caption-attachment-1102\" class=\"wp-caption-text\"><span style=\"color: #000000;\">deutlich zu erkennen.<\/span><\/figcaption><\/figure>\n<figure id=\"attachment_1103\" aria-describedby=\"caption-attachment-1103\" style=\"width: 150px\" class=\"wp-caption alignleft\"><a href=\"http:\/\/zuhausebeivoit.de\/cms\/wp-content\/uploads\/2018\/09\/gallerie9.jpg\"><img loading=\"lazy\" decoding=\"async\" class=\"size-thumbnail wp-image-1103\" src=\"http:\/\/zuhausebeivoit.de\/cms\/wp-content\/uploads\/2018\/09\/gallerie9-150x150.jpg\" alt=\"\" width=\"150\" height=\"150\" srcset=\"https:\/\/zuhausebeivoit.de\/cms\/wp-content\/uploads\/2018\/09\/gallerie9-150x150.jpg 150w, https:\/\/zuhausebeivoit.de\/cms\/wp-content\/uploads\/2018\/09\/gallerie9-100x100.jpg 100w\" sizes=\"auto, (max-width: 150px) 100vw, 150px\" \/><\/a><figcaption id=\"caption-attachment-1103\" class=\"wp-caption-text\"><span style=\"color: #000000;\">m\u00e4nnliche Rotwange<\/span><\/figcaption><\/figure>\n<p>&nbsp;<\/p>\n<p>&nbsp;<\/p>\n<p>&nbsp;<\/p>\n<p>&nbsp;<\/p>\n<p>&nbsp;<\/p>\n<figure id=\"attachment_1105\" aria-describedby=\"caption-attachment-1105\" style=\"width: 150px\" class=\"wp-caption alignleft\"><a href=\"http:\/\/zuhausebeivoit.de\/cms\/wp-content\/uploads\/2018\/09\/gallerie10.jpg\"><img loading=\"lazy\" decoding=\"async\" class=\"size-thumbnail wp-image-1105\" src=\"http:\/\/zuhausebeivoit.de\/cms\/wp-content\/uploads\/2018\/09\/gallerie10-150x150.jpg\" alt=\"\" width=\"150\" height=\"150\" srcset=\"https:\/\/zuhausebeivoit.de\/cms\/wp-content\/uploads\/2018\/09\/gallerie10-150x150.jpg 150w, https:\/\/zuhausebeivoit.de\/cms\/wp-content\/uploads\/2018\/09\/gallerie10-100x100.jpg 100w\" sizes=\"auto, (max-width: 150px) 100vw, 150px\" \/><\/a><figcaption id=\"caption-attachment-1105\" class=\"wp-caption-text\">ebenso m\u00e4nnlich<\/figcaption><\/figure>\n<figure id=\"attachment_1107\" aria-describedby=\"caption-attachment-1107\" style=\"width: 150px\" class=\"wp-caption alignleft\"><a href=\"http:\/\/zuhausebeivoit.de\/cms\/wp-content\/uploads\/2018\/09\/gallerie11.jpg\"><img loading=\"lazy\" decoding=\"async\" class=\"size-thumbnail wp-image-1107\" src=\"http:\/\/zuhausebeivoit.de\/cms\/wp-content\/uploads\/2018\/09\/gallerie11-150x150.jpg\" alt=\"\" width=\"150\" height=\"150\" srcset=\"https:\/\/zuhausebeivoit.de\/cms\/wp-content\/uploads\/2018\/09\/gallerie11-150x150.jpg 150w, https:\/\/zuhausebeivoit.de\/cms\/wp-content\/uploads\/2018\/09\/gallerie11-100x100.jpg 100w\" sizes=\"auto, (max-width: 150px) 100vw, 150px\" \/><\/a><figcaption id=\"caption-attachment-1107\" class=\"wp-caption-text\">weibliche Rotwange<\/figcaption><\/figure>\n<figure id=\"attachment_1108\" aria-describedby=\"caption-attachment-1108\" style=\"width: 150px\" class=\"wp-caption alignleft\"><a href=\"http:\/\/zuhausebeivoit.de\/cms\/wp-content\/uploads\/2018\/09\/gallerie12.jpg\"><img loading=\"lazy\" decoding=\"async\" class=\"size-thumbnail wp-image-1108\" src=\"http:\/\/zuhausebeivoit.de\/cms\/wp-content\/uploads\/2018\/09\/gallerie12-150x150.jpg\" alt=\"\" width=\"150\" height=\"150\" srcset=\"https:\/\/zuhausebeivoit.de\/cms\/wp-content\/uploads\/2018\/09\/gallerie12-150x150.jpg 150w, https:\/\/zuhausebeivoit.de\/cms\/wp-content\/uploads\/2018\/09\/gallerie12-100x100.jpg 100w\" sizes=\"auto, (max-width: 150px) 100vw, 150px\" \/><\/a><figcaption id=\"caption-attachment-1108\" class=\"wp-caption-text\">ebenso<\/figcaption><\/figure>\n<p>&nbsp;<\/p>\n<p>&nbsp;<\/p>\n<p>&nbsp;<\/p>\n<p>&nbsp;<\/p>\n<p>&nbsp;<\/p>\n<figure id=\"attachment_1110\" aria-describedby=\"caption-attachment-1110\" style=\"width: 150px\" class=\"wp-caption alignleft\"><a href=\"http:\/\/zuhausebeivoit.de\/cms\/wp-content\/uploads\/2018\/09\/gallerie13.jpg\"><img loading=\"lazy\" decoding=\"async\" class=\"size-thumbnail wp-image-1110\" src=\"http:\/\/zuhausebeivoit.de\/cms\/wp-content\/uploads\/2018\/09\/gallerie13-150x150.jpg\" alt=\"\" width=\"150\" height=\"150\" srcset=\"https:\/\/zuhausebeivoit.de\/cms\/wp-content\/uploads\/2018\/09\/gallerie13-150x150.jpg 150w, https:\/\/zuhausebeivoit.de\/cms\/wp-content\/uploads\/2018\/09\/gallerie13-100x100.jpg 100w\" sizes=\"auto, (max-width: 150px) 100vw, 150px\" \/><\/a><figcaption id=\"caption-attachment-1110\" class=\"wp-caption-text\"><span style=\"color: #000000;\">Weibliches Tier<\/span><\/figcaption><\/figure>\n<figure id=\"attachment_1111\" aria-describedby=\"caption-attachment-1111\" style=\"width: 150px\" class=\"wp-caption alignleft\"><a href=\"http:\/\/zuhausebeivoit.de\/cms\/wp-content\/uploads\/2018\/09\/gallerie14.jpg\"><img loading=\"lazy\" decoding=\"async\" class=\"size-thumbnail wp-image-1111\" src=\"http:\/\/zuhausebeivoit.de\/cms\/wp-content\/uploads\/2018\/09\/gallerie14-150x150.jpg\" alt=\"\" width=\"150\" height=\"150\" srcset=\"https:\/\/zuhausebeivoit.de\/cms\/wp-content\/uploads\/2018\/09\/gallerie14-150x150.jpg 150w, https:\/\/zuhausebeivoit.de\/cms\/wp-content\/uploads\/2018\/09\/gallerie14-100x100.jpg 100w\" sizes=\"auto, (max-width: 150px) 100vw, 150px\" \/><\/a><figcaption id=\"caption-attachment-1111\" class=\"wp-caption-text\"><span style=\"color: #000000;\">mit sehr flachem Panzer.<\/span><\/figcaption><\/figure>\n<figure id=\"attachment_1112\" aria-describedby=\"caption-attachment-1112\" style=\"width: 150px\" class=\"wp-caption alignleft\"><a href=\"http:\/\/zuhausebeivoit.de\/cms\/wp-content\/uploads\/2018\/09\/gallerie15.jpg\"><img loading=\"lazy\" decoding=\"async\" class=\"size-thumbnail wp-image-1112\" src=\"http:\/\/zuhausebeivoit.de\/cms\/wp-content\/uploads\/2018\/09\/gallerie15-150x150.jpg\" alt=\"\" width=\"150\" height=\"150\" srcset=\"https:\/\/zuhausebeivoit.de\/cms\/wp-content\/uploads\/2018\/09\/gallerie15-150x150.jpg 150w, https:\/\/zuhausebeivoit.de\/cms\/wp-content\/uploads\/2018\/09\/gallerie15-100x100.jpg 100w\" sizes=\"auto, (max-width: 150px) 100vw, 150px\" \/><\/a><figcaption id=\"caption-attachment-1112\" class=\"wp-caption-text\"><span style=\"color: #000000;\">weiteres m\u00e4nnliches Tier<\/span><\/figcaption><\/figure>\n<p>&nbsp;<\/p>\n<p>&nbsp;<\/p>\n<p>&nbsp;<\/p>\n<p>&nbsp;<\/p>\n<p>&nbsp;<\/p>\n<p>&nbsp;<\/p>\n<p><a href=\"http:\/\/zuhausebeivoit.de\/cms\/wp-content\/uploads\/2018\/09\/gallerie16.jpg\"><img loading=\"lazy\" decoding=\"async\" class=\"alignleft size-medium wp-image-1113\" src=\"http:\/\/zuhausebeivoit.de\/cms\/wp-content\/uploads\/2018\/09\/gallerie16-300x225.jpg\" alt=\"\" width=\"300\" height=\"225\" srcset=\"https:\/\/zuhausebeivoit.de\/cms\/wp-content\/uploads\/2018\/09\/gallerie16-300x225.jpg 300w, https:\/\/zuhausebeivoit.de\/cms\/wp-content\/uploads\/2018\/09\/gallerie16.jpg 400w\" sizes=\"auto, (max-width: 300px) 100vw, 300px\" \/><\/a><\/p>\n<p>&nbsp;<\/p>\n<table style=\"width: 23.61%; height: 151px; border-collapse: collapse;\" border=\"0\">\n<tbody>\n<tr>\n<td style=\"width: 100%;\"><span style=\"color: #0000ff; font-family: georgia,palatino,serif; font-size: 12pt;\">Trotz vieler Arbeit<\/span><\/td>\n<\/tr>\n<tr>\n<td style=\"width: 100%;\"><span style=\"color: #0000ff; font-family: georgia,palatino,serif; font-size: 12pt;\">hatten wir stets<\/span><\/td>\n<\/tr>\n<tr>\n<td style=\"width: 100%;\"><span style=\"color: #0000ff; font-family: georgia,palatino,serif; font-size: 12pt;\">gro\u00dfe Freude<\/span><\/td>\n<\/tr>\n<tr>\n<td style=\"width: 100%;\"><\/td>\n<\/tr>\n<\/tbody>\n<\/table>\n<p>&nbsp;<\/p>\n<p>&nbsp;<\/p>\n<p>&nbsp;<\/p>\n<p>&nbsp;<\/p>\n","protected":false},"excerpt":{"rendered":"<p>\u00a0Wasserschildkr\u00f6ten &#8211; Bilder &nbsp; &nbsp; &nbsp; &nbsp; &nbsp; &nbsp; &nbsp; &nbsp; &nbsp; &nbsp; &nbsp; &nbsp; &nbsp; &nbsp; &nbsp; &nbsp; &nbsp; &nbsp; &nbsp; &nbsp; &nbsp; &nbsp; &nbsp; &nbsp; &nbsp; &nbsp; &nbsp; &nbsp; Trotz vieler Arbeit hatten wir stets gro\u00dfe Freude &nbsp; &nbsp; &nbsp; &nbsp;<\/p>\n","protected":false},"author":1,"featured_media":0,"parent":0,"menu_order":0,"comment_status":"closed","ping_status":"closed","template":"","meta":{"footnotes":""},"class_list":["post-377","page","type-page","status-publish","hentry"],"_links":{"self":[{"href":"https:\/\/zuhausebeivoit.de\/cms\/index.php?rest_route=\/wp\/v2\/pages\/377","targetHints":{"allow":["GET"]}}],"collection":[{"href":"https:\/\/zuhausebeivoit.de\/cms\/index.php?rest_route=\/wp\/v2\/pages"}],"about":[{"href":"https:\/\/zuhausebeivoit.de\/cms\/index.php?rest_route=\/wp\/v2\/types\/page"}],"author":[{"embeddable":true,"href":"https:\/\/zuhausebeivoit.de\/cms\/index.php?rest_route=\/wp\/v2\/users\/1"}],"replies":[{"embeddable":true,"href":"https:\/\/zuhausebeivoit.de\/cms\/index.php?rest_route=%2Fwp%2Fv2%2Fcomments&post=377"}],"version-history":[{"count":35,"href":"https:\/\/zuhausebeivoit.de\/cms\/index.php?rest_route=\/wp\/v2\/pages\/377\/revisions"}],"predecessor-version":[{"id":1071,"href":"https:\/\/zuhausebeivoit.de\/cms\/index.php?rest_route=\/wp\/v2\/pages\/377\/revisions\/1071"}],"wp:attachment":[{"href":"https:\/\/zuhausebeivoit.de\/cms\/index.php?rest_route=%2Fwp%2Fv2%2Fmedia&parent=377"}],"curies":[{"name":"wp","href":"https:\/\/api.w.org\/{rel}","templated":true}]}}