{"id":375,"date":"2018-09-07T08:59:32","date_gmt":"2018-09-07T06:59:32","guid":{"rendered":"http:\/\/zuhausebeivoit.de\/cms\/?page_id=375"},"modified":"2019-04-30T10:47:34","modified_gmt":"2019-04-30T08:47:34","slug":"haltung","status":"publish","type":"page","link":"https:\/\/zuhausebeivoit.de\/cms\/?page_id=375","title":{"rendered":"Wasserschildkr\u00f6ten"},"content":{"rendered":"<p><span style=\"color: #0000ff;\"><strong><span style=\"font-family: georgia,palatino,serif; font-size: 18pt;\">Wasserschildkr\u00f6ten\u00a0\u00a0\u00a0\u00a0\u00a0\u00a0\u00a0\u00a0\u00a0\u00a0\u00a0\u00a0\u00a0 1986-2013<\/span><\/strong><\/span><br \/>\n<span style=\"color: #000000;\"><strong><span style=\"font-family: georgia,palatino,serif; font-size: 14pt;\">Rotwangen-Schmuckschildkr\u00f6ten (Chrysemys scripta)<\/span><\/strong><\/span><br \/>\n<span style=\"color: #000000; font-family: georgia,palatino,serif;\">Einige Informationen zu den von mir gehaltenen Tieren: <\/span><br \/>\n<span style=\"color: #000000; font-family: georgia,palatino,serif;\">Es handelte sich um 2 m\u00e4nnliche und vier weibliche\u00a0<\/span><br \/>\n<span style=\"color: #000000; font-family: georgia,palatino,serif;\">(Chrysemys scripta elegans )<\/span><br \/>\n<span style=\"color: #000000; font-family: georgia,palatino,serif;\">\u00a0<\/span><span style=\"color: #000000; font-family: georgia,palatino,serif;\">roter Streifen hinter dem Auge-<\/span><span style=\"color: #000000; font-family: georgia,palatino,serif;\">&#8211; Verbreitung mittlere USA<\/span><\/p>\n<figure id=\"attachment_857\" aria-describedby=\"caption-attachment-857\" style=\"width: 150px\" class=\"wp-caption alignleft\"><a href=\"http:\/\/zuhausebeivoit.de\/cms\/wp-content\/uploads\/2018\/09\/wasser1.jpg\"><img loading=\"lazy\" decoding=\"async\" class=\"size-thumbnail wp-image-857\" src=\"http:\/\/zuhausebeivoit.de\/cms\/wp-content\/uploads\/2018\/09\/wasser1-150x150.jpg\" alt=\"\" width=\"150\" height=\"150\" srcset=\"https:\/\/zuhausebeivoit.de\/cms\/wp-content\/uploads\/2018\/09\/wasser1-150x150.jpg 150w, https:\/\/zuhausebeivoit.de\/cms\/wp-content\/uploads\/2018\/09\/wasser1-100x100.jpg 100w\" sizes=\"auto, (max-width: 150px) 100vw, 150px\" \/><\/a><figcaption id=\"caption-attachment-857\" class=\"wp-caption-text\"><span style=\"color: #000000;\">hier zu sehen ein P\u00e4rchen.<\/span><\/figcaption><\/figure>\n<p>sowie 3 weibliche Tiere<br \/>\nGelbwangen-Schmuckschildkr\u00f6ten<br \/>\n(Chrysemys scripta scripta)<br \/>\ngelbliche B\u00e4nder auf Seitenschildern R\u00fcckenpanzer<br \/>\nauf vorderem Bauchpanzer einzelne runde<br \/>\ndunkle Flecken<br \/>\ngelber senkrechter Strich hinter Augen<br \/>\nVerbreitung S\u00fcdosten der USA<\/p>\n<p>&nbsp;<\/p>\n<figure id=\"attachment_862\" aria-describedby=\"caption-attachment-862\" style=\"width: 150px\" class=\"wp-caption alignleft\"><a href=\"http:\/\/zuhausebeivoit.de\/cms\/wp-content\/uploads\/2018\/09\/wasser5.jpg\"><img loading=\"lazy\" decoding=\"async\" class=\"size-thumbnail wp-image-862\" src=\"http:\/\/zuhausebeivoit.de\/cms\/wp-content\/uploads\/2018\/09\/wasser5-150x150.jpg\" alt=\"\" width=\"150\" height=\"150\" srcset=\"https:\/\/zuhausebeivoit.de\/cms\/wp-content\/uploads\/2018\/09\/wasser5-150x150.jpg 150w, https:\/\/zuhausebeivoit.de\/cms\/wp-content\/uploads\/2018\/09\/wasser5-100x100.jpg 100w\" sizes=\"auto, (max-width: 150px) 100vw, 150px\" \/><\/a><figcaption id=\"caption-attachment-862\" class=\"wp-caption-text\"><span style=\"color: #000000;\">rechts weibliches Tier.<\/span><\/figcaption><\/figure>\n<figure id=\"attachment_860\" aria-describedby=\"caption-attachment-860\" style=\"width: 150px\" class=\"wp-caption alignleft\"><a href=\"http:\/\/zuhausebeivoit.de\/cms\/wp-content\/uploads\/2018\/09\/wasser3.jpg\"><img loading=\"lazy\" decoding=\"async\" class=\"size-thumbnail wp-image-860\" src=\"http:\/\/zuhausebeivoit.de\/cms\/wp-content\/uploads\/2018\/09\/wasser3-150x150.jpg\" alt=\"\" width=\"150\" height=\"150\" srcset=\"https:\/\/zuhausebeivoit.de\/cms\/wp-content\/uploads\/2018\/09\/wasser3-150x150.jpg 150w, https:\/\/zuhausebeivoit.de\/cms\/wp-content\/uploads\/2018\/09\/wasser3-100x100.jpg 100w\" sizes=\"auto, (max-width: 150px) 100vw, 150px\" \/><\/a><figcaption id=\"caption-attachment-860\" class=\"wp-caption-text\"><span style=\"color: #000000;\">Hier die entspr. Bauchpanzeraufn.<\/span><\/figcaption><\/figure>\n<p>Geschlechtsunterschied<br \/>\nsehr viel l\u00e4ngere Krallen<br \/>\nan den Vorderbeinen bei m\u00e4nnlichen Tieren<br \/>\netwas nach innen<br \/>\ngew\u00f6lbter Bauchpanzer<br \/>\nSchwanz breiter am Ansatz<\/p>\n<p>&nbsp;<\/p>\n<p>und l\u00e4nger als bei weiblichen Tieren Kloake weiter hinten liegend.<\/p>\n<figure id=\"attachment_861\" aria-describedby=\"caption-attachment-861\" style=\"width: 150px\" class=\"wp-caption alignleft\"><a href=\"http:\/\/zuhausebeivoit.de\/cms\/wp-content\/uploads\/2018\/09\/wasser4.jpg\"><img loading=\"lazy\" decoding=\"async\" class=\"size-thumbnail wp-image-861\" src=\"http:\/\/zuhausebeivoit.de\/cms\/wp-content\/uploads\/2018\/09\/wasser4-150x150.jpg\" alt=\"\" width=\"150\" height=\"150\" srcset=\"https:\/\/zuhausebeivoit.de\/cms\/wp-content\/uploads\/2018\/09\/wasser4-150x150.jpg 150w, https:\/\/zuhausebeivoit.de\/cms\/wp-content\/uploads\/2018\/09\/wasser4-100x100.jpg 100w\" sizes=\"auto, (max-width: 150px) 100vw, 150px\" \/><\/a><figcaption id=\"caption-attachment-861\" class=\"wp-caption-text\"><span style=\"color: #000000;\">Hier zu sehen ein P\u00e4rchen, links m\u00e4nnliches Tier,<\/span><\/figcaption><\/figure>\n<figure id=\"attachment_859\" aria-describedby=\"caption-attachment-859\" style=\"width: 150px\" class=\"wp-caption alignleft\"><a href=\"http:\/\/zuhausebeivoit.de\/cms\/wp-content\/uploads\/2018\/09\/wasser2.jpg\"><img loading=\"lazy\" decoding=\"async\" class=\"size-thumbnail wp-image-859\" src=\"http:\/\/zuhausebeivoit.de\/cms\/wp-content\/uploads\/2018\/09\/wasser2-150x150.jpg\" alt=\"\" width=\"150\" height=\"150\" srcset=\"https:\/\/zuhausebeivoit.de\/cms\/wp-content\/uploads\/2018\/09\/wasser2-150x150.jpg 150w, https:\/\/zuhausebeivoit.de\/cms\/wp-content\/uploads\/2018\/09\/wasser2-100x100.jpg 100w\" sizes=\"auto, (max-width: 150px) 100vw, 150px\" \/><\/a><figcaption id=\"caption-attachment-859\" class=\"wp-caption-text\"><span style=\"color: #000000;\">Hier zu sehen eine Tieraufnahme.<\/span><\/figcaption><\/figure>\n<p><strong>Ern\u00e4hrung:<\/strong><br \/>\nTrockenfutter in Form von<br \/>\nPallets aus dem Fachhandel.<br \/>\nAls Nassfutter wurde ab und<br \/>\nzu\u00a0handels\u00fcbliches<br \/>\nKatzenfutter angeboten. W\u00f6chentlich einmal<br \/>\nwurden getrocknete Fische verabreicht.<\/p>\n<p>Als Lebendfutter wurden kleinere Schnecken, mitunter Regenw\u00fcrmer<br \/>\nsowie tote Wespen, Insekten und anderes mehr verabreicht. Gef\u00fcttert<br \/>\nwurde zwei bis drei mal in der Woche.<br \/>\nAls pflanzliche Kost wurden Salat und L\u00f6wenzahnbl\u00e4tter dann und<br \/>\nwann gereicht und gern angenommen.<\/p>\n<p>&nbsp;<\/p>\n<p>&nbsp;<\/p>\n<p>&nbsp;<\/p>\n<p>&nbsp;<\/p>\n<p>&nbsp;<\/p>\n<p>&nbsp;<\/p>\n<p>&nbsp;<\/p>\n<p>&nbsp;<\/p>\n<p>&nbsp;<\/p>\n<p>&nbsp;<\/p>\n","protected":false},"excerpt":{"rendered":"<p>Wasserschildkr\u00f6ten\u00a0\u00a0\u00a0\u00a0\u00a0\u00a0\u00a0\u00a0\u00a0\u00a0\u00a0\u00a0\u00a0 1986-2013 Rotwangen-Schmuckschildkr\u00f6ten (Chrysemys scripta) Einige Informationen zu den von mir gehaltenen Tieren: Es handelte sich um 2 m\u00e4nnliche und vier weibliche\u00a0 (Chrysemys scripta elegans ) \u00a0roter Streifen hinter dem Auge-&#8211; Verbreitung mittlere USA sowie 3 weibliche Tiere Gelbwangen-Schmuckschildkr\u00f6ten (Chrysemys scripta scripta) gelbliche B\u00e4nder auf Seitenschildern R\u00fcckenpanzer auf vorderem Bauchpanzer einzelne runde dunkle Flecken gelber &hellip; <\/p>\n<p class=\"link-more\"><a href=\"https:\/\/zuhausebeivoit.de\/cms\/?page_id=375\" class=\"more-link\"><span class=\"screen-reader-text\">\u201eWasserschildkr\u00f6ten\u201c<\/span> weiterlesen<\/a><\/p>\n","protected":false},"author":1,"featured_media":0,"parent":0,"menu_order":0,"comment_status":"closed","ping_status":"closed","template":"","meta":{"footnotes":""},"class_list":["post-375","page","type-page","status-publish","hentry"],"_links":{"self":[{"href":"https:\/\/zuhausebeivoit.de\/cms\/index.php?rest_route=\/wp\/v2\/pages\/375","targetHints":{"allow":["GET"]}}],"collection":[{"href":"https:\/\/zuhausebeivoit.de\/cms\/index.php?rest_route=\/wp\/v2\/pages"}],"about":[{"href":"https:\/\/zuhausebeivoit.de\/cms\/index.php?rest_route=\/wp\/v2\/types\/page"}],"author":[{"embeddable":true,"href":"https:\/\/zuhausebeivoit.de\/cms\/index.php?rest_route=\/wp\/v2\/users\/1"}],"replies":[{"embeddable":true,"href":"https:\/\/zuhausebeivoit.de\/cms\/index.php?rest_route=%2Fwp%2Fv2%2Fcomments&post=375"}],"version-history":[{"count":20,"href":"https:\/\/zuhausebeivoit.de\/cms\/index.php?rest_route=\/wp\/v2\/pages\/375\/revisions"}],"predecessor-version":[{"id":1351,"href":"https:\/\/zuhausebeivoit.de\/cms\/index.php?rest_route=\/wp\/v2\/pages\/375\/revisions\/1351"}],"wp:attachment":[{"href":"https:\/\/zuhausebeivoit.de\/cms\/index.php?rest_route=%2Fwp%2Fv2%2Fmedia&parent=375"}],"curies":[{"name":"wp","href":"https:\/\/api.w.org\/{rel}","templated":true}]}}