{"id":364,"date":"2018-09-07T08:55:28","date_gmt":"2018-09-07T06:55:28","guid":{"rendered":"http:\/\/zuhausebeivoit.de\/cms\/?page_id=364"},"modified":"2018-09-18T14:18:07","modified_gmt":"2018-09-18T12:18:07","slug":"berner-sennen","status":"publish","type":"page","link":"https:\/\/zuhausebeivoit.de\/cms\/?page_id=364","title":{"rendered":"Berner-Sennen &#8211; Wesen"},"content":{"rendered":"<p><span style=\"color: #800000; font-family: georgia,palatino,serif; font-size: 14pt;\"><strong>Der Berner S<\/strong><strong>enn<\/strong><strong>enhund\u00a0<\/strong><\/span><\/p>\n<p><span style=\"font-family: georgia,palatino,serif;\">geh\u00f6rt neben drei weiteren Hunderassen zu den Schweizer Sennenhunden.<\/span><br \/>\n<span style=\"font-family: georgia,palatino,serif;\">Er besitzt <span style=\"color: #800000;\">gute und angenehme Charaktereigenschaften<\/span>. Eine Art vorausahnender Gehorsam ist ihm eigen. Sie<span style=\"color: #800000;\"> lieben lange Spazierg\u00e4nge, brauchen viel Bewegungsfreiheit und f\u00fchlen sich im Winter bei k\u00fchlen oder frostigen Temperaturen pudelwohl.<\/span> Hei\u00dfes Wetter macht ihnen aufgrund ihres langen und dichten Fellkleides zu schaffen. Beim Berner Sennenhund handelt es sich um einen <span style=\"color: #800000;\">eher massigen Hund mit kr\u00e4ftigem Knochenbau<\/span>. Die Widerristh\u00f6he bei R\u00fcden betr\u00e4gt bis zu <strong>70 cm.<\/strong> Sie k\u00f6nnen dabei <strong>50 kg<\/strong> und mehr wiegen,<\/span><\/p>\n<figure id=\"attachment_688\" aria-describedby=\"caption-attachment-688\" style=\"width: 150px\" class=\"wp-caption alignleft\"><a href=\"http:\/\/zuhausebeivoit.de\/cms\/wp-content\/uploads\/2018\/09\/wesen_01.jpg\"><img loading=\"lazy\" decoding=\"async\" class=\"size-thumbnail wp-image-688\" src=\"http:\/\/zuhausebeivoit.de\/cms\/wp-content\/uploads\/2018\/09\/wesen_01-150x150.jpg\" alt=\"\" width=\"150\" height=\"150\" srcset=\"https:\/\/zuhausebeivoit.de\/cms\/wp-content\/uploads\/2018\/09\/wesen_01-150x150.jpg 150w, https:\/\/zuhausebeivoit.de\/cms\/wp-content\/uploads\/2018\/09\/wesen_01-100x100.jpg 100w\" sizes=\"auto, (max-width: 150px) 100vw, 150px\" \/><\/a><figcaption id=\"caption-attachment-688\" class=\"wp-caption-text\">Elterntier m\u00e4nnlich<\/figcaption><\/figure>\n<p><a href=\"http:\/\/zuhausebeivoit.de\/cms\/wp-content\/uploads\/2018\/09\/wesen_02.jpg\"><img loading=\"lazy\" decoding=\"async\" class=\"wp-image-689 size-thumbnail alignleft\" src=\"http:\/\/zuhausebeivoit.de\/cms\/wp-content\/uploads\/2018\/09\/wesen_02-150x150.jpg\" alt=\"\" width=\"150\" height=\"150\" srcset=\"https:\/\/zuhausebeivoit.de\/cms\/wp-content\/uploads\/2018\/09\/wesen_02-150x150.jpg 150w, https:\/\/zuhausebeivoit.de\/cms\/wp-content\/uploads\/2018\/09\/wesen_02-100x100.jpg 100w\" sizes=\"auto, (max-width: 150px) 100vw, 150px\" \/><\/a><\/p>\n<p><span style=\"font-family: georgia,palatino,serif;\">H\u00fcndinnen erreichen dagegen eine Widerristh\u00f6he bis zu <strong>66 cm<\/strong> und werden <strong>ca. 40 kg<\/strong> schwer. Sch\u00f6n anzusehen ist sein <strong>langes<\/strong> und <strong>weiches Haarkleid,<\/strong> was schlicht (glatt) oder h\u00f6chstens leicht gewellt sein sollte.<\/span><\/p>\n<p><span style=\"font-family: georgia,palatino,serif;\">Er besitzt hoch angesetzte <strong>H\u00e4ngeohren<\/strong> welche behaart sind.Der <strong>schwarze<\/strong> <strong>Mantel \u00fcber schwarze<\/strong>\u00a0 Rumpf, Hals, Kopf und Schwanz, der von der Nase zur Stirn hinlaufende <strong>Streif, die Bl\u00e4sse,<\/strong> sein <strong>wei\u00dfes Brustkreuz, wei\u00dfe Pfoten<\/strong> und eine <strong>wei\u00dfe Schwanzspitze<\/strong> schm\u00fccken den dreifarbigen Hund.<strong> Obwohl diese Dinge sind<\/strong> <strong>uns bei Bruno eigentlich egal.<\/strong><\/span><\/p>\n<p><strong>\u00a0\u00a0\u00a0\u00a0\u00a0\u00a0\u00a0\u00a0\u00a0\u00a0\u00a0 <\/strong><a href=\"http:\/\/zuhausebeivoit.de\/cms\/wp-content\/uploads\/2018\/09\/wesen_05.jpg\">\u00a0<img loading=\"lazy\" decoding=\"async\" class=\"alignnone size-thumbnail wp-image-694\" src=\"http:\/\/zuhausebeivoit.de\/cms\/wp-content\/uploads\/2018\/09\/wesen_05-150x150.jpg\" alt=\"\" width=\"150\" height=\"150\" srcset=\"https:\/\/zuhausebeivoit.de\/cms\/wp-content\/uploads\/2018\/09\/wesen_05-150x150.jpg 150w, https:\/\/zuhausebeivoit.de\/cms\/wp-content\/uploads\/2018\/09\/wesen_05-100x100.jpg 100w\" sizes=\"auto, (max-width: 150px) 100vw, 150px\" \/><\/a> <a href=\"http:\/\/zuhausebeivoit.de\/cms\/wp-content\/uploads\/2018\/09\/wesen_04.jpg\"><img loading=\"lazy\" decoding=\"async\" class=\"alignnone size-thumbnail wp-image-693\" src=\"http:\/\/zuhausebeivoit.de\/cms\/wp-content\/uploads\/2018\/09\/wesen_04-150x150.jpg\" alt=\"\" width=\"150\" height=\"150\" srcset=\"https:\/\/zuhausebeivoit.de\/cms\/wp-content\/uploads\/2018\/09\/wesen_04-150x150.jpg 150w, https:\/\/zuhausebeivoit.de\/cms\/wp-content\/uploads\/2018\/09\/wesen_04-100x100.jpg 100w\" sizes=\"auto, (max-width: 150px) 100vw, 150px\" \/><\/a> <a href=\"http:\/\/zuhausebeivoit.de\/cms\/wp-content\/uploads\/2018\/09\/wesen_03.jpg\"><img loading=\"lazy\" decoding=\"async\" class=\"alignnone size-thumbnail wp-image-692\" src=\"http:\/\/zuhausebeivoit.de\/cms\/wp-content\/uploads\/2018\/09\/wesen_03-150x150.jpg\" alt=\"\" width=\"150\" height=\"150\" srcset=\"https:\/\/zuhausebeivoit.de\/cms\/wp-content\/uploads\/2018\/09\/wesen_03-150x150.jpg 150w, https:\/\/zuhausebeivoit.de\/cms\/wp-content\/uploads\/2018\/09\/wesen_03-100x100.jpg 100w\" sizes=\"auto, (max-width: 150px) 100vw, 150px\" \/><\/a><\/p>\n<p><span style=\"font-family: georgia,palatino,serif;\">Das Bild wird abgerundet durch <strong>Braunrote Flecken \u00fcber den Augen, Braunrote Backen<\/strong> als auch ebensolche <strong>Abzeichen seitlich des wei\u00dfen Brusthaars<\/strong> und an den Beinen. Sein <strong>Bewegungsablauf ist &#8222;frei und ausgreifend&#8220;.<\/strong> Die Tiere sind vom <strong>Wesen<\/strong> her <strong>selbstsicher, gutm\u00fctig und freundlich<\/strong> und besitzen einen <strong>ausgepr\u00e4gten Wachtrieb<\/strong>, sind dabei aber <strong>nicht aggressiv<\/strong>, d.h. es handelt sich um einen <strong>guten Haus- und Hofhund<\/strong> als auch einen beliebten <strong>Familienhund. <\/strong><span style=\"color: #0000ff;\"><strong>Der Berner Sennenhund ben\u00f6tigt aus diesem Grund unbedingt einen Garten und ein Haus zum Bewachen sowie ein gro\u00dfes Ma\u00df an &#8222;Menschen-Kontakt&#8220;. Der Besch\u00fctzerdrang ist bereits jetzt unserem Bruno schon sehr eigen.<\/strong><\/span><\/span><\/p>\n<p>&nbsp;<\/p>\n<p>&nbsp;<\/p>\n","protected":false},"excerpt":{"rendered":"<p>Der Berner Sennenhund\u00a0 geh\u00f6rt neben drei weiteren Hunderassen zu den Schweizer Sennenhunden. Er besitzt gute und angenehme Charaktereigenschaften. Eine Art vorausahnender Gehorsam ist ihm eigen. Sie lieben lange Spazierg\u00e4nge, brauchen viel Bewegungsfreiheit und f\u00fchlen sich im Winter bei k\u00fchlen oder frostigen Temperaturen pudelwohl. Hei\u00dfes Wetter macht ihnen aufgrund ihres langen und dichten Fellkleides zu schaffen. &hellip; <\/p>\n<p class=\"link-more\"><a href=\"https:\/\/zuhausebeivoit.de\/cms\/?page_id=364\" class=\"more-link\"><span class=\"screen-reader-text\">\u201eBerner-Sennen &#8211; Wesen\u201c<\/span> weiterlesen<\/a><\/p>\n","protected":false},"author":1,"featured_media":0,"parent":0,"menu_order":0,"comment_status":"closed","ping_status":"closed","template":"","meta":{"footnotes":""},"class_list":["post-364","page","type-page","status-publish","hentry"],"_links":{"self":[{"href":"https:\/\/zuhausebeivoit.de\/cms\/index.php?rest_route=\/wp\/v2\/pages\/364","targetHints":{"allow":["GET"]}}],"collection":[{"href":"https:\/\/zuhausebeivoit.de\/cms\/index.php?rest_route=\/wp\/v2\/pages"}],"about":[{"href":"https:\/\/zuhausebeivoit.de\/cms\/index.php?rest_route=\/wp\/v2\/types\/page"}],"author":[{"embeddable":true,"href":"https:\/\/zuhausebeivoit.de\/cms\/index.php?rest_route=\/wp\/v2\/users\/1"}],"replies":[{"embeddable":true,"href":"https:\/\/zuhausebeivoit.de\/cms\/index.php?rest_route=%2Fwp%2Fv2%2Fcomments&post=364"}],"version-history":[{"count":5,"href":"https:\/\/zuhausebeivoit.de\/cms\/index.php?rest_route=\/wp\/v2\/pages\/364\/revisions"}],"predecessor-version":[{"id":1346,"href":"https:\/\/zuhausebeivoit.de\/cms\/index.php?rest_route=\/wp\/v2\/pages\/364\/revisions\/1346"}],"wp:attachment":[{"href":"https:\/\/zuhausebeivoit.de\/cms\/index.php?rest_route=%2Fwp%2Fv2%2Fmedia&parent=364"}],"curies":[{"name":"wp","href":"https:\/\/api.w.org\/{rel}","templated":true}]}}