{"id":349,"date":"2018-09-07T08:45:51","date_gmt":"2018-09-07T06:45:51","guid":{"rendered":"http:\/\/zuhausebeivoit.de\/cms\/?page_id=349"},"modified":"2018-09-19T16:22:31","modified_gmt":"2018-09-19T14:22:31","slug":"voegel","status":"publish","type":"page","link":"https:\/\/zuhausebeivoit.de\/cms\/?page_id=349","title":{"rendered":"V\u00f6gel"},"content":{"rendered":"<p><span style=\"color: #0000ff;\"><strong><span style=\"font-family: georgia,palatino,serif; font-size: 18pt;\">1995- heute<\/span><\/strong><\/span><\/p>\n<p><span style=\"color: #0000ff;\"><strong><span style=\"font-family: georgia,palatino,serif; font-size: 18pt;\"><a href=\"http:\/\/zuhausebeivoit.de\/cms\/wp-content\/uploads\/2018\/09\/vogel1.jpg\"><img loading=\"lazy\" decoding=\"async\" class=\"alignleft size-thumbnail wp-image-1120\" src=\"http:\/\/zuhausebeivoit.de\/cms\/wp-content\/uploads\/2018\/09\/vogel1-150x150.jpg\" alt=\"\" width=\"150\" height=\"150\" srcset=\"https:\/\/zuhausebeivoit.de\/cms\/wp-content\/uploads\/2018\/09\/vogel1-150x150.jpg 150w, https:\/\/zuhausebeivoit.de\/cms\/wp-content\/uploads\/2018\/09\/vogel1-100x100.jpg 100w\" sizes=\"auto, (max-width: 150px) 100vw, 150px\" \/><\/a> <a href=\"http:\/\/zuhausebeivoit.de\/cms\/wp-content\/uploads\/2018\/09\/vogel2.jpg\"><img loading=\"lazy\" decoding=\"async\" class=\"alignleft size-thumbnail wp-image-1121\" src=\"http:\/\/zuhausebeivoit.de\/cms\/wp-content\/uploads\/2018\/09\/vogel2-150x150.jpg\" alt=\"\" width=\"150\" height=\"150\" srcset=\"https:\/\/zuhausebeivoit.de\/cms\/wp-content\/uploads\/2018\/09\/vogel2-150x150.jpg 150w, https:\/\/zuhausebeivoit.de\/cms\/wp-content\/uploads\/2018\/09\/vogel2-100x100.jpg 100w\" sizes=\"auto, (max-width: 150px) 100vw, 150px\" \/><\/a>Zierv\u00f6gel &#8211; Allgemeines<\/span><\/strong><\/span><br \/>\n<span style=\"color: #000000; font-family: georgia,palatino,serif; font-size: 12pt;\">Heimat der Wellensittiche und Nymphensittiche ist das Landesinnere des australischen Kontinents. Sie geh\u00f6ren zur gro\u00dfen Familie der Papageien.<\/span><\/p>\n<p><span style=\"color: #0000ff; font-family: georgia,palatino,serif; font-size: 14pt;\">Steckbrief der Nymphensittiche<\/span><br \/>\n<span style=\"color: #000000; font-family: Calibri;\"><strong><span style=\"font-size: 14pt;\">Lebensraum:<\/span> <\/strong><span style=\"font-family: georgia,palatino,serif;\">Steppengebiete, Halbw\u00fcsten. Die Tiere sind nicht an bestimmte Gebiete gebunden. Dichte W\u00e4lder werden gemieden. Nymphensittiche k\u00f6nnen unter extremen Bedingungen leben, Trockenperioden \u00fcberstehen und sehr hohen und niedrigen Temperaturen trotzen. Auf der Suche nach Wasser sind sie unerm\u00fcdlich. Als sehr sehr scheue Tiere leben sie in gro\u00dfen Schw\u00e4rmen. Nahrungsaufnahme: erfolgt in den Morgen -und Abendstunden.<\/span><\/span><br \/>\n<span style=\"color: #000000; font-family: georgia,palatino,serif;\"><span style=\"font-size: 14pt;\"><strong>Nahrung:<\/strong><\/span> Samen, Gr\u00e4ser, Nektar z.B. den von Eukalyptusbl\u00fcten, Obst und Gem\u00fcse <\/span><span style=\"color: #000000; font-family: georgia,palatino,serif;\"><span style=\"font-size: 14pt;\"><strong>Wildform:<\/strong> <\/span>Helles und dunkelgraues Gefieder, wei\u00dfe Fl\u00fcgelbinden, gelbe Gesichtsmaske mit rotem Wangenfleck (Geschlechtsmerkmal) Merkmale: ca. 32 cm K\u00f6rperl\u00e4nge, 80-100 Gramm Gewicht, Lebensalter bis etwa 20 Jahre.<\/span><br \/>\n<span style=\"color: #000000; font-family: georgia,palatino,serif;\"><span style=\"font-size: 14pt;\"><strong>Fortpflanzung:<\/strong> <\/span>Geschlechtsreife mit ca. 10 Monaten, im Abstand von Tagen werden mitunter 6 (manchmal mehr)Eier abgelegt. Das Brutgesch\u00e4ft dauert vom 2.Ei ab 19-21 Tage. Gebr\u00fctet wird in der Regenzeit mitunter bis zu dreimal. Gebr\u00fctet wird im Wechsel beider Geschlechter in H\u00f6hlen ohne Einbringung von Nistmaterial. Die Nestlinge werden 30 Tage und mehr versorgt. Nymphensittiche sind als die schnellsten Flieger Australiens bekannt.<\/span><\/p>\n<p><span style=\"color: #0000ff; font-family: georgia,palatino,serif; font-size: 14pt;\">Steckbrief der Wellensittiche<\/span><br \/>\n<span style=\"color: #000000; font-family: georgia,palatino,serif; font-size: 12pt;\"><strong>Lebensraum:<\/strong> Grassteppen insbesondere busch- und baumreich. Nur bei extremer Trockenheit kann man sie in K\u00fcstenregionen beobachten. Die V\u00f6gel ertragen gro\u00dfe Temperaturschwankungen von 40 Grad Celsius tags\u00fcber bis unter Null nachts. In diesem Fall nutzen sie gegenseitig ihre K\u00f6rperw\u00e4rme.<\/span><br \/>\n<span style=\"font-family: georgia,palatino,serif; font-size: 12pt;\"><span style=\"color: #000000;\"><strong>Merkmale:<\/strong> Die Tiere sind ca. 22 cm lang mit fast 10 cm langem Schwanz von gr\u00fcnblauer, zitronengelbgefleckter Farbe.<\/span><span style=\"color: #000000;\">Gefiederfarbe: Kopf und Kehle schwefelgelb, blassgelbe Augen, Oberseite gr\u00fcnlichgelb und fein schwarz quergewellt, Hinterr\u00fccken und B\u00fcrzel grasgr\u00fcn, Unterseite ebenso aber ohne Wellen. <\/span><\/span><span style=\"color: #000000; font-family: georgia,palatino,serif; font-size: 12pt;\"><strong>weitere Merkmale: <\/strong>Blaue Flecken (4) horngelber Schnabel, bl\u00e4ulichgr\u00fcne F\u00fc\u00dfe und in Abh\u00e4ngigkeit vom Geschlecht eine dunkelblaue M\u00e4nnchen oder gelblichgraue Nasenwachshaut. <\/span><span style=\"font-family: georgia,palatino,serif; font-size: 12pt;\"><strong>Nahrungsaufnahme: <\/strong>In Schw\u00e4rmen von bis zu mehr als 100 Tieren werden zum Teil gro\u00dfe Fl\u00fcge unternommen um optimale Nahrungsangebote aber auch Brutpl\u00e4tze zu finden.<\/span><br \/>\n<span style=\"font-family: georgia,palatino,serif; font-size: 12pt;\">N<span style=\"color: #000000;\">ahrung: Samen, Gr\u00e4ser, und anderes ,was zu verwerten ist.<\/span><\/span><\/p>\n<figure id=\"attachment_1126\" aria-describedby=\"caption-attachment-1126\" style=\"width: 300px\" class=\"wp-caption alignleft\"><a href=\"http:\/\/zuhausebeivoit.de\/cms\/wp-content\/uploads\/2018\/09\/bild3-1.jpg\"><img loading=\"lazy\" decoding=\"async\" class=\"size-medium wp-image-1126\" src=\"http:\/\/zuhausebeivoit.de\/cms\/wp-content\/uploads\/2018\/09\/bild3-1-300x225.jpg\" alt=\"\" width=\"300\" height=\"225\" srcset=\"https:\/\/zuhausebeivoit.de\/cms\/wp-content\/uploads\/2018\/09\/bild3-1-300x225.jpg 300w, https:\/\/zuhausebeivoit.de\/cms\/wp-content\/uploads\/2018\/09\/bild3-1.jpg 400w\" sizes=\"auto, (max-width: 300px) 100vw, 300px\" \/><\/a><figcaption id=\"caption-attachment-1126\" class=\"wp-caption-text\">Wellensittichpaar und weiblicher Nymphensittich<\/figcaption><\/figure>\n<p><strong>Fortpflanzung:<\/strong> Die bevorzugten Brutpl\u00e4tze bilden H\u00f6hlen, meist in alten B\u00e4umen. Die Brut erfolgt nach der Regenzeit bei ausreichendem Nahrungsangebot. Wenn nicht, nimmt mitunter der Bestand vor\u00fcbergehend stark ab. Mehrere Gelege von 4-6 Eiern werden nur vom Weibchen in etwa 18 Tagen ausgebr\u00fctet. Das M\u00e4nnchen \u00fcbernimmt die F\u00fctterung und Aufzucht Dauer 4-5 Wochen. Gro\u00dfe Feinde dieser Zigeunerv\u00f6gel bilden Greifv\u00f6gel.<\/p>\n<p><span style=\"color: #000000; font-family: georgia,palatino,serif;\">\u00a0<\/span><\/p>\n<p>&nbsp;<\/p>\n","protected":false},"excerpt":{"rendered":"<p>1995- heute Zierv\u00f6gel &#8211; Allgemeines Heimat der Wellensittiche und Nymphensittiche ist das Landesinnere des australischen Kontinents. Sie geh\u00f6ren zur gro\u00dfen Familie der Papageien. Steckbrief der Nymphensittiche Lebensraum: Steppengebiete, Halbw\u00fcsten. Die Tiere sind nicht an bestimmte Gebiete gebunden. Dichte W\u00e4lder werden gemieden. Nymphensittiche k\u00f6nnen unter extremen Bedingungen leben, Trockenperioden \u00fcberstehen und sehr hohen und niedrigen Temperaturen &hellip; <\/p>\n<p class=\"link-more\"><a href=\"https:\/\/zuhausebeivoit.de\/cms\/?page_id=349\" class=\"more-link\"><span class=\"screen-reader-text\">\u201eV\u00f6gel\u201c<\/span> weiterlesen<\/a><\/p>\n","protected":false},"author":1,"featured_media":0,"parent":0,"menu_order":0,"comment_status":"closed","ping_status":"closed","template":"","meta":{"footnotes":""},"class_list":["post-349","page","type-page","status-publish","hentry"],"_links":{"self":[{"href":"https:\/\/zuhausebeivoit.de\/cms\/index.php?rest_route=\/wp\/v2\/pages\/349","targetHints":{"allow":["GET"]}}],"collection":[{"href":"https:\/\/zuhausebeivoit.de\/cms\/index.php?rest_route=\/wp\/v2\/pages"}],"about":[{"href":"https:\/\/zuhausebeivoit.de\/cms\/index.php?rest_route=\/wp\/v2\/types\/page"}],"author":[{"embeddable":true,"href":"https:\/\/zuhausebeivoit.de\/cms\/index.php?rest_route=\/wp\/v2\/users\/1"}],"replies":[{"embeddable":true,"href":"https:\/\/zuhausebeivoit.de\/cms\/index.php?rest_route=%2Fwp%2Fv2%2Fcomments&post=349"}],"version-history":[{"count":11,"href":"https:\/\/zuhausebeivoit.de\/cms\/index.php?rest_route=\/wp\/v2\/pages\/349\/revisions"}],"predecessor-version":[{"id":1349,"href":"https:\/\/zuhausebeivoit.de\/cms\/index.php?rest_route=\/wp\/v2\/pages\/349\/revisions\/1349"}],"wp:attachment":[{"href":"https:\/\/zuhausebeivoit.de\/cms\/index.php?rest_route=%2Fwp%2Fv2%2Fmedia&parent=349"}],"curies":[{"name":"wp","href":"https:\/\/api.w.org\/{rel}","templated":true}]}}