{"id":339,"date":"2018-09-07T08:41:48","date_gmt":"2018-09-07T06:41:48","guid":{"rendered":"http:\/\/zuhausebeivoit.de\/cms\/?page_id=339"},"modified":"2018-09-26T11:36:49","modified_gmt":"2018-09-26T09:36:49","slug":"kinder","status":"publish","type":"page","link":"https:\/\/zuhausebeivoit.de\/cms\/?page_id=339","title":{"rendered":"Annekatrin"},"content":{"rendered":"<p><strong><span style=\"color: #0000ff; font-family: georgia,palatino,serif; font-size: 18pt;\">Tochter Annekatrin<\/span><\/strong><\/p>\n<p><span style=\"color: #0000ff;\">\u00a0 <span style=\"font-family: georgia,palatino,serif; font-size: 14pt;\">A. Voit\u00a0\u00a0\u00a0\u00a0\u00a0 \u00a0&#8222;Aus meinem Leben&#8220;\u00a0<\/span><\/span><span style=\"font-family: georgia,palatino,serif; font-size: 14pt;\">\u00a0\u00a0\u00a0\u00a0\u00a0\u00a0\u00a0\u00a0 Ausz\u00fcge<\/span><\/p>\n<p><span style=\"color: #800000; font-family: georgia,palatino,serif;\"><span style=\"color: #000000;\">Geboren am 10.8.1983<\/span> &#8230;&#8230;&#8230;..<span style=\"color: #0000ff;\">im sch\u00f6nen Gera, f\u00fcr ein kleines Kind ein unheimlich interessantes Territorium. Wir wohnten im neueren Stadtteil Lusan (Wiesen, W\u00e4lder, Maisfelder und Plattenbauten). Mir als Kind gefiel diese Gegend, meinen Eltern allerdings etwas weniger. Dementsprechend wurde ich mit 10 Jahren von diesem idyllischen Ort in einen anderen nicht weniger idyllischen Ort transportiert, in ein Eigenheim in P\u00f6lzig, \u00fcber th\u00fcringische Grenzen hinweg bekannt als Fruchtsaft und &#8211; wein Metropole.<\/span><\/span><\/p>\n<p><a href=\"http:\/\/zuhausebeivoit.de\/cms\/wp-content\/uploads\/2018\/09\/leben1.jpg\"><img loading=\"lazy\" decoding=\"async\" class=\"alignleft size-medium wp-image-1532\" src=\"http:\/\/zuhausebeivoit.de\/cms\/wp-content\/uploads\/2018\/09\/leben1-285x300.jpg\" alt=\"\" width=\"285\" height=\"300\" srcset=\"https:\/\/zuhausebeivoit.de\/cms\/wp-content\/uploads\/2018\/09\/leben1-285x300.jpg 285w, https:\/\/zuhausebeivoit.de\/cms\/wp-content\/uploads\/2018\/09\/leben1.jpg 400w\" sizes=\"auto, (max-width: 285px) 100vw, 285px\" \/><\/a><span style=\"color: #000000; font-family: georgia,palatino,serif;\">Besuch der\u00a0Grund-\u00a0und Regelschule <\/span><br \/>\n<span style=\"color: #000000; font-family: georgia,palatino,serif;\">Abschluss mit einem\u00a0 ziemlich guten Realschulabschluss<\/span><br \/>\n<span style=\"color: #000000; font-family: georgia,palatino,serif;\">3Jahre A.Schweitzer Gymnasium Gera<\/span><br \/>\n<span style=\"color: #000000; font-family: georgia,palatino,serif;\">Abitur 2002<\/span><br \/>\n<span style=\"color: #800000; font-family: georgia,palatino,serif;\"><span style=\"color: #000000;\">Oktober 2002\u00a0Wests\u00e4chsischen Hochschule Zwickau,<\/span> <span style=\"color: #0000ff;\">&#8230;..wo ich Woche f\u00fcr Woche mit der \u00f6ffentlichen Wirtschaft, mit den Schwerpunkten Gesundheitswesen und Unternehmensf\u00fchrung, k\u00e4mpfte. Das hatte ein Ende als ich mich entschloss die Wirtschaft sich selbst zu \u00fcberlassen und mich einem anderen, praktischerem Thema zu widmen: unserer Umwelt<\/span><\/span><br \/>\n<span style=\"color: #0000ff; font-family: georgia,palatino,serif;\">Verbunden mit dieser Zeit war auch das <\/span><span style=\"color: #0000ff; font-family: georgia,palatino,serif;\"><strong>Ausbrechen des Voit`schen Virus,<\/strong> das zwanghafte <strong>Anschaffen von Haustieren.<\/strong> Wenn er einmal ausgebrochen ist, wird man ihn nicht mehr los und so kam es zu einem sprunghaften Anstieg unserer Hausbewohnerzahl.<\/span><\/p>\n<p><a href=\"http:\/\/zuhausebeivoit.de\/cms\/wp-content\/uploads\/2018\/09\/Unbenannt-3.jpg\"><img loading=\"lazy\" decoding=\"async\" class=\"alignleft size-medium wp-image-1541\" src=\"http:\/\/zuhausebeivoit.de\/cms\/wp-content\/uploads\/2018\/09\/Unbenannt-3-242x300.jpg\" alt=\"\" width=\"242\" height=\"300\" srcset=\"https:\/\/zuhausebeivoit.de\/cms\/wp-content\/uploads\/2018\/09\/Unbenannt-3-242x300.jpg 242w, https:\/\/zuhausebeivoit.de\/cms\/wp-content\/uploads\/2018\/09\/Unbenannt-3.jpg 345w\" sizes=\"auto, (max-width: 242px) 100vw, 242px\" \/><\/a><\/p>\n<p><span style=\"font-family: georgia,palatino,serif;\">Ab Oktober 2004\u00a0Studentin der angewandten Umweltwissenschaften\u00a0 an <span style=\"color: #0000ff;\">Friedrich Schiller Universit\u00e4t Jena-Abschluss <strong>2007 mit Bachelor of Science<\/strong><\/span><\/span><br \/>\n<span style=\"font-family: georgia,palatino,serif;\">weiter bis <span style=\"color: #0000ff;\"><strong>2009 mit Abschluss mit Master of Science<\/strong><\/span><\/span><br \/>\n<span style=\"font-family: georgia,palatino,serif;\">weiter mit Promotion <\/span><br \/>\n<span style=\"font-family: georgia,palatino,serif;\">Abschluss Oktober \u00a0<strong><span style=\"color: #0000ff;\">2015<\/span><\/strong><\/span><br \/>\n<strong><span style=\"color: #0000ff; font-family: georgia,palatino,serif;\"> mit Doktor rer. nat.<\/span><\/strong><\/p>\n<p>&nbsp;<\/p>\n<p><span style=\"color: #0000ff;\"><strong>April 2016 Aufnahme der Lehrt\u00e4tigkeit an einem <\/strong><\/span><span style=\"color: #0000ff;\"><strong>internationalem Gymnasium in Sachsen<\/strong><\/span><\/p>\n","protected":false},"excerpt":{"rendered":"<p>Tochter Annekatrin \u00a0 A. Voit\u00a0\u00a0\u00a0\u00a0\u00a0 \u00a0&#8222;Aus meinem Leben&#8220;\u00a0\u00a0\u00a0\u00a0\u00a0\u00a0\u00a0\u00a0\u00a0 Ausz\u00fcge Geboren am 10.8.1983 &#8230;&#8230;&#8230;..im sch\u00f6nen Gera, f\u00fcr ein kleines Kind ein unheimlich interessantes Territorium. Wir wohnten im neueren Stadtteil Lusan (Wiesen, W\u00e4lder, Maisfelder und Plattenbauten). Mir als Kind gefiel diese Gegend, meinen Eltern allerdings etwas weniger. Dementsprechend wurde ich mit 10 Jahren von diesem idyllischen Ort &hellip; <\/p>\n<p class=\"link-more\"><a href=\"https:\/\/zuhausebeivoit.de\/cms\/?page_id=339\" class=\"more-link\"><span class=\"screen-reader-text\">\u201eAnnekatrin\u201c<\/span> weiterlesen<\/a><\/p>\n","protected":false},"author":1,"featured_media":0,"parent":0,"menu_order":0,"comment_status":"closed","ping_status":"closed","template":"","meta":{"footnotes":""},"class_list":["post-339","page","type-page","status-publish","hentry"],"_links":{"self":[{"href":"https:\/\/zuhausebeivoit.de\/cms\/index.php?rest_route=\/wp\/v2\/pages\/339","targetHints":{"allow":["GET"]}}],"collection":[{"href":"https:\/\/zuhausebeivoit.de\/cms\/index.php?rest_route=\/wp\/v2\/pages"}],"about":[{"href":"https:\/\/zuhausebeivoit.de\/cms\/index.php?rest_route=\/wp\/v2\/types\/page"}],"author":[{"embeddable":true,"href":"https:\/\/zuhausebeivoit.de\/cms\/index.php?rest_route=\/wp\/v2\/users\/1"}],"replies":[{"embeddable":true,"href":"https:\/\/zuhausebeivoit.de\/cms\/index.php?rest_route=%2Fwp%2Fv2%2Fcomments&post=339"}],"version-history":[{"count":14,"href":"https:\/\/zuhausebeivoit.de\/cms\/index.php?rest_route=\/wp\/v2\/pages\/339\/revisions"}],"predecessor-version":[{"id":1568,"href":"https:\/\/zuhausebeivoit.de\/cms\/index.php?rest_route=\/wp\/v2\/pages\/339\/revisions\/1568"}],"wp:attachment":[{"href":"https:\/\/zuhausebeivoit.de\/cms\/index.php?rest_route=%2Fwp%2Fv2%2Fmedia&parent=339"}],"curies":[{"name":"wp","href":"https:\/\/api.w.org\/{rel}","templated":true}]}}