{"id":1939,"date":"2018-11-06T10:12:32","date_gmt":"2018-11-06T09:12:32","guid":{"rendered":"http:\/\/zuhausebeivoit.de\/cms\/?page_id=1939"},"modified":"2018-11-06T10:16:49","modified_gmt":"2018-11-06T09:16:49","slug":"wandelnde-blaetter","status":"publish","type":"page","link":"https:\/\/zuhausebeivoit.de\/cms\/?page_id=1939","title":{"rendered":"Wandelnde Bl\u00e4tter"},"content":{"rendered":"<p><span style=\"font-family: georgia,palatino,serif; font-size: 14pt;\">Einem <\/span>Angebot im Haustieranzeiger \u201ebiete Eier, Larvenstadien oder erwachsene Tiere <span style=\"color: #0000ff; font-size: 14pt;\"><strong>(Wandelnde Bl\u00e4tter)<\/strong><\/span>\u00a0von phyllium giganteum und<br \/>\nPhyllium siccifolium\u201c konnte ich eines Tages nicht mehr wiederstehen.<br \/>\n<span style=\"color: #0000ff;\">Auch meine Familie und ich wollten die <strong>Faszination dieser Tiere<\/strong> hautnah miterleben.<\/span><br \/>\nUnd so startete die <span style=\"color: #0000ff;\">mehrere Jahre anhaltende Haltung und Nachzucht<\/span> dieser beiden Arten.<br \/>\nDie <strong><span style=\"color: #0000ff;\">australischen<\/span> <span style=\"color: #0000ff;\">Gespenstschrecke<\/span><\/strong>, die<br \/>\n<span style=\"color: #0000ff;\"><strong>Dornschrecke aus Borneo <\/strong><\/span>und die Stabschrecken sollten auch noch folgen.<\/p>\n<p><a href=\"http:\/\/zuhausebeivoit.de\/cms\/wp-content\/uploads\/2018\/09\/2-1.jpg\"><img loading=\"lazy\" decoding=\"async\" class=\"alignleft size-medium wp-image-1444\" src=\"http:\/\/zuhausebeivoit.de\/cms\/wp-content\/uploads\/2018\/09\/2-1-300x225.jpg\" alt=\"\" width=\"300\" height=\"225\" srcset=\"https:\/\/zuhausebeivoit.de\/cms\/wp-content\/uploads\/2018\/09\/2-1-300x225.jpg 300w, https:\/\/zuhausebeivoit.de\/cms\/wp-content\/uploads\/2018\/09\/2-1.jpg 640w\" sizes=\"auto, (max-width: 300px) 100vw, 300px\" \/><\/a><\/p>\n<p><span style=\"color: #0000ff;\"><strong>Wandelnde Bl\u00e4tter <\/strong><\/span><br \/>\n<span style=\"color: #0000ff;\"><strong>(Insekta: Phasmidae &#8211; Phylliidae): <\/strong><\/span><br \/>\npflanzenfressende\u00a0Insekten\u00a0 welche nachtaktiv sind und tags\u00fcber oft unbeweglich<br \/>\nNachahmen der Bl\u00e4tter durch \u00c4u\u00dferes und Verhalten,auch Tarnung durch Schaukeln (Bl\u00e4tter )im Wind<\/p>\n<p><span style=\"color: #0000ff;\"><strong>Erdgeschichtlich sehr alte Spezies<\/strong><\/span><br \/>\n<strong><span style=\"color: #0000ff;\">Verbreitungsgebiet:<\/span>\u00a0 <\/strong>Seychellen, S\u00fcdostasien, chinesischen Provinzen, Tibet<br \/>\nMelanesien<\/p>\n<p><span style=\"color: #0000ff;\"><strong>Gr\u00f6\u00dfe: <\/strong><\/span>zwischen 24 und 120 mm<br \/>\nLaubblattartiger K\u00f6rper und blattartig verbreiterte Beine<br \/>\nFarben der Arten gr\u00fcn ,gelb ,braun r\u00f6tlich oder variabel<br \/>\nWeibchen: sehr breiter Hinterleib und laubartige vordere Deckfl\u00fcgel<\/p>\n<p><a href=\"http:\/\/zuhausebeivoit.de\/cms\/wp-content\/uploads\/2018\/09\/3-1.jpg\"><img loading=\"lazy\" decoding=\"async\" class=\"alignleft size-medium wp-image-1445\" src=\"http:\/\/zuhausebeivoit.de\/cms\/wp-content\/uploads\/2018\/09\/3-1-300x225.jpg\" alt=\"\" width=\"300\" height=\"225\" srcset=\"https:\/\/zuhausebeivoit.de\/cms\/wp-content\/uploads\/2018\/09\/3-1-300x225.jpg 300w, https:\/\/zuhausebeivoit.de\/cms\/wp-content\/uploads\/2018\/09\/3-1.jpg 640w\" sizes=\"auto, (max-width: 300px) 100vw, 300px\" \/><\/a><\/p>\n<p>&nbsp;<\/p>\n<p>&nbsp;<\/p>\n<p>&nbsp;<\/p>\n<p>&nbsp;<\/p>\n<p>&nbsp;<\/p>\n<p>&nbsp;<\/p>\n<p>&nbsp;<\/p>\n<p>&nbsp;<\/p>\n","protected":false},"excerpt":{"rendered":"<p>Einem Angebot im Haustieranzeiger \u201ebiete Eier, Larvenstadien oder erwachsene Tiere (Wandelnde Bl\u00e4tter)\u00a0von phyllium giganteum und Phyllium siccifolium\u201c konnte ich eines Tages nicht mehr wiederstehen. Auch meine Familie und ich wollten die Faszination dieser Tiere hautnah miterleben. Und so startete die mehrere Jahre anhaltende Haltung und Nachzucht dieser beiden Arten. Die australischen Gespenstschrecke, die Dornschrecke aus &hellip; <\/p>\n<p class=\"link-more\"><a href=\"https:\/\/zuhausebeivoit.de\/cms\/?page_id=1939\" class=\"more-link\"><span class=\"screen-reader-text\">\u201eWandelnde Bl\u00e4tter\u201c<\/span> weiterlesen<\/a><\/p>\n","protected":false},"author":2,"featured_media":0,"parent":0,"menu_order":0,"comment_status":"closed","ping_status":"closed","template":"","meta":{"footnotes":""},"class_list":["post-1939","page","type-page","status-publish","hentry"],"_links":{"self":[{"href":"https:\/\/zuhausebeivoit.de\/cms\/index.php?rest_route=\/wp\/v2\/pages\/1939","targetHints":{"allow":["GET"]}}],"collection":[{"href":"https:\/\/zuhausebeivoit.de\/cms\/index.php?rest_route=\/wp\/v2\/pages"}],"about":[{"href":"https:\/\/zuhausebeivoit.de\/cms\/index.php?rest_route=\/wp\/v2\/types\/page"}],"author":[{"embeddable":true,"href":"https:\/\/zuhausebeivoit.de\/cms\/index.php?rest_route=\/wp\/v2\/users\/2"}],"replies":[{"embeddable":true,"href":"https:\/\/zuhausebeivoit.de\/cms\/index.php?rest_route=%2Fwp%2Fv2%2Fcomments&post=1939"}],"version-history":[{"count":3,"href":"https:\/\/zuhausebeivoit.de\/cms\/index.php?rest_route=\/wp\/v2\/pages\/1939\/revisions"}],"predecessor-version":[{"id":1941,"href":"https:\/\/zuhausebeivoit.de\/cms\/index.php?rest_route=\/wp\/v2\/pages\/1939\/revisions\/1941"}],"wp:attachment":[{"href":"https:\/\/zuhausebeivoit.de\/cms\/index.php?rest_route=%2Fwp%2Fv2%2Fmedia&parent=1939"}],"curies":[{"name":"wp","href":"https:\/\/api.w.org\/{rel}","templated":true}]}}