{"id":1631,"date":"2018-10-02T22:37:52","date_gmt":"2018-10-02T20:37:52","guid":{"rendered":"http:\/\/zuhausebeivoit.de\/cms\/?page_id=1631"},"modified":"2018-10-03T16:43:15","modified_gmt":"2018-10-03T14:43:15","slug":"haltung-5","status":"publish","type":"page","link":"https:\/\/zuhausebeivoit.de\/cms\/?page_id=1631","title":{"rendered":"Haltung"},"content":{"rendered":"<div id=\"metaslider-id-1635\" style=\"max-width: 700px;\" class=\"ml-slider-3-91-0 metaslider metaslider-flex metaslider-1635 ml-slider ms-theme-default\" role=\"region\" aria-roledescription=\"Slideshow\" aria-label=\"New Slideshow\">\n    <div id=\"metaslider_container_1635\">\n        <div id=\"metaslider_1635\">\n            <ul class='slides'>\n                <li style=\"display: block; width: 100%;\" class=\"slide-1705 ms-image \" aria-roledescription=\"slide\" aria-label=\"slide-1705\"><img loading=\"lazy\" decoding=\"async\" src=\"https:\/\/zuhausebeivoit.de\/cms\/wp-content\/uploads\/2018\/10\/26-640x274.jpg\" height=\"300\" width=\"700\" alt=\"\" class=\"slider-1635 slide-1705\" title=\"26\" \/><\/li>\n                <li style=\"display: none; width: 100%;\" class=\"slide-1706 ms-image \" aria-roledescription=\"slide\" aria-label=\"slide-1706\"><img loading=\"lazy\" decoding=\"async\" src=\"https:\/\/zuhausebeivoit.de\/cms\/wp-content\/uploads\/2018\/10\/23-640x274.jpg\" height=\"300\" width=\"700\" alt=\"\" class=\"slider-1635 slide-1706\" title=\"23\" \/><\/li>\n                <li style=\"display: none; width: 100%;\" class=\"slide-1707 ms-image \" aria-roledescription=\"slide\" aria-label=\"slide-1707\"><img loading=\"lazy\" decoding=\"async\" src=\"https:\/\/zuhausebeivoit.de\/cms\/wp-content\/uploads\/2018\/10\/24-640x274.jpg\" height=\"300\" width=\"700\" alt=\"\" class=\"slider-1635 slide-1707\" title=\"24\" \/><\/li>\n                <li style=\"display: none; width: 100%;\" class=\"slide-1708 ms-image \" aria-roledescription=\"slide\" aria-label=\"slide-1708\"><img loading=\"lazy\" decoding=\"async\" src=\"https:\/\/zuhausebeivoit.de\/cms\/wp-content\/uploads\/2018\/10\/25-640x274.jpg\" height=\"300\" width=\"700\" alt=\"\" class=\"slider-1635 slide-1708\" title=\"25\" \/><\/li>\n                <li style=\"display: none; width: 100%;\" class=\"slide-1709 ms-image \" aria-roledescription=\"slide\" aria-label=\"slide-1709\"><img loading=\"lazy\" decoding=\"async\" src=\"https:\/\/zuhausebeivoit.de\/cms\/wp-content\/uploads\/2018\/10\/17-640x274.jpg\" height=\"300\" width=\"700\" alt=\"\" class=\"slider-1635 slide-1709\" title=\"17\" \/><\/li>\n                <li style=\"display: none; width: 100%;\" class=\"slide-1710 ms-image \" aria-roledescription=\"slide\" aria-label=\"slide-1710\"><img loading=\"lazy\" decoding=\"async\" src=\"https:\/\/zuhausebeivoit.de\/cms\/wp-content\/uploads\/2018\/10\/18-640x274.jpg\" height=\"300\" width=\"700\" alt=\"\" class=\"slider-1635 slide-1710\" title=\"18\" \/><\/li>\n                <li style=\"display: none; width: 100%;\" class=\"slide-1711 ms-image \" aria-roledescription=\"slide\" aria-label=\"slide-1711\"><img loading=\"lazy\" decoding=\"async\" src=\"https:\/\/zuhausebeivoit.de\/cms\/wp-content\/uploads\/2018\/10\/4-640x274.jpg\" height=\"300\" width=\"700\" alt=\"\" class=\"slider-1635 slide-1711\" title=\"4\" \/><\/li>\n                <li style=\"display: none; width: 100%;\" class=\"slide-1714 ms-image \" aria-roledescription=\"slide\" aria-label=\"slide-1714\"><img loading=\"lazy\" decoding=\"async\" src=\"https:\/\/zuhausebeivoit.de\/cms\/wp-content\/uploads\/2018\/10\/22-640x274.jpg\" height=\"300\" width=\"700\" alt=\"\" class=\"slider-1635 slide-1714\" title=\"22\" \/><\/li>\n            <\/ul>\n        <\/div>\n        \n    <\/div>\n<\/div>\n<p><span style=\"color: #0000ff;\"><strong>Gr\u00f6\u00dfe:<\/strong><\/span> ca. 35 bis 55 cm lang(M\u00e4nnchen gr\u00f6\u00dfer)<br \/>\n<span style=\"color: #0000ff;\"><strong>Alter:<\/strong><\/span> Wildbahn 2-3 in Gefangenschaft k\u00f6nnen es durchaus 4-7 sein<br \/>\n<span style=\"color: #0000ff;\"><strong>Speiseplan im Terrarium:<\/strong><\/span><br \/>\nInsekten, Heimchen, Heuschrecken, Schaben, Fliegen und Mehlw\u00fcrmer Auf Abwechslung achten! In Abst\u00e4nden Futtertiere regelm\u00e4\u00dfigen mit speziellem Vitaminpulver best\u00e4uben.<br \/>\n<strong><span style=\"color: #0000ff;\">Terrarium Gr\u00f6\u00dfe je mehr desto besser!\u00a0\u00a0\u00a0\u00a0\u00a0\u00a0\u00a0\u00a0\u00a0\u00a0\u00a0\u00a0 Nicht an H\u00f6he sparen!<\/span> <\/strong><\/p>\n<p><a href=\"http:\/\/zuhausebeivoit.de\/cms\/wp-content\/uploads\/2018\/10\/IMG-20180901-WA0003.jpg\"><img loading=\"lazy\" decoding=\"async\" class=\"alignright size-medium wp-image-1626\" src=\"http:\/\/zuhausebeivoit.de\/cms\/wp-content\/uploads\/2018\/10\/IMG-20180901-WA0003-242x300.jpg\" alt=\"\" width=\"242\" height=\"300\" srcset=\"https:\/\/zuhausebeivoit.de\/cms\/wp-content\/uploads\/2018\/10\/IMG-20180901-WA0003-242x300.jpg 242w, https:\/\/zuhausebeivoit.de\/cms\/wp-content\/uploads\/2018\/10\/IMG-20180901-WA0003-768x953.jpg 768w, https:\/\/zuhausebeivoit.de\/cms\/wp-content\/uploads\/2018\/10\/IMG-20180901-WA0003-825x1024.jpg 825w, https:\/\/zuhausebeivoit.de\/cms\/wp-content\/uploads\/2018\/10\/IMG-20180901-WA0003.jpg 848w\" sizes=\"auto, (max-width: 242px) 100vw, 242px\" \/><\/a><span style=\"color: #0000ff;\"><strong>Temperatur:<\/strong> <\/span>Sommer ca.<span style=\"color: #0000ff;\"> 27 bis 30<\/span> Grad am <span style=\"color: #0000ff;\">Tag<\/span> und <span style=\"color: #0000ff;\">20 bis 24<\/span> Grad <span style=\"color: #0000ff;\">nachts<\/span><br \/>\nWnter 22 bis 25 Grad am Tag und 18-20 Grad nachts.<br \/>\n<span style=\"color: #0000ff;\"><strong>Luftfeuchtigkeit::<\/strong> <\/span>wichtig ist die durchschnittliche Luftfeuchtigkeit von ca. <span style=\"color: #0000ff;\">70 bis 80%.<\/span> <strong><span style=\"color: #0000ff;\">T\u00e4glich spr\u00fchen!<\/span><\/strong> Wichtig ist auf jeden Fall, dass sich Wassertropfen bilden, die vom Panthercham\u00e4leon von den Bl\u00e4ttern der Pflanzen aufgeleckt werden\u00a0 um ihre Fl\u00fcssigkeit auf zu nehmen.<br \/>\n<strong><span style=\"color: #0000ff;\">Einrichtung:<\/span><\/strong><br \/>\n<span style=\"color: #0000ff;\">viele Pflanzen<\/span> (z.B. Ficus auch Farne )Vorsicht vor giftigen Pflanzen!<br \/>\nKletterm\u00f6glichkeiten wie<span style=\"color: #0000ff;\"> \u00c4ste und Zweige<\/span> (Einfallsreichtum ist gefragt)<br \/>\n<strong><span style=\"color: #0000ff;\">Auf St\u00e4rken achten!\u00a0\u00a0 <\/span><\/strong>\u00a0Die Tiere wachsen.<br \/>\n<span style=\"color: #0000ff;\"><strong>Steine als Sonnenplatz<\/strong><\/span><br \/>\nSuper geeignet sind <strong><span style=\"color: #0000ff;\">Korkplatten an der R\u00fcck- und\/oder Seitenwand<\/span> <\/strong>des Terrariums.(Gute Kletterm\u00f6glichkeiten)<br \/>\n<span style=\"color: #0000ff;\"><strong>Beleuchtung:<\/strong><\/span><br \/>\nBedingungen sind Helligkeit (HQI-Strahler), W\u00e4rmelampe (Sonnenterrasse), UV-Strahler (Bildung lebenswichtiger Vitamine z.B. D3). Es reicht, wenn die W\u00e4rmelampen stundenweise angeschaltet werden.<br \/>\n<span style=\"color: #0000ff;\">Eingerichtete Freiluftterrarium oder stundenweiser Aufenthalt im Freien sind sehr gut. Vorsicht vor Zugluft!<\/span><br \/>\n<span style=\"color: #0000ff; font-size: 18pt;\"><strong>Cham\u00e4leons sind Einzelg\u00e4nger.<\/strong><\/span><\/p>\n<p>&nbsp;<\/p>\n","protected":false},"excerpt":{"rendered":"<p>Gr\u00f6\u00dfe: ca. 35 bis 55 cm lang(M\u00e4nnchen gr\u00f6\u00dfer) Alter: Wildbahn 2-3 in Gefangenschaft k\u00f6nnen es durchaus 4-7 sein Speiseplan im Terrarium: Insekten, Heimchen, Heuschrecken, Schaben, Fliegen und Mehlw\u00fcrmer Auf Abwechslung achten! In Abst\u00e4nden Futtertiere regelm\u00e4\u00dfigen mit speziellem Vitaminpulver best\u00e4uben. Terrarium Gr\u00f6\u00dfe je mehr desto besser!\u00a0\u00a0\u00a0\u00a0\u00a0\u00a0\u00a0\u00a0\u00a0\u00a0\u00a0\u00a0 Nicht an H\u00f6he sparen! Temperatur: Sommer ca. 27 bis 30 &hellip; <\/p>\n<p class=\"link-more\"><a href=\"https:\/\/zuhausebeivoit.de\/cms\/?page_id=1631\" class=\"more-link\"><span class=\"screen-reader-text\">\u201eHaltung\u201c<\/span> weiterlesen<\/a><\/p>\n","protected":false},"author":2,"featured_media":0,"parent":0,"menu_order":0,"comment_status":"closed","ping_status":"closed","template":"","meta":{"footnotes":""},"class_list":["post-1631","page","type-page","status-publish","hentry"],"_links":{"self":[{"href":"https:\/\/zuhausebeivoit.de\/cms\/index.php?rest_route=\/wp\/v2\/pages\/1631","targetHints":{"allow":["GET"]}}],"collection":[{"href":"https:\/\/zuhausebeivoit.de\/cms\/index.php?rest_route=\/wp\/v2\/pages"}],"about":[{"href":"https:\/\/zuhausebeivoit.de\/cms\/index.php?rest_route=\/wp\/v2\/types\/page"}],"author":[{"embeddable":true,"href":"https:\/\/zuhausebeivoit.de\/cms\/index.php?rest_route=\/wp\/v2\/users\/2"}],"replies":[{"embeddable":true,"href":"https:\/\/zuhausebeivoit.de\/cms\/index.php?rest_route=%2Fwp%2Fv2%2Fcomments&post=1631"}],"version-history":[{"count":9,"href":"https:\/\/zuhausebeivoit.de\/cms\/index.php?rest_route=\/wp\/v2\/pages\/1631\/revisions"}],"predecessor-version":[{"id":1720,"href":"https:\/\/zuhausebeivoit.de\/cms\/index.php?rest_route=\/wp\/v2\/pages\/1631\/revisions\/1720"}],"wp:attachment":[{"href":"https:\/\/zuhausebeivoit.de\/cms\/index.php?rest_route=%2Fwp%2Fv2%2Fmedia&parent=1631"}],"curies":[{"name":"wp","href":"https:\/\/api.w.org\/{rel}","templated":true}]}}