{"id":1619,"date":"2018-10-02T22:16:33","date_gmt":"2018-10-02T20:16:33","guid":{"rendered":"http:\/\/zuhausebeivoit.de\/cms\/?page_id=1619"},"modified":"2018-10-02T22:29:45","modified_gmt":"2018-10-02T20:29:45","slug":"chamaeleon","status":"publish","type":"page","link":"https:\/\/zuhausebeivoit.de\/cms\/?page_id=1619","title":{"rendered":"Cham\u00e4leon"},"content":{"rendered":"<p><span style=\"color: #0000ff;\"><strong><span style=\"font-family: georgia,palatino,serif;\"><span style=\"font-size: 14pt;\">Panthercham\u00e4leon (Furcifer pardalis)<\/span> <\/span><\/strong><\/span><\/p>\n<p><span style=\"color: #000000;\"><span style=\"font-family: georgia,palatino,serif;\">Wie auf eine der vorangegangenen Seiten verstarb unser Anolis nach dem er sehr alt geworden ist. <\/span><span style=\"font-family: georgia,palatino,serif;\">Nach den vielen <strong>unterschiedlichen Erfahrungen in Haltung und Zucht von Reptilien-, Insekten,-Vogel- und nicht zu Letzt Kleins\u00e4ugerarten<\/strong> hatten wir eigentlich nicht vor nochmals Tiere anzuschaffen. <\/span><span style=\"font-family: georgia,palatino,serif;\">Aber nach langem hin und her <strong>entschieden wir uns<\/strong> dennoch f\u00fcr die Haltung eines <strong>Cham\u00e4leons.<\/strong><\/span><\/span><\/p>\n<p><span style=\"color: #0000ff; font-family: georgia,palatino,serif; font-size: 14pt;\">Und so lebt nun ein wenige Wochen altes Panthercham\u00e4leon<\/span><br \/>\n<span style=\"color: #0000ff; font-family: georgia,palatino,serif; font-size: 14pt;\"> (Furcifer pardalis) bei uns.<\/span><\/p>\n<p><a href=\"http:\/\/zuhausebeivoit.de\/cms\/wp-content\/uploads\/2018\/10\/IMG-20180901-WA0001.jpg\"><img loading=\"lazy\" decoding=\"async\" class=\"size-thumbnail wp-image-1624 alignleft\" src=\"http:\/\/zuhausebeivoit.de\/cms\/wp-content\/uploads\/2018\/10\/IMG-20180901-WA0001-150x150.jpg\" alt=\"\" width=\"150\" height=\"150\" srcset=\"https:\/\/zuhausebeivoit.de\/cms\/wp-content\/uploads\/2018\/10\/IMG-20180901-WA0001-150x150.jpg 150w, https:\/\/zuhausebeivoit.de\/cms\/wp-content\/uploads\/2018\/10\/IMG-20180901-WA0001-100x100.jpg 100w\" sizes=\"auto, (max-width: 150px) 100vw, 150px\" \/><\/a><\/p>\n<p><a href=\"http:\/\/zuhausebeivoit.de\/cms\/wp-content\/uploads\/2018\/10\/IMG-20180901-WA0002.jpg\"><img loading=\"lazy\" decoding=\"async\" class=\"size-thumbnail wp-image-1625 alignleft\" src=\"http:\/\/zuhausebeivoit.de\/cms\/wp-content\/uploads\/2018\/10\/IMG-20180901-WA0002-150x150.jpg\" alt=\"\" width=\"150\" height=\"150\" srcset=\"https:\/\/zuhausebeivoit.de\/cms\/wp-content\/uploads\/2018\/10\/IMG-20180901-WA0002-150x150.jpg 150w, https:\/\/zuhausebeivoit.de\/cms\/wp-content\/uploads\/2018\/10\/IMG-20180901-WA0002-100x100.jpg 100w\" sizes=\"auto, (max-width: 150px) 100vw, 150px\" \/><\/a><a href=\"http:\/\/zuhausebeivoit.de\/cms\/wp-content\/uploads\/2018\/10\/IMG-20180901-WA0004.jpg\"><img loading=\"lazy\" decoding=\"async\" class=\"size-thumbnail wp-image-1627 alignleft\" src=\"http:\/\/zuhausebeivoit.de\/cms\/wp-content\/uploads\/2018\/10\/IMG-20180901-WA0004-150x150.jpg\" alt=\"\" width=\"150\" height=\"150\" srcset=\"https:\/\/zuhausebeivoit.de\/cms\/wp-content\/uploads\/2018\/10\/IMG-20180901-WA0004-150x150.jpg 150w, https:\/\/zuhausebeivoit.de\/cms\/wp-content\/uploads\/2018\/10\/IMG-20180901-WA0004-100x100.jpg 100w\" sizes=\"auto, (max-width: 150px) 100vw, 150px\" \/><br \/>\n<\/a><\/p>\n<p>&nbsp;<\/p>\n<p><span style=\"color: #000000; font-family: georgia,palatino,serif;\">Nach <strong>Studium unterschiedlicher Literatur<\/strong> wurde daf\u00fcr ein<\/span><br \/>\n<span style=\"color: #000000; font-family: georgia,palatino,serif;\"> entsprechendes Terrarium eingerichtet.<\/span><br \/>\n<span style=\"color: #000000; font-family: georgia,palatino,serif;\"><span style=\"color: #0000ff; font-size: 14pt;\">Lebensraum<\/span> der Tiere: <span style=\"color: #0000ff;\"><strong><span style=\"font-size: 14pt;\">Madagaska<\/span><\/strong><\/span><\/span><br \/>\n<span style=\"color: #000000; font-family: georgia,palatino,serif;\">Als tagaktive Tiere bewohnen sie B\u00e4ume und B\u00fcsche, sind aber auch in G\u00e4rten und an Feldr\u00e4ndern zu finden.<\/span><br \/>\n<span style=\"color: #000000; font-family: georgia,palatino,serif;\">Sie ben\u00f6tigen im Terrarium<span style=\"color: #0000ff;\"><strong><span style=\"font-size: 14pt;\"> analoge Lebensbedingungen<\/span> <\/strong><\/span>wie in ihrer Heimat <\/span><span style=\"color: #000000; font-family: georgia,palatino,serif;\">Dies trifft insbesondere auf wechselnde <span style=\"color: #0000ff; font-size: 14pt;\"><strong>Tag-und Nachttemperaturen<\/strong> <\/span>sowie <span style=\"color: #0000ff;\"><strong><span style=\"font-size: 14pt;\">Luftfeuchtigkeit<\/span> <\/strong><\/span>zu.<\/span><br \/>\n<span style=\"color: #0000ff; font-family: georgia,palatino,serif;\"><strong>Haupts\u00e4chlich weisen m\u00e4nnliche Tiere eine gro\u00dfe Farbenvielfalt auf. Die Hautfarbe wechselt insbesondere aus kommunikativen Gr\u00fcnden z.B. bei Rivalenk\u00e4mpfen oder zur Tarnung<\/strong><\/span><br \/>\n<span style=\"color: #000000; font-family: georgia,palatino,serif;\">Nicht bewiesen sind diese Verf\u00e4rbungen f\u00fcr eine Regionalspezifik.<\/span><br \/>\n<span style=\"color: #000000; font-family: georgia,palatino,serif;\">Wie viele andere Kriechtiere auch bewegen Cham\u00e4leons<span style=\"color: #0000ff; font-size: 14pt;\"><strong> ihre Augen unabh\u00e4ngig<\/strong> <\/span>voneinander. Der <span style=\"color: #0000ff; font-size: 14pt;\"><strong>Schwanz <\/strong><\/span><\/span><span style=\"color: #000000; font-family: georgia,palatino,serif;\">ist im Ruhezustand <strong><span style=\"color: #0000ff; font-size: 14pt;\">geringelt.<\/span><\/strong><\/span><\/p>\n<p>&nbsp;<\/p>\n<p>&nbsp;<\/p>\n<p>&nbsp;<\/p>\n<p>&nbsp;<\/p>\n","protected":false},"excerpt":{"rendered":"<p>Panthercham\u00e4leon (Furcifer pardalis) Wie auf eine der vorangegangenen Seiten verstarb unser Anolis nach dem er sehr alt geworden ist. Nach den vielen unterschiedlichen Erfahrungen in Haltung und Zucht von Reptilien-, Insekten,-Vogel- und nicht zu Letzt Kleins\u00e4ugerarten hatten wir eigentlich nicht vor nochmals Tiere anzuschaffen. Aber nach langem hin und her entschieden wir uns dennoch f\u00fcr &hellip; <\/p>\n<p class=\"link-more\"><a href=\"https:\/\/zuhausebeivoit.de\/cms\/?page_id=1619\" class=\"more-link\"><span class=\"screen-reader-text\">\u201eCham\u00e4leon\u201c<\/span> weiterlesen<\/a><\/p>\n","protected":false},"author":2,"featured_media":0,"parent":0,"menu_order":0,"comment_status":"closed","ping_status":"closed","template":"","meta":{"footnotes":""},"class_list":["post-1619","page","type-page","status-publish","hentry"],"_links":{"self":[{"href":"https:\/\/zuhausebeivoit.de\/cms\/index.php?rest_route=\/wp\/v2\/pages\/1619","targetHints":{"allow":["GET"]}}],"collection":[{"href":"https:\/\/zuhausebeivoit.de\/cms\/index.php?rest_route=\/wp\/v2\/pages"}],"about":[{"href":"https:\/\/zuhausebeivoit.de\/cms\/index.php?rest_route=\/wp\/v2\/types\/page"}],"author":[{"embeddable":true,"href":"https:\/\/zuhausebeivoit.de\/cms\/index.php?rest_route=\/wp\/v2\/users\/2"}],"replies":[{"embeddable":true,"href":"https:\/\/zuhausebeivoit.de\/cms\/index.php?rest_route=%2Fwp%2Fv2%2Fcomments&post=1619"}],"version-history":[{"count":3,"href":"https:\/\/zuhausebeivoit.de\/cms\/index.php?rest_route=\/wp\/v2\/pages\/1619\/revisions"}],"predecessor-version":[{"id":1629,"href":"https:\/\/zuhausebeivoit.de\/cms\/index.php?rest_route=\/wp\/v2\/pages\/1619\/revisions\/1629"}],"wp:attachment":[{"href":"https:\/\/zuhausebeivoit.de\/cms\/index.php?rest_route=%2Fwp%2Fv2%2Fmedia&parent=1619"}],"curies":[{"name":"wp","href":"https:\/\/api.w.org\/{rel}","templated":true}]}}