{"id":1603,"date":"2018-09-27T13:19:38","date_gmt":"2018-09-27T11:19:38","guid":{"rendered":"http:\/\/zuhausebeivoit.de\/cms\/?page_id=1603"},"modified":"2018-10-03T23:11:57","modified_gmt":"2018-10-03T21:11:57","slug":"ich-und-mein-garten","status":"publish","type":"page","link":"https:\/\/zuhausebeivoit.de\/cms\/?page_id=1603","title":{"rendered":"Mein Garten und ich"},"content":{"rendered":"<div class=\"ms-shortcode\"><div id=\"metaslider-id-1802\" style=\"max-width: 700px;\" class=\"ml-slider-3-91-0 metaslider metaslider-flex metaslider-1802 ml-slider ms-theme-default\" role=\"region\" aria-roledescription=\"Slideshow\" aria-label=\"New Slideshow\">\n    <div id=\"metaslider_container_1802\">\n        <div id=\"metaslider_1802\">\n            <ul class='slides'>\n                <li style=\"display: block; width: 100%;\" class=\"slide-1846 ms-image \" aria-roledescription=\"slide\" aria-label=\"slide-1846\"><img loading=\"lazy\" decoding=\"async\" src=\"https:\/\/zuhausebeivoit.de\/cms\/wp-content\/uploads\/2018\/10\/1-2-700x300.jpg\" height=\"300\" width=\"700\" alt=\"\" class=\"slider-1802 slide-1846\" title=\"1\" \/><\/li>\n                <li style=\"display: none; width: 100%;\" class=\"slide-1847 ms-image \" aria-roledescription=\"slide\" aria-label=\"slide-1847\"><img loading=\"lazy\" decoding=\"async\" src=\"https:\/\/zuhausebeivoit.de\/cms\/wp-content\/uploads\/2018\/10\/2-2-700x300.jpg\" height=\"300\" width=\"700\" alt=\"\" class=\"slider-1802 slide-1847\" title=\"2\" \/><\/li>\n                <li style=\"display: none; width: 100%;\" class=\"slide-1848 ms-image \" aria-roledescription=\"slide\" aria-label=\"slide-1848\"><img loading=\"lazy\" decoding=\"async\" src=\"https:\/\/zuhausebeivoit.de\/cms\/wp-content\/uploads\/2018\/10\/3-2-700x300.jpg\" height=\"300\" width=\"700\" alt=\"\" class=\"slider-1802 slide-1848\" title=\"3\" \/><\/li>\n                <li style=\"display: none; width: 100%;\" class=\"slide-1849 ms-image \" aria-roledescription=\"slide\" aria-label=\"slide-1849\"><img loading=\"lazy\" decoding=\"async\" src=\"https:\/\/zuhausebeivoit.de\/cms\/wp-content\/uploads\/2018\/10\/4-2-700x300.jpg\" height=\"300\" width=\"700\" alt=\"\" class=\"slider-1802 slide-1849\" title=\"4\" \/><\/li>\n                <li style=\"display: none; width: 100%;\" class=\"slide-1850 ms-image \" aria-roledescription=\"slide\" aria-label=\"slide-1850\"><img loading=\"lazy\" decoding=\"async\" src=\"https:\/\/zuhausebeivoit.de\/cms\/wp-content\/uploads\/2018\/10\/5-2-700x300.jpg\" height=\"300\" width=\"700\" alt=\"\" class=\"slider-1802 slide-1850\" title=\"5\" \/><\/li>\n                <li style=\"display: none; width: 100%;\" class=\"slide-1851 ms-image \" aria-roledescription=\"slide\" aria-label=\"slide-1851\"><img loading=\"lazy\" decoding=\"async\" src=\"https:\/\/zuhausebeivoit.de\/cms\/wp-content\/uploads\/2018\/10\/6-2-700x300.jpg\" height=\"300\" width=\"700\" alt=\"\" class=\"slider-1802 slide-1851\" title=\"6\" \/><\/li>\n                <li style=\"display: none; width: 100%;\" class=\"slide-1852 ms-image \" aria-roledescription=\"slide\" aria-label=\"slide-1852\"><img loading=\"lazy\" decoding=\"async\" src=\"https:\/\/zuhausebeivoit.de\/cms\/wp-content\/uploads\/2018\/10\/7-2-700x300.jpg\" height=\"300\" width=\"700\" alt=\"\" class=\"slider-1802 slide-1852\" title=\"7\" \/><\/li>\n                <li style=\"display: none; width: 100%;\" class=\"slide-1853 ms-image \" aria-roledescription=\"slide\" aria-label=\"slide-1853\"><img loading=\"lazy\" decoding=\"async\" src=\"https:\/\/zuhausebeivoit.de\/cms\/wp-content\/uploads\/2018\/10\/8-2-700x300.jpg\" height=\"300\" width=\"700\" alt=\"\" class=\"slider-1802 slide-1853\" title=\"8\" \/><\/li>\n                <li style=\"display: none; width: 100%;\" class=\"slide-1854 ms-image \" aria-roledescription=\"slide\" aria-label=\"slide-1854\"><img loading=\"lazy\" decoding=\"async\" src=\"https:\/\/zuhausebeivoit.de\/cms\/wp-content\/uploads\/2018\/10\/9-2-700x300.jpg\" height=\"300\" width=\"700\" alt=\"\" class=\"slider-1802 slide-1854\" title=\"9\" \/><\/li>\n                <li style=\"display: none; width: 100%;\" class=\"slide-1855 ms-image \" aria-roledescription=\"slide\" aria-label=\"slide-1855\"><img loading=\"lazy\" decoding=\"async\" src=\"https:\/\/zuhausebeivoit.de\/cms\/wp-content\/uploads\/2018\/10\/10-2-700x300.jpg\" height=\"300\" width=\"700\" alt=\"\" class=\"slider-1802 slide-1855\" title=\"10\" \/><\/li>\n            <\/ul>\n        <\/div>\n        \n    <\/div>\n<\/div><\/div>\n<p><span style=\"color: #0000ff; font-size: 18pt;\"><strong><span style=\"font-family: georgia,palatino,serif;\">Steingarten\u00a0<\/span><\/strong><\/span><\/p>\n<p><span style=\"color: #000000; font-family: georgia,palatino,serif;\">Steing\u00e4rten- das hat was. Richtig angelegt, entsprechende Pflanzenarten<\/span><\/p>\n<p><span style=\"color: #000000; font-family: georgia,palatino,serif;\"> gew\u00e4hlt und zusammengestellt bringen Freude das ganze Jahr, bl\u00fchen in unterschiedlichen Farben und Formen und k\u00f6nnen dar\u00fcber hinaus relativ pflegeleicht in Form und in Ordnung gehalten werden.Ein gro\u00dfer Vorteil<\/span><\/p>\n<p><span style=\"color: #000000; font-family: georgia,palatino,serif;\"> -viele auch heute noch lebende relativ gut verbreitete Pflanzenarten auf <\/span><\/p>\n<p><span style=\"color: #000000; font-family: georgia,palatino,serif;\">engstem Raum im heimischen Terrain.<\/span><\/p>\n<p><a href=\"http:\/\/zuhausebeivoit.de\/cms\/wp-content\/uploads\/2018\/10\/9-3.jpg\"><img loading=\"lazy\" decoding=\"async\" class=\"size-thumbnail wp-image-1875 alignleft\" src=\"http:\/\/zuhausebeivoit.de\/cms\/wp-content\/uploads\/2018\/10\/9-3-150x150.jpg\" alt=\"\" width=\"150\" height=\"150\" srcset=\"https:\/\/zuhausebeivoit.de\/cms\/wp-content\/uploads\/2018\/10\/9-3-150x150.jpg 150w, https:\/\/zuhausebeivoit.de\/cms\/wp-content\/uploads\/2018\/10\/9-3-100x100.jpg 100w\" sizes=\"auto, (max-width: 150px) 100vw, 150px\" \/><\/a><\/p>\n<p><a href=\"http:\/\/zuhausebeivoit.de\/cms\/wp-content\/uploads\/2018\/10\/10-3.jpg\"><img loading=\"lazy\" decoding=\"async\" class=\"size-thumbnail wp-image-1876 alignleft\" src=\"http:\/\/zuhausebeivoit.de\/cms\/wp-content\/uploads\/2018\/10\/10-3-150x150.jpg\" alt=\"\" width=\"150\" height=\"150\" srcset=\"https:\/\/zuhausebeivoit.de\/cms\/wp-content\/uploads\/2018\/10\/10-3-150x150.jpg 150w, https:\/\/zuhausebeivoit.de\/cms\/wp-content\/uploads\/2018\/10\/10-3-100x100.jpg 100w\" sizes=\"auto, (max-width: 150px) 100vw, 150px\" \/><\/a> <a href=\"http:\/\/zuhausebeivoit.de\/cms\/wp-content\/uploads\/2018\/10\/11-2.jpg\"><img loading=\"lazy\" decoding=\"async\" class=\"size-thumbnail wp-image-1877 alignleft\" src=\"http:\/\/zuhausebeivoit.de\/cms\/wp-content\/uploads\/2018\/10\/11-2-150x150.jpg\" alt=\"\" width=\"150\" height=\"150\" srcset=\"https:\/\/zuhausebeivoit.de\/cms\/wp-content\/uploads\/2018\/10\/11-2-150x150.jpg 150w, https:\/\/zuhausebeivoit.de\/cms\/wp-content\/uploads\/2018\/10\/11-2-100x100.jpg 100w\" sizes=\"auto, (max-width: 150px) 100vw, 150px\" \/><\/a><\/p>\n<p>&nbsp;<\/p>\n<p><a href=\"http:\/\/zuhausebeivoit.de\/cms\/wp-content\/uploads\/2018\/10\/8-3.jpg\"><img loading=\"lazy\" decoding=\"async\" class=\"size-thumbnail wp-image-1874 alignleft\" src=\"http:\/\/zuhausebeivoit.de\/cms\/wp-content\/uploads\/2018\/10\/8-3-150x150.jpg\" alt=\"\" width=\"150\" height=\"150\" srcset=\"https:\/\/zuhausebeivoit.de\/cms\/wp-content\/uploads\/2018\/10\/8-3-150x150.jpg 150w, https:\/\/zuhausebeivoit.de\/cms\/wp-content\/uploads\/2018\/10\/8-3-100x100.jpg 100w\" sizes=\"auto, (max-width: 150px) 100vw, 150px\" \/><\/a> <a href=\"http:\/\/zuhausebeivoit.de\/cms\/wp-content\/uploads\/2018\/10\/7-3.jpg\"><img loading=\"lazy\" decoding=\"async\" class=\"size-thumbnail wp-image-1873 alignleft\" src=\"http:\/\/zuhausebeivoit.de\/cms\/wp-content\/uploads\/2018\/10\/7-3-150x150.jpg\" alt=\"\" width=\"150\" height=\"150\" srcset=\"https:\/\/zuhausebeivoit.de\/cms\/wp-content\/uploads\/2018\/10\/7-3-150x150.jpg 150w, https:\/\/zuhausebeivoit.de\/cms\/wp-content\/uploads\/2018\/10\/7-3-100x100.jpg 100w\" sizes=\"auto, (max-width: 150px) 100vw, 150px\" \/><\/a> <a href=\"http:\/\/zuhausebeivoit.de\/cms\/wp-content\/uploads\/2018\/10\/6-3.jpg\"><img loading=\"lazy\" decoding=\"async\" class=\"size-thumbnail wp-image-1872 alignleft\" src=\"http:\/\/zuhausebeivoit.de\/cms\/wp-content\/uploads\/2018\/10\/6-3-150x150.jpg\" alt=\"\" width=\"150\" height=\"150\" srcset=\"https:\/\/zuhausebeivoit.de\/cms\/wp-content\/uploads\/2018\/10\/6-3-150x150.jpg 150w, https:\/\/zuhausebeivoit.de\/cms\/wp-content\/uploads\/2018\/10\/6-3-100x100.jpg 100w\" sizes=\"auto, (max-width: 150px) 100vw, 150px\" \/><\/a><\/p>\n<p>&nbsp;<\/p>\n<p><a href=\"http:\/\/zuhausebeivoit.de\/cms\/wp-content\/uploads\/2018\/10\/5-3.jpg\"><img loading=\"lazy\" decoding=\"async\" class=\"size-thumbnail wp-image-1871 alignleft\" src=\"http:\/\/zuhausebeivoit.de\/cms\/wp-content\/uploads\/2018\/10\/5-3-150x150.jpg\" alt=\"\" width=\"150\" height=\"150\" srcset=\"https:\/\/zuhausebeivoit.de\/cms\/wp-content\/uploads\/2018\/10\/5-3-150x150.jpg 150w, https:\/\/zuhausebeivoit.de\/cms\/wp-content\/uploads\/2018\/10\/5-3-100x100.jpg 100w\" sizes=\"auto, (max-width: 150px) 100vw, 150px\" \/><\/a> <a href=\"http:\/\/zuhausebeivoit.de\/cms\/wp-content\/uploads\/2018\/10\/4-3.jpg\"><img loading=\"lazy\" decoding=\"async\" class=\"size-thumbnail wp-image-1870 alignleft\" src=\"http:\/\/zuhausebeivoit.de\/cms\/wp-content\/uploads\/2018\/10\/4-3-150x150.jpg\" alt=\"\" width=\"150\" height=\"150\" srcset=\"https:\/\/zuhausebeivoit.de\/cms\/wp-content\/uploads\/2018\/10\/4-3-150x150.jpg 150w, https:\/\/zuhausebeivoit.de\/cms\/wp-content\/uploads\/2018\/10\/4-3-100x100.jpg 100w\" sizes=\"auto, (max-width: 150px) 100vw, 150px\" \/><\/a> <a href=\"http:\/\/zuhausebeivoit.de\/cms\/wp-content\/uploads\/2018\/10\/3-3.jpg\"><img loading=\"lazy\" decoding=\"async\" class=\"size-thumbnail wp-image-1869 alignleft\" src=\"http:\/\/zuhausebeivoit.de\/cms\/wp-content\/uploads\/2018\/10\/3-3-150x150.jpg\" alt=\"\" width=\"150\" height=\"150\" srcset=\"https:\/\/zuhausebeivoit.de\/cms\/wp-content\/uploads\/2018\/10\/3-3-150x150.jpg 150w, https:\/\/zuhausebeivoit.de\/cms\/wp-content\/uploads\/2018\/10\/3-3-100x100.jpg 100w\" sizes=\"auto, (max-width: 150px) 100vw, 150px\" \/><\/a><\/p>\n<p>&nbsp;<\/p>\n","protected":false},"excerpt":{"rendered":"<p>Steingarten\u00a0 Steing\u00e4rten- das hat was. Richtig angelegt, entsprechende Pflanzenarten gew\u00e4hlt und zusammengestellt bringen Freude das ganze Jahr, bl\u00fchen in unterschiedlichen Farben und Formen und k\u00f6nnen dar\u00fcber hinaus relativ pflegeleicht in Form und in Ordnung gehalten werden.Ein gro\u00dfer Vorteil -viele auch heute noch lebende relativ gut verbreitete Pflanzenarten auf engstem Raum im heimischen Terrain. &nbsp; &nbsp; &hellip; <\/p>\n<p class=\"link-more\"><a href=\"https:\/\/zuhausebeivoit.de\/cms\/?page_id=1603\" class=\"more-link\"><span class=\"screen-reader-text\">\u201eMein Garten und ich\u201c<\/span> weiterlesen<\/a><\/p>\n","protected":false},"author":2,"featured_media":0,"parent":0,"menu_order":0,"comment_status":"closed","ping_status":"closed","template":"","meta":{"footnotes":""},"class_list":["post-1603","page","type-page","status-publish","hentry"],"_links":{"self":[{"href":"https:\/\/zuhausebeivoit.de\/cms\/index.php?rest_route=\/wp\/v2\/pages\/1603","targetHints":{"allow":["GET"]}}],"collection":[{"href":"https:\/\/zuhausebeivoit.de\/cms\/index.php?rest_route=\/wp\/v2\/pages"}],"about":[{"href":"https:\/\/zuhausebeivoit.de\/cms\/index.php?rest_route=\/wp\/v2\/types\/page"}],"author":[{"embeddable":true,"href":"https:\/\/zuhausebeivoit.de\/cms\/index.php?rest_route=\/wp\/v2\/users\/2"}],"replies":[{"embeddable":true,"href":"https:\/\/zuhausebeivoit.de\/cms\/index.php?rest_route=%2Fwp%2Fv2%2Fcomments&post=1603"}],"version-history":[{"count":13,"href":"https:\/\/zuhausebeivoit.de\/cms\/index.php?rest_route=\/wp\/v2\/pages\/1603\/revisions"}],"predecessor-version":[{"id":1880,"href":"https:\/\/zuhausebeivoit.de\/cms\/index.php?rest_route=\/wp\/v2\/pages\/1603\/revisions\/1880"}],"wp:attachment":[{"href":"https:\/\/zuhausebeivoit.de\/cms\/index.php?rest_route=%2Fwp%2Fv2%2Fmedia&parent=1603"}],"curies":[{"name":"wp","href":"https:\/\/api.w.org\/{rel}","templated":true}]}}