{"id":1547,"date":"2018-09-25T19:30:13","date_gmt":"2018-09-25T17:30:13","guid":{"rendered":"http:\/\/zuhausebeivoit.de\/cms\/?page_id=1547"},"modified":"2018-09-25T19:34:14","modified_gmt":"2018-09-25T17:34:14","slug":"hamster","status":"publish","type":"page","link":"https:\/\/zuhausebeivoit.de\/cms\/?page_id=1547","title":{"rendered":"Hamster"},"content":{"rendered":"<p><span style=\"color: #0000ff;\"><strong><span style=\"font-family: georgia,palatino,serif; font-size: 14pt;\">Der gro\u00dfe Einkauf<\/span><\/strong><\/span><\/p>\n<p><span style=\"font-family: georgia,palatino,serif;\"><span style=\"color: #000000;\"><a href=\"http:\/\/zuhausebeivoit.de\/cms\/wp-content\/uploads\/2018\/09\/bild1-5.jpg\"><img loading=\"lazy\" decoding=\"async\" class=\"alignleft size-medium wp-image-1548\" src=\"http:\/\/zuhausebeivoit.de\/cms\/wp-content\/uploads\/2018\/09\/bild1-5-300x225.jpg\" alt=\"\" width=\"300\" height=\"225\" srcset=\"https:\/\/zuhausebeivoit.de\/cms\/wp-content\/uploads\/2018\/09\/bild1-5-300x225.jpg 300w, https:\/\/zuhausebeivoit.de\/cms\/wp-content\/uploads\/2018\/09\/bild1-5.jpg 400w\" sizes=\"auto, (max-width: 300px) 100vw, 300px\" \/><\/a>Um Annekatrin eine Freude zu machen und ihr etwas Ablenkung in dem tristen Studentendasein zu verschaffen, entschlossen wir uns ihr einen <span style=\"color: #0000ff;\">Hamster zu schenken<\/span>. Gesagt, getan. Ein wundersch\u00f6nes Tier wurde ausgesucht und bestellt. Ein entsprechendes Heim daf\u00fcr ward auch schnell gefunden. <\/span><\/span><span style=\"color: #000000; font-family: georgia,palatino,serif;\">Stimmungsvoll fast wie zu Weihnachten, obwohl es Ostern war, wurde das Tier nach Hause geholt und im Schildkr\u00f6tenkeller bis zur \u00dcbergabe untergebracht. Die Freude war nat\u00fcrlich riesig gro\u00df. Sofort wurden Pl\u00e4ne f\u00fcr Transport und Unterbringung geschmiedet.<\/span><\/p>\n<p><a href=\"http:\/\/zuhausebeivoit.de\/cms\/wp-content\/uploads\/2018\/09\/bild3-6.jpg\"><img loading=\"lazy\" decoding=\"async\" class=\"alignleft size-medium wp-image-1550\" src=\"http:\/\/zuhausebeivoit.de\/cms\/wp-content\/uploads\/2018\/09\/bild3-6-300x225.jpg\" alt=\"\" width=\"300\" height=\"225\" srcset=\"https:\/\/zuhausebeivoit.de\/cms\/wp-content\/uploads\/2018\/09\/bild3-6-300x225.jpg 300w, https:\/\/zuhausebeivoit.de\/cms\/wp-content\/uploads\/2018\/09\/bild3-6.jpg 400w\" sizes=\"auto, (max-width: 300px) 100vw, 300px\" \/><\/a> <a href=\"http:\/\/zuhausebeivoit.de\/cms\/wp-content\/uploads\/2018\/09\/bild4-5.jpg\"><img loading=\"lazy\" decoding=\"async\" class=\"alignleft size-medium wp-image-1551\" src=\"http:\/\/zuhausebeivoit.de\/cms\/wp-content\/uploads\/2018\/09\/bild4-5-300x225.jpg\" alt=\"\" width=\"300\" height=\"225\" srcset=\"https:\/\/zuhausebeivoit.de\/cms\/wp-content\/uploads\/2018\/09\/bild4-5-300x225.jpg 300w, https:\/\/zuhausebeivoit.de\/cms\/wp-content\/uploads\/2018\/09\/bild4-5.jpg 400w\" sizes=\"auto, (max-width: 300px) 100vw, 300px\" \/><\/a><\/p>\n<p><span style=\"color: #000000; font-family: georgia,palatino,serif;\">Doch es kam alles anders. Am n\u00e4chsten Tag erhielten wir einen Notruf. Es stellte sich heraus, dass es sich um den gr\u00f6\u00dften unserer Eink\u00e4ufe gehandelt hatte, und zwar <span style=\"color: #0000ff;\">100 Prozent Leistung f\u00fcr 10 %<\/span> Bezahlung. Das tr\u00e4chtige Weibchen warf<span style=\"color: #0000ff;\"> 9 Junge.<\/span> Sehr interessant gestaltete sich die Aufzucht. Mittels geeignetem Futter taten wir unser Bestes.<\/span><span style=\"color: #000000; font-family: georgia,palatino,serif;\">Nach dem die Zeit herangereift war, mussten wir uns jedoch von den Jungen trennen. Aber das stimmt nur bedingt. Von den <span style=\"color: #0000ff;\">zweien, welche zu unserer \u00dcberraschung schwarz-wei\u00df waren<\/span>, musste nat\u00fcrlich eins bei uns bleiben. Schnell wurde er einer unserer Lieblinge geworden. Laut Literatur schwer zu z\u00e4hmen- aber ganz im Gegenteil. Die restlichen 8 Tiere wurden im Zoofachhandel verkauft. Vom Erl\u00f6s wurde f\u00fcr die zwei Verbliebenen eingekauft.<\/span><\/p>\n<p>&nbsp;<\/p>\n<p>&nbsp;<\/p>\n<p>&nbsp;<\/p>\n<p>&nbsp;<\/p>\n<p>&nbsp;<\/p>\n<p>&nbsp;<\/p>\n<p>&nbsp;<\/p>\n<p>&nbsp;<\/p>\n<p>&nbsp;<\/p>\n<p>&nbsp;<\/p>\n<p>&nbsp;<\/p>\n<p>&nbsp;<\/p>\n<p>&nbsp;<\/p>\n","protected":false},"excerpt":{"rendered":"<p>Der gro\u00dfe Einkauf Um Annekatrin eine Freude zu machen und ihr etwas Ablenkung in dem tristen Studentendasein zu verschaffen, entschlossen wir uns ihr einen Hamster zu schenken. Gesagt, getan. Ein wundersch\u00f6nes Tier wurde ausgesucht und bestellt. Ein entsprechendes Heim daf\u00fcr ward auch schnell gefunden. Stimmungsvoll fast wie zu Weihnachten, obwohl es Ostern war, wurde das &hellip; <\/p>\n<p class=\"link-more\"><a href=\"https:\/\/zuhausebeivoit.de\/cms\/?page_id=1547\" class=\"more-link\"><span class=\"screen-reader-text\">\u201eHamster\u201c<\/span> weiterlesen<\/a><\/p>\n","protected":false},"author":2,"featured_media":0,"parent":0,"menu_order":0,"comment_status":"closed","ping_status":"closed","template":"","meta":{"footnotes":""},"class_list":["post-1547","page","type-page","status-publish","hentry"],"_links":{"self":[{"href":"https:\/\/zuhausebeivoit.de\/cms\/index.php?rest_route=\/wp\/v2\/pages\/1547","targetHints":{"allow":["GET"]}}],"collection":[{"href":"https:\/\/zuhausebeivoit.de\/cms\/index.php?rest_route=\/wp\/v2\/pages"}],"about":[{"href":"https:\/\/zuhausebeivoit.de\/cms\/index.php?rest_route=\/wp\/v2\/types\/page"}],"author":[{"embeddable":true,"href":"https:\/\/zuhausebeivoit.de\/cms\/index.php?rest_route=\/wp\/v2\/users\/2"}],"replies":[{"embeddable":true,"href":"https:\/\/zuhausebeivoit.de\/cms\/index.php?rest_route=%2Fwp%2Fv2%2Fcomments&post=1547"}],"version-history":[{"count":2,"href":"https:\/\/zuhausebeivoit.de\/cms\/index.php?rest_route=\/wp\/v2\/pages\/1547\/revisions"}],"predecessor-version":[{"id":1555,"href":"https:\/\/zuhausebeivoit.de\/cms\/index.php?rest_route=\/wp\/v2\/pages\/1547\/revisions\/1555"}],"wp:attachment":[{"href":"https:\/\/zuhausebeivoit.de\/cms\/index.php?rest_route=%2Fwp%2Fv2%2Fmedia&parent=1547"}],"curies":[{"name":"wp","href":"https:\/\/api.w.org\/{rel}","templated":true}]}}