{"id":1497,"date":"2018-09-25T12:26:23","date_gmt":"2018-09-25T10:26:23","guid":{"rendered":"http:\/\/zuhausebeivoit.de\/cms\/?page_id=1497"},"modified":"2018-09-25T18:10:00","modified_gmt":"2018-09-25T16:10:00","slug":"1497-2","status":"publish","type":"page","link":"https:\/\/zuhausebeivoit.de\/cms\/?page_id=1497","title":{"rendered":"Australische Gespenstschrecke"},"content":{"rendered":"<p><span style=\"font-family: georgia,palatino,serif;\"><strong><span style=\"color: #0000ff; font-size: 14pt;\">Australische Gespenstschrecke <\/span><\/strong><em>(Extatosoma tiaratum tiaratum)-<\/em><\/span><br \/>\n<span style=\"font-family: georgia,palatino,serif;\"><a href=\"http:\/\/tierdoku.com\/index.php?title=Familie_%28Biologie%29\">Familie<\/a> <a href=\"http:\/\/tierdoku.com\/index.php?title=Phasmatidae\"><em>Phasmatidae<\/em><\/a> &#8211;<a href=\"http:\/\/tierdoku.com\/index.php?title=Gattung_%28Biologie%29\">Gattung<\/a> <a href=\"http:\/\/tierdoku.com\/index.php?title=Extatosoma\"><em>Extatosoma<\/em><\/a>.<\/span><br \/>\n<span style=\"font-family: georgia,palatino,serif;\">ebenso wie die anderen Arten mit interessantem Verhalten und Gen\u00fcgsamkeit in ihrer Haltung-<\/span><span style=\"font-family: georgia,palatino,serif;\">\u00a0strahlt gro\u00dfe Faszination aus<\/span><br \/>\n<span style=\"font-family: georgia,palatino,serif;\">Man kann die Australische Gespenstschrecke leicht mit vertrocknetem Laub verwechseln. <\/span><span style=\"font-family: georgia,palatino,serif;\">Im Laufen wippen die Tiere wie Bl\u00e4tter im Wind und sind somit gut getarnt. <\/span><span style=\"font-family: georgia,palatino,serif;\">M\u00e4nnchen werden bis 10,0 cm Weibchen bis 14,0 cm gro\u00df<\/span><br \/>\n<span style=\"font-family: georgia,palatino,serif;\"><span style=\"color: #0000ff;\"><strong>Nahrung:<\/strong> <\/span>in freier Wildbahn Eukalyptus<\/span><br \/>\n<span style=\"font-family: georgia,palatino,serif;\">Im <span style=\"color: #0000ff;\">Terrarium<\/span> werden <span style=\"color: #0000ff;\">Brommbeer-<\/span> (am beliebtesten) Himbeer-, Rosen- oder Eichenbl\u00e4tter gern genommen.<\/span><br \/>\n<span style=\"font-family: georgia,palatino,serif;\">Nachzucht erfolgt \u00e4hnlich wie beim Wandelnden Blatt. <\/span><span style=\"font-family: georgia,palatino,serif;\">Eier der Australischen Gespenstschrecke sind hartschalig lagern oft monatelang (ca. 24 Grad)<\/span><\/p>\n<p><a href=\"http:\/\/zuhausebeivoit.de\/cms\/wp-content\/uploads\/2018\/09\/12-1.jpg\"><img loading=\"lazy\" decoding=\"async\" class=\"alignleft size-medium wp-image-1500\" src=\"http:\/\/zuhausebeivoit.de\/cms\/wp-content\/uploads\/2018\/09\/12-1-300x200.jpg\" alt=\"\" width=\"300\" height=\"200\" srcset=\"https:\/\/zuhausebeivoit.de\/cms\/wp-content\/uploads\/2018\/09\/12-1-300x200.jpg 300w, https:\/\/zuhausebeivoit.de\/cms\/wp-content\/uploads\/2018\/09\/12-1.jpg 640w\" sizes=\"auto, (max-width: 300px) 100vw, 300px\" \/><\/a><a href=\"http:\/\/zuhausebeivoit.de\/cms\/wp-content\/uploads\/2018\/09\/8-1.jpg\"><img loading=\"lazy\" decoding=\"async\" class=\"alignleft size-medium wp-image-1498\" src=\"http:\/\/zuhausebeivoit.de\/cms\/wp-content\/uploads\/2018\/09\/8-1-300x200.jpg\" alt=\"\" width=\"300\" height=\"200\" srcset=\"https:\/\/zuhausebeivoit.de\/cms\/wp-content\/uploads\/2018\/09\/8-1-300x200.jpg 300w, https:\/\/zuhausebeivoit.de\/cms\/wp-content\/uploads\/2018\/09\/8-1.jpg 640w\" sizes=\"auto, (max-width: 300px) 100vw, 300px\" \/><\/a><span style=\"font-family: georgia,palatino,serif;\">Schl\u00fcpflinge \u00e4hneln optisch den Ameisen mit rotem Kopf und schwarzen K\u00f6rper<\/span><\/p>\n<p><span style=\"font-family: georgia,palatino,serif;\">H\u00e4utungen ver\u00e4ndern das Aussehen der Larven in Richtung adulte Tiere<\/span><\/p>\n<p><span style=\"font-family: georgia,palatino,serif;\">Die Gefr\u00e4\u00dfigkeit erfordert insbesondere im Winter Einfallsreichtum bei der Futterbeschaffung.<\/span><\/p>\n<p>&nbsp;<\/p>\n<p><span style=\"color: #0000ff; font-family: georgia,palatino,serif; font-size: 14pt;\">Geschlechter: <\/span><span style=\"color: #000000; font-family: georgia,palatino,serif;\">Weibchen mit kleinen Dornen und gro\u00dfem Abdomen (Schwanzteil- wird Skorpion artig \u00fcber den R\u00fccken gestreckt)<\/span><span style=\"color: #000000; font-family: georgia,palatino,serif;\">Weibchen viel gr\u00f6\u00dfer und f\u00fclliger<\/span><br \/>\n<span style=\"color: #000000; font-family: georgia,palatino,serif; font-size: 12pt;\">M\u00e4nnchen sind schmal und sehr schlank und haben gro\u00dfe Fl\u00fcgel keine Stummel wie die weiblichen Tiere.<\/span><span style=\"color: #000000; font-family: georgia,palatino,serif; font-size: 12pt;\">Daher sind sie flugf\u00e4hig.<\/span><span style=\"color: #000000; font-family: georgia,palatino,serif; font-size: 12pt;\">Geschlechtsreife nach mehreren H\u00e4utungen-<\/span><span style=\"color: #000000; font-family: georgia,palatino,serif; font-size: 12pt;\">Eiablage erfolgt 3-4 Wochen nach der Begattung<\/span><\/p>\n<p><a href=\"http:\/\/zuhausebeivoit.de\/cms\/wp-content\/uploads\/2018\/09\/11-2.jpg\"><img loading=\"lazy\" decoding=\"async\" class=\"alignleft size-full wp-image-1511\" src=\"http:\/\/zuhausebeivoit.de\/cms\/wp-content\/uploads\/2018\/09\/11-2.jpg\" alt=\"\" width=\"640\" height=\"426\" srcset=\"https:\/\/zuhausebeivoit.de\/cms\/wp-content\/uploads\/2018\/09\/11-2.jpg 640w, https:\/\/zuhausebeivoit.de\/cms\/wp-content\/uploads\/2018\/09\/11-2-300x200.jpg 300w\" sizes=\"auto, (max-width: 640px) 100vw, 640px\" \/><\/a><\/p>\n<p>&nbsp;<\/p>\n","protected":false},"excerpt":{"rendered":"<p>Australische Gespenstschrecke (Extatosoma tiaratum tiaratum)- Familie Phasmatidae &#8211;Gattung Extatosoma. ebenso wie die anderen Arten mit interessantem Verhalten und Gen\u00fcgsamkeit in ihrer Haltung-\u00a0strahlt gro\u00dfe Faszination aus Man kann die Australische Gespenstschrecke leicht mit vertrocknetem Laub verwechseln. Im Laufen wippen die Tiere wie Bl\u00e4tter im Wind und sind somit gut getarnt. M\u00e4nnchen werden bis 10,0 cm Weibchen &hellip; <\/p>\n<p class=\"link-more\"><a href=\"https:\/\/zuhausebeivoit.de\/cms\/?page_id=1497\" class=\"more-link\"><span class=\"screen-reader-text\">\u201eAustralische Gespenstschrecke\u201c<\/span> weiterlesen<\/a><\/p>\n","protected":false},"author":1,"featured_media":0,"parent":0,"menu_order":0,"comment_status":"closed","ping_status":"closed","template":"","meta":{"footnotes":""},"class_list":["post-1497","page","type-page","status-publish","hentry"],"_links":{"self":[{"href":"https:\/\/zuhausebeivoit.de\/cms\/index.php?rest_route=\/wp\/v2\/pages\/1497","targetHints":{"allow":["GET"]}}],"collection":[{"href":"https:\/\/zuhausebeivoit.de\/cms\/index.php?rest_route=\/wp\/v2\/pages"}],"about":[{"href":"https:\/\/zuhausebeivoit.de\/cms\/index.php?rest_route=\/wp\/v2\/types\/page"}],"author":[{"embeddable":true,"href":"https:\/\/zuhausebeivoit.de\/cms\/index.php?rest_route=\/wp\/v2\/users\/1"}],"replies":[{"embeddable":true,"href":"https:\/\/zuhausebeivoit.de\/cms\/index.php?rest_route=%2Fwp%2Fv2%2Fcomments&post=1497"}],"version-history":[{"count":7,"href":"https:\/\/zuhausebeivoit.de\/cms\/index.php?rest_route=\/wp\/v2\/pages\/1497\/revisions"}],"predecessor-version":[{"id":1529,"href":"https:\/\/zuhausebeivoit.de\/cms\/index.php?rest_route=\/wp\/v2\/pages\/1497\/revisions\/1529"}],"wp:attachment":[{"href":"https:\/\/zuhausebeivoit.de\/cms\/index.php?rest_route=%2Fwp%2Fv2%2Fmedia&parent=1497"}],"curies":[{"name":"wp","href":"https:\/\/api.w.org\/{rel}","templated":true}]}}