{"id":1474,"date":"2018-09-25T10:21:21","date_gmt":"2018-09-25T08:21:21","guid":{"rendered":"http:\/\/zuhausebeivoit.de\/cms\/?page_id=1474"},"modified":"2019-07-09T07:39:49","modified_gmt":"2019-07-09T05:39:49","slug":"haltung-4","status":"publish","type":"page","link":"https:\/\/zuhausebeivoit.de\/cms\/?page_id=1474","title":{"rendered":"Haltung"},"content":{"rendered":"<p><span style=\"color: #0000ff;\"><span style=\"font-family: georgia,palatino,serif; font-size: 18pt;\"><strong>Haltung im <\/strong><span style=\"color: #0000ff;\"><strong><span style=\"font-family: georgia,palatino,serif; font-size: 18pt;\">Terrarium<\/span><\/strong><\/span><\/span><\/span><br \/>\n<span style=\"font-family: georgia,palatino,serif;\">Terrarien mit wassergef\u00fcllten Vasen f\u00fcr <span style=\"color: #0000ff; font-size: 14pt;\">Futterpflanzen<\/span><\/span><br \/>\n<span style=\"font-family: georgia,palatino,serif;\">Unsere Tiere haben nur <span style=\"color: #0000ff; font-size: 14pt;\">Brommbeerbl\u00e4tter<\/span> gefressen<\/span><br \/>\n<span style=\"font-family: georgia,palatino,serif;\">Zwei- bis dreimal in der Woche erfolgte das <span style=\"color: #0000ff; font-size: 14pt;\">Bespr\u00fchen mit Wasser<\/span><\/span><br \/>\n<span style=\"color: #0000ff; font-family: georgia,palatino,serif; font-size: 14pt;\">Luftfeuchtigkeit lag zwischen 60 und 80\u00a0Prozent<\/span><br \/>\n<span style=\"color: #0000ff; font-family: georgia,palatino,serif; font-size: 14pt;\">Temperatur zwischen 20 und 30\u00a0\u00b0C<\/span><br \/>\n<span style=\"font-family: georgia,palatino,serif;\">Beleuchtung war von Vorteil nicht zwingend<\/span><br \/>\n<span style=\"font-family: georgia,palatino,serif;\">Boden wurde <span style=\"color: #0000ff; font-size: 14pt;\">K\u00fcchenkrepp<\/span> versehen und zweiw\u00f6chentlich notfalls \u00f6fter gewechselt<\/span><\/p>\n<p><a href=\"http:\/\/zuhausebeivoit.de\/cms\/wp-content\/uploads\/2018\/09\/28-1.jpg\"><img loading=\"lazy\" decoding=\"async\" class=\"alignleft size-thumbnail wp-image-1478\" src=\"http:\/\/zuhausebeivoit.de\/cms\/wp-content\/uploads\/2018\/09\/28-1-150x150.jpg\" alt=\"\" width=\"150\" height=\"150\" srcset=\"https:\/\/zuhausebeivoit.de\/cms\/wp-content\/uploads\/2018\/09\/28-1-150x150.jpg 150w, https:\/\/zuhausebeivoit.de\/cms\/wp-content\/uploads\/2018\/09\/28-1-100x100.jpg 100w\" sizes=\"auto, (max-width: 150px) 100vw, 150px\" \/><\/a><\/p>\n<p><a href=\"http:\/\/zuhausebeivoit.de\/cms\/wp-content\/uploads\/2018\/09\/1-1.jpg\"><img loading=\"lazy\" decoding=\"async\" class=\"alignleft size-thumbnail wp-image-1479\" src=\"http:\/\/zuhausebeivoit.de\/cms\/wp-content\/uploads\/2018\/09\/1-1-150x150.jpg\" alt=\"\" width=\"150\" height=\"150\" srcset=\"https:\/\/zuhausebeivoit.de\/cms\/wp-content\/uploads\/2018\/09\/1-1-150x150.jpg 150w, https:\/\/zuhausebeivoit.de\/cms\/wp-content\/uploads\/2018\/09\/1-1-100x100.jpg 100w\" sizes=\"auto, (max-width: 150px) 100vw, 150px\" \/><\/a><a href=\"http:\/\/zuhausebeivoit.de\/cms\/wp-content\/uploads\/2018\/09\/26-1.jpg\"><img loading=\"lazy\" decoding=\"async\" class=\"alignleft size-thumbnail wp-image-1481\" src=\"http:\/\/zuhausebeivoit.de\/cms\/wp-content\/uploads\/2018\/09\/26-1-150x150.jpg\" alt=\"\" width=\"150\" height=\"150\" srcset=\"https:\/\/zuhausebeivoit.de\/cms\/wp-content\/uploads\/2018\/09\/26-1-150x150.jpg 150w, https:\/\/zuhausebeivoit.de\/cms\/wp-content\/uploads\/2018\/09\/26-1-100x100.jpg 100w\" sizes=\"auto, (max-width: 150px) 100vw, 150px\" \/><\/a><\/p>\n<p><a href=\"http:\/\/zuhausebeivoit.de\/cms\/wp-content\/uploads\/2018\/09\/7-1.jpg\"><img loading=\"lazy\" decoding=\"async\" class=\"alignleft size-medium wp-image-1489\" src=\"http:\/\/zuhausebeivoit.de\/cms\/wp-content\/uploads\/2018\/09\/7-1-300x200.jpg\" alt=\"\" width=\"300\" height=\"200\" srcset=\"https:\/\/zuhausebeivoit.de\/cms\/wp-content\/uploads\/2018\/09\/7-1-300x200.jpg 300w, https:\/\/zuhausebeivoit.de\/cms\/wp-content\/uploads\/2018\/09\/7-1.jpg 640w\" sizes=\"auto, (max-width: 300px) 100vw, 300px\" \/><\/a><\/p>\n<p>&nbsp;<\/p>\n<p><span style=\"font-family: georgia,palatino,serif;\"><span style=\"color: #0000ff;\">Eier<\/span> wurden abgesammelt\u00a0in <span style=\"color: #0000ff;\">Gl\u00e4sern mit Vermaculit<\/span><\/span><br \/>\n<span style=\"font-family: georgia,palatino,serif;\"> gezeitigt<\/span><br \/>\n<span style=\"font-family: georgia,palatino,serif;\">Die <span style=\"color: #0000ff;\"><strong><span style=\"font-size: 14pt;\">Fortpflanzungsraten<\/span><\/strong> <\/span>waren durch konstante Umweltbedingungen <\/span><span style=\"font-family: georgia,palatino,serif;\">und keiner Fressfeinde <span style=\"color: #0000ff; font-size: 14pt;\"><strong>gigantisch<\/strong> <\/span>wie der Name einer unserer Arten.-<span style=\"color: #0000ff;\">giganteneum<\/span><\/span><\/p>\n","protected":false},"excerpt":{"rendered":"<p>Haltung im Terrarium Terrarien mit wassergef\u00fcllten Vasen f\u00fcr Futterpflanzen Unsere Tiere haben nur Brommbeerbl\u00e4tter gefressen Zwei- bis dreimal in der Woche erfolgte das Bespr\u00fchen mit Wasser Luftfeuchtigkeit lag zwischen 60 und 80\u00a0Prozent Temperatur zwischen 20 und 30\u00a0\u00b0C Beleuchtung war von Vorteil nicht zwingend Boden wurde K\u00fcchenkrepp versehen und zweiw\u00f6chentlich notfalls \u00f6fter gewechselt &nbsp; Eier wurden &hellip; <\/p>\n<p class=\"link-more\"><a href=\"https:\/\/zuhausebeivoit.de\/cms\/?page_id=1474\" class=\"more-link\"><span class=\"screen-reader-text\">\u201eHaltung\u201c<\/span> weiterlesen<\/a><\/p>\n","protected":false},"author":1,"featured_media":0,"parent":0,"menu_order":0,"comment_status":"closed","ping_status":"closed","template":"","meta":{"footnotes":""},"class_list":["post-1474","page","type-page","status-publish","hentry"],"_links":{"self":[{"href":"https:\/\/zuhausebeivoit.de\/cms\/index.php?rest_route=\/wp\/v2\/pages\/1474","targetHints":{"allow":["GET"]}}],"collection":[{"href":"https:\/\/zuhausebeivoit.de\/cms\/index.php?rest_route=\/wp\/v2\/pages"}],"about":[{"href":"https:\/\/zuhausebeivoit.de\/cms\/index.php?rest_route=\/wp\/v2\/types\/page"}],"author":[{"embeddable":true,"href":"https:\/\/zuhausebeivoit.de\/cms\/index.php?rest_route=\/wp\/v2\/users\/1"}],"replies":[{"embeddable":true,"href":"https:\/\/zuhausebeivoit.de\/cms\/index.php?rest_route=%2Fwp%2Fv2%2Fcomments&post=1474"}],"version-history":[{"count":8,"href":"https:\/\/zuhausebeivoit.de\/cms\/index.php?rest_route=\/wp\/v2\/pages\/1474\/revisions"}],"predecessor-version":[{"id":2125,"href":"https:\/\/zuhausebeivoit.de\/cms\/index.php?rest_route=\/wp\/v2\/pages\/1474\/revisions\/2125"}],"wp:attachment":[{"href":"https:\/\/zuhausebeivoit.de\/cms\/index.php?rest_route=%2Fwp%2Fv2%2Fmedia&parent=1474"}],"curies":[{"name":"wp","href":"https:\/\/api.w.org\/{rel}","templated":true}]}}