{"id":1455,"date":"2018-09-25T09:59:57","date_gmt":"2018-09-25T07:59:57","guid":{"rendered":"http:\/\/zuhausebeivoit.de\/cms\/?page_id=1455"},"modified":"2018-09-25T12:09:33","modified_gmt":"2018-09-25T10:09:33","slug":"fortpflanzung-und-haltung","status":"publish","type":"page","link":"https:\/\/zuhausebeivoit.de\/cms\/?page_id=1455","title":{"rendered":"Fortpflanzung"},"content":{"rendered":"<p><span style=\"color: #0000ff;\"><strong><span style=\"font-size: 18pt;\">Fortpflanzung:<\/span><\/strong><\/span><br \/>\n<span style=\"font-family: georgia,palatino,serif;\"><span style=\"color: #0000ff; font-size: 14pt;\">Wandelnde Bl\u00e4tter <\/span>und die meisten <span style=\"color: #0000ff; font-size: 14pt;\">Gespenstschrecken<\/span> k\u00f6nnen sich<\/span><br \/>\n<span style=\"font-family: georgia,palatino,serif;\"><span style=\"color: #0000ff; font-size: 14pt;\">parthenogenetisch fortpflanzen<\/span>. Bei Vorhandensein von beiden Geschlechtern erfolgt eine <span style=\"color: #0000ff; font-size: 14pt;\">Paarung der Imagos<span style=\"color: #000000;\">.(<\/span><\/span>geschlechtsreife ausgewachsene Tiere) <\/span><span style=\"font-family: georgia,palatino,serif;\">Sind M\u00e4nnchen vorhanden, paaren sich die Weibchen mit diesen je nach Art etwa zwei bis vier Wochen nach der H\u00e4utung zur Imago. Die M\u00e4nnchen nehmen mit ihren F\u00fchlern die Vibrationen der stridulisiernden Weibchen wahr und folgen diesen zu den Weibchen.<\/span><\/p>\n<p><a href=\"http:\/\/zuhausebeivoit.de\/cms\/wp-content\/uploads\/2018\/09\/13-1.jpg\"><img loading=\"lazy\" decoding=\"async\" class=\"alignleft size-thumbnail wp-image-1461\" src=\"http:\/\/zuhausebeivoit.de\/cms\/wp-content\/uploads\/2018\/09\/13-1-150x150.jpg\" alt=\"\" width=\"150\" height=\"150\" srcset=\"https:\/\/zuhausebeivoit.de\/cms\/wp-content\/uploads\/2018\/09\/13-1-150x150.jpg 150w, https:\/\/zuhausebeivoit.de\/cms\/wp-content\/uploads\/2018\/09\/13-1-100x100.jpg 100w\" sizes=\"auto, (max-width: 150px) 100vw, 150px\" \/><\/a> <a href=\"http:\/\/zuhausebeivoit.de\/cms\/wp-content\/uploads\/2018\/09\/16-1.jpg\"><img loading=\"lazy\" decoding=\"async\" class=\"alignleft size-thumbnail wp-image-1464\" src=\"http:\/\/zuhausebeivoit.de\/cms\/wp-content\/uploads\/2018\/09\/16-1-150x150.jpg\" alt=\"\" width=\"150\" height=\"150\" srcset=\"https:\/\/zuhausebeivoit.de\/cms\/wp-content\/uploads\/2018\/09\/16-1-150x150.jpg 150w, https:\/\/zuhausebeivoit.de\/cms\/wp-content\/uploads\/2018\/09\/16-1-100x100.jpg 100w\" sizes=\"auto, (max-width: 150px) 100vw, 150px\" \/><\/a> <a href=\"http:\/\/zuhausebeivoit.de\/cms\/wp-content\/uploads\/2018\/09\/15-1.jpg\"><img loading=\"lazy\" decoding=\"async\" class=\"alignleft size-thumbnail wp-image-1463\" src=\"http:\/\/zuhausebeivoit.de\/cms\/wp-content\/uploads\/2018\/09\/15-1-150x150.jpg\" alt=\"\" width=\"150\" height=\"150\" srcset=\"https:\/\/zuhausebeivoit.de\/cms\/wp-content\/uploads\/2018\/09\/15-1-150x150.jpg 150w, https:\/\/zuhausebeivoit.de\/cms\/wp-content\/uploads\/2018\/09\/15-1-100x100.jpg 100w\" sizes=\"auto, (max-width: 150px) 100vw, 150px\" \/><\/a><\/p>\n<p>&nbsp;<\/p>\n<p><strong>Aufnahmen von Phyllium siccifolium<\/strong><\/p>\n<p><a href=\"http:\/\/zuhausebeivoit.de\/cms\/wp-content\/uploads\/2018\/09\/14-1.jpg\"><img loading=\"lazy\" decoding=\"async\" class=\"alignleft size-thumbnail wp-image-1462\" src=\"http:\/\/zuhausebeivoit.de\/cms\/wp-content\/uploads\/2018\/09\/14-1-150x150.jpg\" alt=\"\" width=\"150\" height=\"150\" srcset=\"https:\/\/zuhausebeivoit.de\/cms\/wp-content\/uploads\/2018\/09\/14-1-150x150.jpg 150w, https:\/\/zuhausebeivoit.de\/cms\/wp-content\/uploads\/2018\/09\/14-1-100x100.jpg 100w\" sizes=\"auto, (max-width: 150px) 100vw, 150px\" \/><\/a><\/p>\n<p><a href=\"http:\/\/zuhausebeivoit.de\/cms\/wp-content\/uploads\/2018\/09\/18-1.jpg\"><img loading=\"lazy\" decoding=\"async\" class=\"alignleft size-thumbnail wp-image-1466\" src=\"http:\/\/zuhausebeivoit.de\/cms\/wp-content\/uploads\/2018\/09\/18-1-150x150.jpg\" alt=\"\" width=\"150\" height=\"150\" srcset=\"https:\/\/zuhausebeivoit.de\/cms\/wp-content\/uploads\/2018\/09\/18-1-150x150.jpg 150w, https:\/\/zuhausebeivoit.de\/cms\/wp-content\/uploads\/2018\/09\/18-1-100x100.jpg 100w\" sizes=\"auto, (max-width: 150px) 100vw, 150px\" \/><\/a><a href=\"http:\/\/zuhausebeivoit.de\/cms\/wp-content\/uploads\/2018\/09\/19-1.jpg\"><img loading=\"lazy\" decoding=\"async\" class=\"alignleft size-thumbnail wp-image-1467\" src=\"http:\/\/zuhausebeivoit.de\/cms\/wp-content\/uploads\/2018\/09\/19-1-150x150.jpg\" alt=\"\" width=\"150\" height=\"150\" srcset=\"https:\/\/zuhausebeivoit.de\/cms\/wp-content\/uploads\/2018\/09\/19-1-150x150.jpg 150w, https:\/\/zuhausebeivoit.de\/cms\/wp-content\/uploads\/2018\/09\/19-1-100x100.jpg 100w\" sizes=\"auto, (max-width: 150px) 100vw, 150px\" \/><\/a><\/p>\n<p>&nbsp;<\/p>\n<p><span style=\"font-family: georgia,palatino,serif;\">Von den Weibchen werden ein bis drei Eier pro Woche entweder auf den Boden fallen gelassen mit dem Hinterleib weggeschleudert.(<span style=\"color: #0000ff;\">artabh\u00e4ngig 100 bis 300 Eier je Tier<\/span>) <\/span><span style=\"font-family: georgia,palatino,serif;\">Die Eier \u00e4hneln oft Pflanzensamen z.B. <em>Phyllium giganteum<\/em> denen der Wunderblume. Der <\/span><span style=\"font-family: georgia,palatino,serif;\"><span style=\"color: #0000ff;\">Schlupf<\/span> <span style=\"color: #0000ff;\">nach ca. 8 und mehreren Wochen von roten, rotbraunen oder schwarzbraunen Nymphen.<\/span><\/span><\/p>\n<p>&nbsp;<\/p>\n<p><a href=\"http:\/\/zuhausebeivoit.de\/cms\/wp-content\/uploads\/2018\/09\/4-1.jpg\"><img loading=\"lazy\" decoding=\"async\" class=\"alignleft size-thumbnail wp-image-1468\" src=\"http:\/\/zuhausebeivoit.de\/cms\/wp-content\/uploads\/2018\/09\/4-1-150x150.jpg\" alt=\"\" width=\"150\" height=\"150\" srcset=\"https:\/\/zuhausebeivoit.de\/cms\/wp-content\/uploads\/2018\/09\/4-1-150x150.jpg 150w, https:\/\/zuhausebeivoit.de\/cms\/wp-content\/uploads\/2018\/09\/4-1-100x100.jpg 100w\" sizes=\"auto, (max-width: 150px) 100vw, 150px\" \/><\/a> <a href=\"http:\/\/zuhausebeivoit.de\/cms\/wp-content\/uploads\/2018\/09\/9-1.jpg\"><img loading=\"lazy\" decoding=\"async\" class=\"alignleft size-thumbnail wp-image-1469\" src=\"http:\/\/zuhausebeivoit.de\/cms\/wp-content\/uploads\/2018\/09\/9-1-150x150.jpg\" alt=\"\" width=\"150\" height=\"150\" srcset=\"https:\/\/zuhausebeivoit.de\/cms\/wp-content\/uploads\/2018\/09\/9-1-150x150.jpg 150w, https:\/\/zuhausebeivoit.de\/cms\/wp-content\/uploads\/2018\/09\/9-1-100x100.jpg 100w\" sizes=\"auto, (max-width: 150px) 100vw, 150px\" \/><\/a> <a href=\"http:\/\/zuhausebeivoit.de\/cms\/wp-content\/uploads\/2018\/09\/10-1.jpg\"><img loading=\"lazy\" decoding=\"async\" class=\"alignleft size-thumbnail wp-image-1470\" src=\"http:\/\/zuhausebeivoit.de\/cms\/wp-content\/uploads\/2018\/09\/10-1-150x150.jpg\" alt=\"\" width=\"150\" height=\"150\" srcset=\"https:\/\/zuhausebeivoit.de\/cms\/wp-content\/uploads\/2018\/09\/10-1-150x150.jpg 150w, https:\/\/zuhausebeivoit.de\/cms\/wp-content\/uploads\/2018\/09\/10-1-100x100.jpg 100w\" sizes=\"auto, (max-width: 150px) 100vw, 150px\" \/><\/a><\/p>\n<p>&nbsp;<\/p>\n<p>&nbsp;<\/p>\n<p><span style=\"color: #000000; font-family: georgia,palatino,serif;\"><span style=\"color: #0000ff;\">nach <\/span>vier (Weibchen)\u00a0und 6 (M\u00e4nnchen) <span style=\"color: #0000ff;\">H\u00e4utungen erwachsen und geschlechtsreif<\/span> und die Tiere f\u00e4rben sich je nach Luftfeuchte,Lichtverh\u00e4ltnisse und Temperatur<\/span><br \/>\n<span style=\"color: #000000; font-family: georgia,palatino,serif;\">Haut wird verspeist<\/span><\/p>\n","protected":false},"excerpt":{"rendered":"<p>Fortpflanzung: Wandelnde Bl\u00e4tter und die meisten Gespenstschrecken k\u00f6nnen sich parthenogenetisch fortpflanzen. Bei Vorhandensein von beiden Geschlechtern erfolgt eine Paarung der Imagos.(geschlechtsreife ausgewachsene Tiere) Sind M\u00e4nnchen vorhanden, paaren sich die Weibchen mit diesen je nach Art etwa zwei bis vier Wochen nach der H\u00e4utung zur Imago. Die M\u00e4nnchen nehmen mit ihren F\u00fchlern die Vibrationen der stridulisiernden &hellip; <\/p>\n<p class=\"link-more\"><a href=\"https:\/\/zuhausebeivoit.de\/cms\/?page_id=1455\" class=\"more-link\"><span class=\"screen-reader-text\">\u201eFortpflanzung\u201c<\/span> weiterlesen<\/a><\/p>\n","protected":false},"author":1,"featured_media":0,"parent":0,"menu_order":0,"comment_status":"closed","ping_status":"closed","template":"","meta":{"footnotes":""},"class_list":["post-1455","page","type-page","status-publish","hentry"],"_links":{"self":[{"href":"https:\/\/zuhausebeivoit.de\/cms\/index.php?rest_route=\/wp\/v2\/pages\/1455","targetHints":{"allow":["GET"]}}],"collection":[{"href":"https:\/\/zuhausebeivoit.de\/cms\/index.php?rest_route=\/wp\/v2\/pages"}],"about":[{"href":"https:\/\/zuhausebeivoit.de\/cms\/index.php?rest_route=\/wp\/v2\/types\/page"}],"author":[{"embeddable":true,"href":"https:\/\/zuhausebeivoit.de\/cms\/index.php?rest_route=\/wp\/v2\/users\/1"}],"replies":[{"embeddable":true,"href":"https:\/\/zuhausebeivoit.de\/cms\/index.php?rest_route=%2Fwp%2Fv2%2Fcomments&post=1455"}],"version-history":[{"count":7,"href":"https:\/\/zuhausebeivoit.de\/cms\/index.php?rest_route=\/wp\/v2\/pages\/1455\/revisions"}],"predecessor-version":[{"id":1488,"href":"https:\/\/zuhausebeivoit.de\/cms\/index.php?rest_route=\/wp\/v2\/pages\/1455\/revisions\/1488"}],"wp:attachment":[{"href":"https:\/\/zuhausebeivoit.de\/cms\/index.php?rest_route=%2Fwp%2Fv2%2Fmedia&parent=1455"}],"curies":[{"name":"wp","href":"https:\/\/api.w.org\/{rel}","templated":true}]}}