{"id":143,"date":"2018-08-30T12:32:52","date_gmt":"2018-08-30T10:32:52","guid":{"rendered":"http:\/\/zuhausebeivoit.de\/cms\/?page_id=143"},"modified":"2018-10-02T23:17:25","modified_gmt":"2018-10-02T21:17:25","slug":"hunde-yorkshire-terrier","status":"publish","type":"page","link":"https:\/\/zuhausebeivoit.de\/cms\/?page_id=143","title":{"rendered":"Hunde &#8211; Yorkshire &#8211; Terrier"},"content":{"rendered":"<h2><strong><span style=\"color: #0000ff; font-family: georgia,palatino,serif; font-size: 18pt;\">Unsere gesammelten Erfahrungen:<\/span><\/strong><\/h2>\n<p><span style=\"color: #0000ff; font-family: georgia,palatino,serif; font-size: 14pt;\"><strong>Der Yorkshire &#8211; Terrier<\/strong><\/span> hat nicht blo\u00df eine interessante Entwicklungsgeschichte hinter sich gebracht, sondern zeichnet sich dar\u00fcber hinaus auch durch sehr \u00fcberzeugende Eigenschaften sowie seine unkomplizierte Haltung als Familienmitglied aus.<a href=\"http:\/\/zuhausebeivoit.de\/cms\/wp-content\/uploads\/2018\/08\/wesen3.jpg\"><img loading=\"lazy\" decoding=\"async\" class=\"alignleft size-medium wp-image-148\" src=\"http:\/\/zuhausebeivoit.de\/cms\/wp-content\/uploads\/2018\/08\/wesen3-300x202.jpg\" alt=\"\" width=\"300\" height=\"202\" srcset=\"https:\/\/zuhausebeivoit.de\/cms\/wp-content\/uploads\/2018\/08\/wesen3-300x202.jpg 300w, https:\/\/zuhausebeivoit.de\/cms\/wp-content\/uploads\/2018\/08\/wesen3.jpg 400w\" sizes=\"auto, (max-width: 300px) 100vw, 300px\" \/><\/a>Er ist ein sehr kleiner Hund. Oftmals hat er\u00a0ein unb\u00e4ndiges Wesen, manchmal mit \u00dcbermut verbunden.\u00a0Jeder von ihnen kann sehr charmant sein, mitunter auch ein bisschen eingebildet, alles in allem gut zu leiden. Und daher ist er gut geeignet f\u00fcr eine Wohnungshaltung. So l\u00e4sst er sich \u00fcberall hin unkompliziert mitnehmen. (Auto, Flugzeug) Mit au\u00dferordentlichem Temperament bewachen die Hunde das gemeinsame Terrain im Haus und Garten Manchmal braucht man aber gro\u00dfe \u00dcberzeugungsk\u00fcnste. <a href=\"http:\/\/zuhausebeivoit.de\/cms\/wp-content\/uploads\/2018\/08\/wesen2.jpg\"><img loading=\"lazy\" decoding=\"async\" class=\"alignleft size-medium wp-image-147\" src=\"http:\/\/zuhausebeivoit.de\/cms\/wp-content\/uploads\/2018\/08\/wesen2-300x239.jpg\" alt=\"\" width=\"300\" height=\"239\" srcset=\"https:\/\/zuhausebeivoit.de\/cms\/wp-content\/uploads\/2018\/08\/wesen2-300x239.jpg 300w, https:\/\/zuhausebeivoit.de\/cms\/wp-content\/uploads\/2018\/08\/wesen2.jpg 400w\" sizes=\"auto, (max-width: 300px) 100vw, 300px\" \/><\/a>Hat sich in vielen Bereichen und Situationen als treuer Wegbegleiter bewiesen. Dies zum Teil aber mit gro\u00dfem Besch\u00fctzerinstinkt. Mit Kindern aufgewachsen ist er ein guter Spielgef\u00e4hrte. Aber wenn nicht ist er insbesondere bei kleineren oft sehr unleidlich und manchmal sogar ein klein wenig angriffslustig, St\u00e4ndig ist er in Action, nicht klein zu kriegen , sehr, sehr ausdauernd und f\u00fcr jeden Spa\u00df zu haben. Auf Grund seines drolligen, harmlos scheinenden Wesens wird er manchmal untersch\u00e4tzt. Seine majest\u00e4tische Erscheinung mittels nicht haarendem, langen Felles macht sehr pflegeintensives K\u00e4mmen notwendig. Dies hat aber positive Einfl\u00fcsse auf Beziehungen zwischen Mensch und Tier.<a href=\"http:\/\/zuhausebeivoit.de\/cms\/wp-content\/uploads\/2018\/08\/wesen4.jpg\"><img loading=\"lazy\" decoding=\"async\" class=\"alignright size-medium wp-image-149\" src=\"http:\/\/zuhausebeivoit.de\/cms\/wp-content\/uploads\/2018\/08\/wesen4-300x202.jpg\" alt=\"\" width=\"300\" height=\"202\" srcset=\"https:\/\/zuhausebeivoit.de\/cms\/wp-content\/uploads\/2018\/08\/wesen4-300x202.jpg 300w, https:\/\/zuhausebeivoit.de\/cms\/wp-content\/uploads\/2018\/08\/wesen4.jpg 400w\" sizes=\"auto, (max-width: 300px) 100vw, 300px\" \/><\/a><\/p>\n<p>Wenn es von Beginn an daran gew\u00f6hnt wird, wird es genossen. Augen-, Ohren- und Krallenpflege sind durchaus kontrollier- und regelbar .In der Regel ist dieser Terrier gut vertr\u00e4glich mit Artgenossen, schie\u00dft aber mitunter \u00fcber das Ziel hinaus. Zun\u00e4chst ist besser etwas Zur\u00fcckhaltung bei der Begegnung der dritte Art angebracht<\/p>\n<p><a href=\"http:\/\/zuhausebeivoit.de\/cms\/wp-content\/uploads\/2018\/08\/wesen6.jpg\"><img loading=\"lazy\" decoding=\"async\" class=\"alignleft wp-image-151 size-thumbnail\" src=\"http:\/\/zuhausebeivoit.de\/cms\/wp-content\/uploads\/2018\/08\/wesen6-150x150.jpg\" alt=\"\" width=\"150\" height=\"150\" \/><\/a><a href=\"http:\/\/zuhausebeivoit.de\/cms\/wp-content\/uploads\/2018\/08\/wesen1.jpg\"><img loading=\"lazy\" decoding=\"async\" class=\"alignright wp-image-146 size-thumbnail\" src=\"http:\/\/zuhausebeivoit.de\/cms\/wp-content\/uploads\/2018\/08\/wesen1-150x150.jpg\" alt=\"\" width=\"150\" height=\"150\" \/><\/a><\/p>\n<p><a href=\"http:\/\/zuhausebeivoit.de\/cms\/wp-content\/uploads\/2018\/08\/wesen6.jpg\">\u00a0<\/a><\/p>\n","protected":false},"excerpt":{"rendered":"<p>Unsere gesammelten Erfahrungen: Der Yorkshire &#8211; Terrier hat nicht blo\u00df eine interessante Entwicklungsgeschichte hinter sich gebracht, sondern zeichnet sich dar\u00fcber hinaus auch durch sehr \u00fcberzeugende Eigenschaften sowie seine unkomplizierte Haltung als Familienmitglied aus.Er ist ein sehr kleiner Hund. Oftmals hat er\u00a0ein unb\u00e4ndiges Wesen, manchmal mit \u00dcbermut verbunden.\u00a0Jeder von ihnen kann sehr charmant sein, mitunter auch &hellip; <\/p>\n<p class=\"link-more\"><a href=\"https:\/\/zuhausebeivoit.de\/cms\/?page_id=143\" class=\"more-link\"><span class=\"screen-reader-text\">\u201eHunde &#8211; Yorkshire &#8211; Terrier\u201c<\/span> weiterlesen<\/a><\/p>\n","protected":false},"author":1,"featured_media":0,"parent":0,"menu_order":0,"comment_status":"closed","ping_status":"closed","template":"","meta":{"footnotes":""},"class_list":["post-143","page","type-page","status-publish","hentry"],"_links":{"self":[{"href":"https:\/\/zuhausebeivoit.de\/cms\/index.php?rest_route=\/wp\/v2\/pages\/143","targetHints":{"allow":["GET"]}}],"collection":[{"href":"https:\/\/zuhausebeivoit.de\/cms\/index.php?rest_route=\/wp\/v2\/pages"}],"about":[{"href":"https:\/\/zuhausebeivoit.de\/cms\/index.php?rest_route=\/wp\/v2\/types\/page"}],"author":[{"embeddable":true,"href":"https:\/\/zuhausebeivoit.de\/cms\/index.php?rest_route=\/wp\/v2\/users\/1"}],"replies":[{"embeddable":true,"href":"https:\/\/zuhausebeivoit.de\/cms\/index.php?rest_route=%2Fwp%2Fv2%2Fcomments&post=143"}],"version-history":[{"count":37,"href":"https:\/\/zuhausebeivoit.de\/cms\/index.php?rest_route=\/wp\/v2\/pages\/143\/revisions"}],"predecessor-version":[{"id":1696,"href":"https:\/\/zuhausebeivoit.de\/cms\/index.php?rest_route=\/wp\/v2\/pages\/143\/revisions\/1696"}],"wp:attachment":[{"href":"https:\/\/zuhausebeivoit.de\/cms\/index.php?rest_route=%2Fwp%2Fv2%2Fmedia&parent=143"}],"curies":[{"name":"wp","href":"https:\/\/api.w.org\/{rel}","templated":true}]}}