{"id":1382,"date":"2018-09-20T22:32:12","date_gmt":"2018-09-20T20:32:12","guid":{"rendered":"http:\/\/zuhausebeivoit.de\/cms\/?page_id=1382"},"modified":"2018-09-20T22:53:12","modified_gmt":"2018-09-20T20:53:12","slug":"haltung-3","status":"publish","type":"page","link":"https:\/\/zuhausebeivoit.de\/cms\/?page_id=1382","title":{"rendered":"Haltung"},"content":{"rendered":"<p><strong><span style=\"color: #0000ff; font-family: georgia,palatino,serif; font-size: 18pt;\">Terrarium:<\/span><\/strong><br \/>\n<span style=\"color: #000000; font-family: georgia,palatino,serif;\">tags<strong> 28-32\u00b0C<\/strong> bei <strong>60% relativer Luftfeuchte<\/strong> und <strong>nachts 20-23\u00b0C<\/strong> <strong>bei 90%<\/strong><\/span><br \/>\n<strong><span style=\"color: #0000ff; font-family: georgia,palatino,serif;\">Regelm\u00e4\u00dfiges Spr\u00fchen erforderlich<\/span><\/strong><br \/>\n<span style=\"color: #000000; font-family: georgia,palatino,serif;\">Terrarium so gro\u00df(insbesondere ) hoch wie m\u00f6glich mit <strong>Rindenr\u00fcckwand<\/strong> und <strong>robusten Pflanzen<\/strong><\/span><\/p>\n<p><span style=\"color: #0000ff;\"><strong><span style=\"font-family: georgia,palatino,serif; font-size: 14pt;\">F\u00fctterung:<\/span><\/strong><\/span><br \/>\n<span style=\"color: #000000; font-family: georgia,palatino,serif;\"><strong>Jungtiere t\u00e4glich<\/strong>, \u00e4ltere aller zwei bis drei Tage<\/span><br \/>\n<span style=\"color: #000000; font-family: georgia,palatino,serif;\">\u00fcberwiegend <strong>Insekten<\/strong> (Grillen, Heuschrecken), reife Fr\u00fcchte, Futter Gelee aus Fachhandel<\/span><br \/>\n<span style=\"color: #000000; font-family: georgia,palatino,serif;\">zweiw\u00f6chentlich erfolgte <strong>Bepuderung<\/strong> alle Futtertiere mit<strong> Calzium-Pr\u00e4parat<\/strong> aus dem Fachhandel<\/span><br \/>\n<span style=\"color: #000000; font-family: georgia,palatino,serif;\">Gef\u00fcttert habe ich aus der<strong> Futterdose.<\/strong><\/span><\/p>\n<p><strong><span style=\"color: #0000ff;\">Es dauerte nur wenige Wochen da hatte mich das Fieber gepackt.Zwei Weibchen wurden angeschafft und ein gr\u00f6\u00dferes Terrarium. Das kleine diente dann der Nachzucht.<\/span><\/strong><\/p>\n<p><a href=\"http:\/\/zuhausebeivoit.de\/cms\/wp-content\/uploads\/2018\/09\/3.jpg\"><img loading=\"lazy\" decoding=\"async\" class=\"alignleft size-thumbnail wp-image-1389\" src=\"http:\/\/zuhausebeivoit.de\/cms\/wp-content\/uploads\/2018\/09\/3-150x150.jpg\" alt=\"\" width=\"150\" height=\"150\" srcset=\"https:\/\/zuhausebeivoit.de\/cms\/wp-content\/uploads\/2018\/09\/3-150x150.jpg 150w, https:\/\/zuhausebeivoit.de\/cms\/wp-content\/uploads\/2018\/09\/3-100x100.jpg 100w\" sizes=\"auto, (max-width: 150px) 100vw, 150px\" \/><\/a> <a href=\"http:\/\/zuhausebeivoit.de\/cms\/wp-content\/uploads\/2018\/09\/4.jpg\"><img loading=\"lazy\" decoding=\"async\" class=\"alignleft size-thumbnail wp-image-1390\" src=\"http:\/\/zuhausebeivoit.de\/cms\/wp-content\/uploads\/2018\/09\/4-150x150.jpg\" alt=\"\" width=\"150\" height=\"150\" srcset=\"https:\/\/zuhausebeivoit.de\/cms\/wp-content\/uploads\/2018\/09\/4-150x150.jpg 150w, https:\/\/zuhausebeivoit.de\/cms\/wp-content\/uploads\/2018\/09\/4-100x100.jpg 100w\" sizes=\"auto, (max-width: 150px) 100vw, 150px\" \/><\/a> <a href=\"http:\/\/zuhausebeivoit.de\/cms\/wp-content\/uploads\/2018\/09\/10.jpg\"><img loading=\"lazy\" decoding=\"async\" class=\"alignleft size-thumbnail wp-image-1391\" src=\"http:\/\/zuhausebeivoit.de\/cms\/wp-content\/uploads\/2018\/09\/10-150x150.jpg\" alt=\"\" width=\"150\" height=\"150\" srcset=\"https:\/\/zuhausebeivoit.de\/cms\/wp-content\/uploads\/2018\/09\/10-150x150.jpg 150w, https:\/\/zuhausebeivoit.de\/cms\/wp-content\/uploads\/2018\/09\/10-100x100.jpg 100w\" sizes=\"auto, (max-width: 150px) 100vw, 150px\" \/><\/a><\/p>\n<p><span style=\"color: #0000ff; font-family: georgia,palatino,serif; font-size: 14pt;\"><strong>Fortpflanzung:<\/strong><\/span><br \/>\n<span style=\"color: #000000;\">Geschlechtsreife 9 bis 15 Monaten.<\/span><br \/>\n<span style=\"color: #000000;\">Bei der Balz versucht das M\u00e4nnchen seiner Auserw\u00e4hlten durch Kopfnicken und Aufstellen der Kehlfahne zu imponieren.<\/span><br \/>\n<span style=\"color: #000000;\">W\u00e4hrend der Paarung, verbei\u00dft sich das M\u00e4nnchen im Nackenbereich des Weibchens was mitunter sehr brutal aussieht.<\/span><\/p>\n<p><a href=\"http:\/\/zuhausebeivoit.de\/cms\/wp-content\/uploads\/2018\/09\/13.jpg\"><img loading=\"lazy\" decoding=\"async\" class=\"alignleft size-thumbnail wp-image-1399\" src=\"http:\/\/zuhausebeivoit.de\/cms\/wp-content\/uploads\/2018\/09\/13-150x150.jpg\" alt=\"\" width=\"150\" height=\"150\" srcset=\"https:\/\/zuhausebeivoit.de\/cms\/wp-content\/uploads\/2018\/09\/13-150x150.jpg 150w, https:\/\/zuhausebeivoit.de\/cms\/wp-content\/uploads\/2018\/09\/13-100x100.jpg 100w\" sizes=\"auto, (max-width: 150px) 100vw, 150px\" \/><\/a> <a href=\"http:\/\/zuhausebeivoit.de\/cms\/wp-content\/uploads\/2018\/09\/14.jpg\"><img loading=\"lazy\" decoding=\"async\" class=\"alignleft size-thumbnail wp-image-1400\" src=\"http:\/\/zuhausebeivoit.de\/cms\/wp-content\/uploads\/2018\/09\/14-150x150.jpg\" alt=\"\" width=\"150\" height=\"150\" srcset=\"https:\/\/zuhausebeivoit.de\/cms\/wp-content\/uploads\/2018\/09\/14-150x150.jpg 150w, https:\/\/zuhausebeivoit.de\/cms\/wp-content\/uploads\/2018\/09\/14-100x100.jpg 100w\" sizes=\"auto, (max-width: 150px) 100vw, 150px\" \/><\/a> <a href=\"http:\/\/zuhausebeivoit.de\/cms\/wp-content\/uploads\/2018\/09\/16.jpg\"><img loading=\"lazy\" decoding=\"async\" class=\"alignleft size-thumbnail wp-image-1401\" src=\"http:\/\/zuhausebeivoit.de\/cms\/wp-content\/uploads\/2018\/09\/16-150x150.jpg\" alt=\"\" width=\"150\" height=\"150\" srcset=\"https:\/\/zuhausebeivoit.de\/cms\/wp-content\/uploads\/2018\/09\/16-150x150.jpg 150w, https:\/\/zuhausebeivoit.de\/cms\/wp-content\/uploads\/2018\/09\/16-100x100.jpg 100w\" sizes=\"auto, (max-width: 150px) 100vw, 150px\" \/><\/a><\/p>\n<p>&nbsp;<\/p>\n<p>&nbsp;<\/p>\n<p>&nbsp;<\/p>\n<p>&nbsp;<\/p>\n<p>&nbsp;<\/p>\n<p>&nbsp;<\/p>\n<p>&nbsp;<\/p>\n<p>&nbsp;<\/p>\n<p>&nbsp;<\/p>\n<p>&nbsp;<\/p>\n<p>&nbsp;<\/p>\n","protected":false},"excerpt":{"rendered":"<p>Terrarium: tags 28-32\u00b0C bei 60% relativer Luftfeuchte und nachts 20-23\u00b0C bei 90% Regelm\u00e4\u00dfiges Spr\u00fchen erforderlich Terrarium so gro\u00df(insbesondere ) hoch wie m\u00f6glich mit Rindenr\u00fcckwand und robusten Pflanzen F\u00fctterung: Jungtiere t\u00e4glich, \u00e4ltere aller zwei bis drei Tage \u00fcberwiegend Insekten (Grillen, Heuschrecken), reife Fr\u00fcchte, Futter Gelee aus Fachhandel zweiw\u00f6chentlich erfolgte Bepuderung alle Futtertiere mit Calzium-Pr\u00e4parat aus dem &hellip; <\/p>\n<p class=\"link-more\"><a href=\"https:\/\/zuhausebeivoit.de\/cms\/?page_id=1382\" class=\"more-link\"><span class=\"screen-reader-text\">\u201eHaltung\u201c<\/span> weiterlesen<\/a><\/p>\n","protected":false},"author":2,"featured_media":0,"parent":0,"menu_order":0,"comment_status":"closed","ping_status":"closed","template":"","meta":{"footnotes":""},"class_list":["post-1382","page","type-page","status-publish","hentry"],"_links":{"self":[{"href":"https:\/\/zuhausebeivoit.de\/cms\/index.php?rest_route=\/wp\/v2\/pages\/1382","targetHints":{"allow":["GET"]}}],"collection":[{"href":"https:\/\/zuhausebeivoit.de\/cms\/index.php?rest_route=\/wp\/v2\/pages"}],"about":[{"href":"https:\/\/zuhausebeivoit.de\/cms\/index.php?rest_route=\/wp\/v2\/types\/page"}],"author":[{"embeddable":true,"href":"https:\/\/zuhausebeivoit.de\/cms\/index.php?rest_route=\/wp\/v2\/users\/2"}],"replies":[{"embeddable":true,"href":"https:\/\/zuhausebeivoit.de\/cms\/index.php?rest_route=%2Fwp%2Fv2%2Fcomments&post=1382"}],"version-history":[{"count":6,"href":"https:\/\/zuhausebeivoit.de\/cms\/index.php?rest_route=\/wp\/v2\/pages\/1382\/revisions"}],"predecessor-version":[{"id":1398,"href":"https:\/\/zuhausebeivoit.de\/cms\/index.php?rest_route=\/wp\/v2\/pages\/1382\/revisions\/1398"}],"wp:attachment":[{"href":"https:\/\/zuhausebeivoit.de\/cms\/index.php?rest_route=%2Fwp%2Fv2%2Fmedia&parent=1382"}],"curies":[{"name":"wp","href":"https:\/\/api.w.org\/{rel}","templated":true}]}}