{"id":1258,"date":"2018-09-14T08:43:24","date_gmt":"2018-09-14T06:43:24","guid":{"rendered":"http:\/\/zuhausebeivoit.de\/cms\/?page_id=1258"},"modified":"2018-09-18T14:09:50","modified_gmt":"2018-09-18T12:09:50","slug":"projekte","status":"publish","type":"page","link":"https:\/\/zuhausebeivoit.de\/cms\/?page_id=1258","title":{"rendered":"Tierpatenschaften"},"content":{"rendered":"<p><span style=\"color: #0000ff; font-family: georgia,palatino,serif; font-size: 18pt;\">Patenschaft Zwergseiden\u00e4ffchen und Liszt\u00e4ffchen<\/span><br \/>\n<span style=\"color: #000000; font-family: georgia,palatino,serif;\">Eine gro\u00dfe Freude war f\u00fcr mich eines Tages das Geburtstagsgeschenk meiner Familie, welches sehr originell war. Aus der Kenntnis meiner Leidenschaft zu Zwerg\u00e4ffchen heraus, wurde ich mit einer Tierpatenschaft \u00fcberrascht. Meine Familie besuchte damals regelm\u00e4\u00dfig den Leipziger Zoo. So war es auch nicht verwunderlich, das das Patenkind dort zu Hause war. So oft als m\u00f6glich statteten wir ihm unseren Besuch ab. Mittlerweile wurde die Patenschaft f\u00fcr ein weiteres Jahr verl\u00e4ngert. Dem n\u00e4chsten Patenbrief lag ein Foto vom \u00c4ffchen bei. <\/span><\/p>\n<p><a href=\"http:\/\/zuhausebeivoit.de\/cms\/wp-content\/uploads\/2018\/09\/affen.jpg\"><img loading=\"lazy\" decoding=\"async\" class=\"alignleft size-medium wp-image-1264\" src=\"http:\/\/zuhausebeivoit.de\/cms\/wp-content\/uploads\/2018\/09\/affen-300x225.jpg\" alt=\"\" width=\"300\" height=\"225\" srcset=\"https:\/\/zuhausebeivoit.de\/cms\/wp-content\/uploads\/2018\/09\/affen-300x225.jpg 300w, https:\/\/zuhausebeivoit.de\/cms\/wp-content\/uploads\/2018\/09\/affen.jpg 400w\" sizes=\"auto, (max-width: 300px) 100vw, 300px\" \/><\/a><\/p>\n<p>&nbsp;<\/p>\n<p>&nbsp;<\/p>\n<p><a href=\"http:\/\/zuhausebeivoit.de\/cms\/wp-content\/uploads\/2018\/09\/zoologo.gif\"><img loading=\"lazy\" decoding=\"async\" class=\"alignleft size-thumbnail wp-image-1272\" src=\"http:\/\/zuhausebeivoit.de\/cms\/wp-content\/uploads\/2018\/09\/zoologo-150x127.gif\" alt=\"\" width=\"150\" height=\"127\" \/><\/a><\/p>\n<p>&nbsp;<\/p>\n<p>&nbsp;<\/p>\n<p>&nbsp;<\/p>\n<p><span style=\"color: #0000ff; font-family: georgia,palatino,serif; font-size: 18pt;\"><a style=\"color: #0000ff;\" href=\"http:\/\/zuhausebeivoit.de\/cms\/wp-content\/uploads\/2018\/09\/1.mp4\">Patenkind Film 1<\/a><\/span><\/p>\n<p><span style=\"color: #0000ff; font-family: georgia,palatino,serif; font-size: 18pt;\"><a style=\"color: #0000ff;\" href=\"http:\/\/zuhausebeivoit.de\/cms\/wp-content\/uploads\/2018\/09\/1-2..mp4\">Patenkind Film 2<\/a><\/span><\/p>\n<p><a href=\"http:\/\/zuhausebeivoit.de\/cms\/wp-content\/uploads\/2018\/09\/urkunde2.jpg\"><img loading=\"lazy\" decoding=\"async\" class=\"alignleft wp-image-1271 size-medium\" src=\"http:\/\/zuhausebeivoit.de\/cms\/wp-content\/uploads\/2018\/09\/urkunde2-214x300.jpg\" alt=\"\" width=\"214\" height=\"300\" srcset=\"https:\/\/zuhausebeivoit.de\/cms\/wp-content\/uploads\/2018\/09\/urkunde2-214x300.jpg 214w, https:\/\/zuhausebeivoit.de\/cms\/wp-content\/uploads\/2018\/09\/urkunde2.jpg 400w\" sizes=\"auto, (max-width: 214px) 100vw, 214px\" \/><\/a> <a href=\"http:\/\/zuhausebeivoit.de\/cms\/wp-content\/uploads\/2018\/09\/urkunde.jpg\"><img loading=\"lazy\" decoding=\"async\" class=\"alignleft size-medium wp-image-1270\" src=\"http:\/\/zuhausebeivoit.de\/cms\/wp-content\/uploads\/2018\/09\/urkunde-212x300.jpg\" alt=\"\" width=\"212\" height=\"300\" srcset=\"https:\/\/zuhausebeivoit.de\/cms\/wp-content\/uploads\/2018\/09\/urkunde-212x300.jpg 212w, https:\/\/zuhausebeivoit.de\/cms\/wp-content\/uploads\/2018\/09\/urkunde.jpg 400w\" sizes=\"auto, (max-width: 212px) 100vw, 212px\" \/><\/a><\/p>\n<p>&nbsp;<\/p>\n<p>&nbsp;<\/p>\n<p>&nbsp;<\/p>\n<p>&nbsp;<\/p>\n<p>&nbsp;<\/p>\n<p>&nbsp;<\/p>\n<p>&nbsp;<\/p>\n<p><span style=\"color: #000000; font-family: georgia,palatino,serif;\">Meine andere gro\u00dfe Leidenschaft geh\u00f6rt den Erdm\u00e4nnchen. Auch diese faszinieren mich jedes Mal aufs Neue und ich bin schwer von ihnen weg zu bekommen.<\/span><\/p>\n<p><span style=\"color: #0000ff; font-family: georgia,palatino,serif; font-size: 18pt;\"><a style=\"color: #0000ff;\" href=\"http:\/\/zuhausebeivoit.de\/cms\/wp-content\/uploads\/2018\/09\/2.mp4\">Erdm\u00e4nnchen 1<\/a><\/span><\/p>\n<p><span style=\"color: #0000ff; font-family: georgia,palatino,serif; font-size: 18pt;\"><a style=\"color: #0000ff;\" href=\"http:\/\/zuhausebeivoit.de\/cms\/wp-content\/uploads\/2018\/09\/2-1.mp4\">Erdm\u00e4nnchen 2<\/a><\/span><\/p>\n<p><a href=\"http:\/\/zuhausebeivoit.de\/cms\/wp-content\/uploads\/2018\/09\/erdmann2.jpg\"><img loading=\"lazy\" decoding=\"async\" class=\"alignleft size-thumbnail wp-image-1265\" src=\"http:\/\/zuhausebeivoit.de\/cms\/wp-content\/uploads\/2018\/09\/erdmann2-150x150.jpg\" alt=\"\" width=\"150\" height=\"150\" srcset=\"https:\/\/zuhausebeivoit.de\/cms\/wp-content\/uploads\/2018\/09\/erdmann2-150x150.jpg 150w, https:\/\/zuhausebeivoit.de\/cms\/wp-content\/uploads\/2018\/09\/erdmann2-100x100.jpg 100w\" sizes=\"auto, (max-width: 150px) 100vw, 150px\" \/><\/a><\/p>\n<p><a href=\"http:\/\/zuhausebeivoit.de\/cms\/wp-content\/uploads\/2018\/09\/erdmann3.jpg\"><img loading=\"lazy\" decoding=\"async\" class=\"alignleft size-thumbnail wp-image-1266\" src=\"http:\/\/zuhausebeivoit.de\/cms\/wp-content\/uploads\/2018\/09\/erdmann3-150x150.jpg\" alt=\"\" width=\"150\" height=\"150\" srcset=\"https:\/\/zuhausebeivoit.de\/cms\/wp-content\/uploads\/2018\/09\/erdmann3-150x150.jpg 150w, https:\/\/zuhausebeivoit.de\/cms\/wp-content\/uploads\/2018\/09\/erdmann3-100x100.jpg 100w\" sizes=\"auto, (max-width: 150px) 100vw, 150px\" \/><\/a><\/p>\n<p><a href=\"http:\/\/zuhausebeivoit.de\/cms\/wp-content\/uploads\/2018\/09\/ermann1.jpg\"><img loading=\"lazy\" decoding=\"async\" class=\"alignleft size-thumbnail wp-image-1267\" src=\"http:\/\/zuhausebeivoit.de\/cms\/wp-content\/uploads\/2018\/09\/ermann1-150x150.jpg\" alt=\"\" width=\"150\" height=\"150\" srcset=\"https:\/\/zuhausebeivoit.de\/cms\/wp-content\/uploads\/2018\/09\/ermann1-150x150.jpg 150w, https:\/\/zuhausebeivoit.de\/cms\/wp-content\/uploads\/2018\/09\/ermann1-100x100.jpg 100w\" sizes=\"auto, (max-width: 150px) 100vw, 150px\" \/><\/a><\/p>\n<p>&nbsp;<\/p>\n<p>&nbsp;<\/p>\n<p>&nbsp;<\/p>\n<p><a href=\"http:\/\/zuhausebeivoit.de\/cms\/wp-content\/uploads\/2018\/09\/list-1.jpg\"><img loading=\"lazy\" decoding=\"async\" class=\"alignleft size-medium wp-image-1290\" src=\"http:\/\/zuhausebeivoit.de\/cms\/wp-content\/uploads\/2018\/09\/list-1-213x300.jpg\" alt=\"\" width=\"213\" height=\"300\" srcset=\"https:\/\/zuhausebeivoit.de\/cms\/wp-content\/uploads\/2018\/09\/list-1-213x300.jpg 213w, https:\/\/zuhausebeivoit.de\/cms\/wp-content\/uploads\/2018\/09\/list-1.jpg 400w\" sizes=\"auto, (max-width: 213px) 100vw, 213px\" \/><br \/>\n<\/a><br \/>\n<span style=\"color: #000000; font-family: Calibri;\"><span style=\"font-family: georgia,palatino,serif;\">In all den Jahren unterst\u00fctzten wir<\/span><\/span><br \/>\n<span style=\"color: #000000; font-family: Calibri;\"><span style=\"font-family: georgia,palatino,serif;\">d<\/span><\/span><span style=\"color: #000000; font-family: Calibri;\"><span style=\"font-family: georgia,palatino,serif;\">en Leipziger Zoo. Gemeinsam mit<\/span><\/span><br \/>\n<span style=\"color: #000000; font-family: Calibri;\"><span style=\"font-family: georgia,palatino,serif;\"> allen Besuchern erfreuen wir uns <\/span><\/span><br \/>\n<span style=\"color: #000000; font-family: Calibri;\"><span style=\"font-family: georgia,palatino,serif;\">mehr und mehr an den verbesserten Bedingungen, welche insbesondere <\/span><\/span><br \/>\n<span style=\"color: #000000; font-family: Calibri;\"><span style=\"font-family: georgia,palatino,serif;\">den Tieren zu Gute kommen. <\/span><\/span><br \/>\n<span style=\"color: #000000; font-family: Calibri;\"><span style=\"font-family: georgia,palatino,serif;\">Auch ein Patenbrief f\u00fcr ein Liszt\u00e4ffchen<\/span><\/span><br \/>\n<span style=\"color: #000000; font-family: Calibri;\"><span style=\"font-family: georgia,palatino,serif;\"> wurde einmal erworben.<\/span> <\/span><\/p>\n<p>&nbsp;<\/p>\n<p>&nbsp;<\/p>\n<p>&nbsp;<\/p>\n","protected":false},"excerpt":{"rendered":"<p>Patenschaft Zwergseiden\u00e4ffchen und Liszt\u00e4ffchen Eine gro\u00dfe Freude war f\u00fcr mich eines Tages das Geburtstagsgeschenk meiner Familie, welches sehr originell war. Aus der Kenntnis meiner Leidenschaft zu Zwerg\u00e4ffchen heraus, wurde ich mit einer Tierpatenschaft \u00fcberrascht. Meine Familie besuchte damals regelm\u00e4\u00dfig den Leipziger Zoo. So war es auch nicht verwunderlich, das das Patenkind dort zu Hause war. &hellip; <\/p>\n<p class=\"link-more\"><a href=\"https:\/\/zuhausebeivoit.de\/cms\/?page_id=1258\" class=\"more-link\"><span class=\"screen-reader-text\">\u201eTierpatenschaften\u201c<\/span> weiterlesen<\/a><\/p>\n","protected":false},"author":1,"featured_media":0,"parent":0,"menu_order":0,"comment_status":"closed","ping_status":"closed","template":"","meta":{"footnotes":""},"class_list":["post-1258","page","type-page","status-publish","hentry"],"_links":{"self":[{"href":"https:\/\/zuhausebeivoit.de\/cms\/index.php?rest_route=\/wp\/v2\/pages\/1258","targetHints":{"allow":["GET"]}}],"collection":[{"href":"https:\/\/zuhausebeivoit.de\/cms\/index.php?rest_route=\/wp\/v2\/pages"}],"about":[{"href":"https:\/\/zuhausebeivoit.de\/cms\/index.php?rest_route=\/wp\/v2\/types\/page"}],"author":[{"embeddable":true,"href":"https:\/\/zuhausebeivoit.de\/cms\/index.php?rest_route=\/wp\/v2\/users\/1"}],"replies":[{"embeddable":true,"href":"https:\/\/zuhausebeivoit.de\/cms\/index.php?rest_route=%2Fwp%2Fv2%2Fcomments&post=1258"}],"version-history":[{"count":19,"href":"https:\/\/zuhausebeivoit.de\/cms\/index.php?rest_route=\/wp\/v2\/pages\/1258\/revisions"}],"predecessor-version":[{"id":1339,"href":"https:\/\/zuhausebeivoit.de\/cms\/index.php?rest_route=\/wp\/v2\/pages\/1258\/revisions\/1339"}],"wp:attachment":[{"href":"https:\/\/zuhausebeivoit.de\/cms\/index.php?rest_route=%2Fwp%2Fv2%2Fmedia&parent=1258"}],"curies":[{"name":"wp","href":"https:\/\/api.w.org\/{rel}","templated":true}]}}