{"id":1132,"date":"2018-09-13T11:38:25","date_gmt":"2018-09-13T09:38:25","guid":{"rendered":"http:\/\/zuhausebeivoit.de\/cms\/?page_id=1132"},"modified":"2018-09-13T13:11:33","modified_gmt":"2018-09-13T11:11:33","slug":"haltung-und-pflege","status":"publish","type":"page","link":"https:\/\/zuhausebeivoit.de\/cms\/?page_id=1132","title":{"rendered":"Haltung und Pflege"},"content":{"rendered":"<p><span style=\"color: #0000ff; font-family: georgia,palatino,serif; font-size: 14pt;\">Haltung und Pflege<\/span><br \/>\n<span style=\"color: #000000; font-family: georgia,palatino,serif;\">Begonnen hat alles mit der Haltung und Pflege von 2 &#8222;Zimmeradlern&#8220;. Dieses P\u00e4rchen wurde von einem Z\u00fcchter, im Rahmen einer Ausstellung in Rudolstadt vor vielen Jahren, erstanden. <\/span><span style=\"color: #000000; font-family: Calibri;\"><span style=\"font-family: georgia,palatino,serif;\">Nach intensiver Besch\u00e4ftigung mit den Tieren und deren Lebensgewohnheiten, reifte der Gedanke die Haltungsbedingungen wesentlich zu verbessern.<\/span> <\/span><\/p>\n<p><a href=\"http:\/\/zuhausebeivoit.de\/cms\/wp-content\/uploads\/2018\/09\/haltung1.jpg\"><img loading=\"lazy\" decoding=\"async\" class=\"alignleft size-thumbnail wp-image-1152\" src=\"http:\/\/zuhausebeivoit.de\/cms\/wp-content\/uploads\/2018\/09\/haltung1-150x150.jpg\" alt=\"\" width=\"150\" height=\"150\" srcset=\"https:\/\/zuhausebeivoit.de\/cms\/wp-content\/uploads\/2018\/09\/haltung1-150x150.jpg 150w, https:\/\/zuhausebeivoit.de\/cms\/wp-content\/uploads\/2018\/09\/haltung1-100x100.jpg 100w\" sizes=\"auto, (max-width: 150px) 100vw, 150px\" \/><\/a><a href=\"http:\/\/zuhausebeivoit.de\/cms\/wp-content\/uploads\/2018\/09\/haltung2.jpg\"><img loading=\"lazy\" decoding=\"async\" class=\"alignleft size-thumbnail wp-image-1153\" src=\"http:\/\/zuhausebeivoit.de\/cms\/wp-content\/uploads\/2018\/09\/haltung2-150x150.jpg\" alt=\"\" width=\"150\" height=\"150\" srcset=\"https:\/\/zuhausebeivoit.de\/cms\/wp-content\/uploads\/2018\/09\/haltung2-150x150.jpg 150w, https:\/\/zuhausebeivoit.de\/cms\/wp-content\/uploads\/2018\/09\/haltung2-100x100.jpg 100w\" sizes=\"auto, (max-width: 150px) 100vw, 150px\" \/><\/a> <span style=\"font-family: georgia,palatino,serif;\">So entstand eine Gartenlaube mit zun\u00e4chst ca. 1qm nunmehr ca. 4qm Grundfl\u00e4chennutzung als Innenvoliere nebst entsprechender Einrichtung. Schnell wurden Ausflugsm\u00f6glichkeiten in die Au\u00dfenvoliere (ca. 2,5 m breit x 1m lang und 2m hoch)geschaffen.<\/span><\/p>\n<p><a href=\"http:\/\/zuhausebeivoit.de\/cms\/wp-content\/uploads\/2018\/09\/haltung3.jpg\"><img loading=\"lazy\" decoding=\"async\" class=\"alignleft size-thumbnail wp-image-1155\" src=\"http:\/\/zuhausebeivoit.de\/cms\/wp-content\/uploads\/2018\/09\/haltung3-150x150.jpg\" alt=\"\" width=\"150\" height=\"150\" srcset=\"https:\/\/zuhausebeivoit.de\/cms\/wp-content\/uploads\/2018\/09\/haltung3-150x150.jpg 150w, https:\/\/zuhausebeivoit.de\/cms\/wp-content\/uploads\/2018\/09\/haltung3-100x100.jpg 100w\" sizes=\"auto, (max-width: 150px) 100vw, 150px\" \/><\/a><a href=\"http:\/\/zuhausebeivoit.de\/cms\/wp-content\/uploads\/2018\/09\/haltung4.jpg\"><img loading=\"lazy\" decoding=\"async\" class=\"alignleft size-thumbnail wp-image-1156\" src=\"http:\/\/zuhausebeivoit.de\/cms\/wp-content\/uploads\/2018\/09\/haltung4-150x150.jpg\" alt=\"\" width=\"150\" height=\"150\" srcset=\"https:\/\/zuhausebeivoit.de\/cms\/wp-content\/uploads\/2018\/09\/haltung4-150x150.jpg 150w, https:\/\/zuhausebeivoit.de\/cms\/wp-content\/uploads\/2018\/09\/haltung4-100x100.jpg 100w\" sizes=\"auto, (max-width: 150px) 100vw, 150px\" \/><\/a><\/p>\n<p>&nbsp;<\/p>\n<p>&nbsp;<\/p>\n<p><span style=\"font-family: georgia,palatino,serif;\">Die Tiere f\u00fchlten sich von Anfang an sehr wohl. Morgens bzw. abends wird das Schiebefenster ge\u00f6ffnet bzw. geschlossen. Nur bei Minusgraden wird elektronisch <\/span><span style=\"color: #000000; font-family: georgia,palatino,serif;\">gesteuert die Temperatur mittels eines Heizers im Innenbereich um die 0 Grad Celsius konstant zu halten.<\/span><\/p>\n<p><a href=\"http:\/\/zuhausebeivoit.de\/cms\/wp-content\/uploads\/2018\/09\/bild5-1.jpg\"><img loading=\"lazy\" decoding=\"async\" class=\"alignleft size-thumbnail wp-image-1165\" src=\"http:\/\/zuhausebeivoit.de\/cms\/wp-content\/uploads\/2018\/09\/bild5-1-150x150.jpg\" alt=\"\" width=\"150\" height=\"150\" srcset=\"https:\/\/zuhausebeivoit.de\/cms\/wp-content\/uploads\/2018\/09\/bild5-1-150x150.jpg 150w, https:\/\/zuhausebeivoit.de\/cms\/wp-content\/uploads\/2018\/09\/bild5-1-100x100.jpg 100w\" sizes=\"auto, (max-width: 150px) 100vw, 150px\" \/><\/a> <a href=\"http:\/\/zuhausebeivoit.de\/cms\/wp-content\/uploads\/2018\/09\/bild6-1.jpg\"><img loading=\"lazy\" decoding=\"async\" class=\"alignleft size-thumbnail wp-image-1166\" src=\"http:\/\/zuhausebeivoit.de\/cms\/wp-content\/uploads\/2018\/09\/bild6-1-150x150.jpg\" alt=\"\" width=\"150\" height=\"150\" srcset=\"https:\/\/zuhausebeivoit.de\/cms\/wp-content\/uploads\/2018\/09\/bild6-1-150x150.jpg 150w, https:\/\/zuhausebeivoit.de\/cms\/wp-content\/uploads\/2018\/09\/bild6-1-100x100.jpg 100w\" sizes=\"auto, (max-width: 150px) 100vw, 150px\" \/><\/a><\/p>\n<p><span style=\"font-family: georgia,palatino,serif;\">F\u00fctterung: t\u00e4glich frisches Wasser (im Winter mitunter Schnee) handels\u00fcbliches K\u00f6rnerfutter und Weichfutter Hirsekolben in unterschiedlichster Form ggf. Sonnenblumenkerne, Erdn\u00fcsse ausgew\u00e4hlte Wiesenkr\u00e4uter Mohrr\u00fcben, Obst, L\u00f6wenzahnbl\u00e4tter und Bl\u00fcten.\u00a0\u00a0 Im Au\u00dfenbereich werden \u00c4ste von Weichh\u00f6lzern insbesondere Weidenzweige sehr gern angenommen nicht nur f\u00fcr stundenlange Besch\u00e4ftigung. In regelm\u00e4\u00dfigen Abst\u00e4nden erfolgen Reinigungs- und Wartungsarbeiten im Innen- und Au\u00dfenbereich.<\/span><span style=\"color: #000000; font-family: georgia,palatino,serif;\">Nat\u00fcrlich blieb es nicht bei den anf\u00e4nglich erw\u00e4hnten &#8222;Zimmeradlern&#8220;. Ein weiteres P\u00e4rchen kam dazu durch Zuzug eines M\u00e4nnchens, welches nirgendwo als vermisst galt. Nach Aufnahme von zwei gestrandeten Wellensittichm\u00e4nnern kamen ebenso die anderen H\u00e4lften dazu. Auf Grund der \u00e4hnlich notwendigen Lebensbedingungen und Ern\u00e4hrung funktioniert eine Vergesellschaftung inklusive Brut- und Aufzucht sehr gut.<\/span><\/p>\n<p>&nbsp;<\/p>\n<p>&nbsp;<\/p>\n<p>&nbsp;<\/p>\n<p>&nbsp;<\/p>\n<p>&nbsp;<\/p>\n<p>&nbsp;<\/p>\n<p>&nbsp;<\/p>\n<p>&nbsp;<\/p>\n<p>&nbsp;<\/p>\n<p>&nbsp;<\/p>\n<p>&nbsp;<\/p>\n<p>&nbsp;<\/p>\n<p>&nbsp;<\/p>\n<p>&nbsp;<\/p>\n<p>&nbsp;<\/p>\n","protected":false},"excerpt":{"rendered":"<p>Haltung und Pflege Begonnen hat alles mit der Haltung und Pflege von 2 &#8222;Zimmeradlern&#8220;. Dieses P\u00e4rchen wurde von einem Z\u00fcchter, im Rahmen einer Ausstellung in Rudolstadt vor vielen Jahren, erstanden. Nach intensiver Besch\u00e4ftigung mit den Tieren und deren Lebensgewohnheiten, reifte der Gedanke die Haltungsbedingungen wesentlich zu verbessern. So entstand eine Gartenlaube mit zun\u00e4chst ca. 1qm &hellip; <\/p>\n<p class=\"link-more\"><a href=\"https:\/\/zuhausebeivoit.de\/cms\/?page_id=1132\" class=\"more-link\"><span class=\"screen-reader-text\">\u201eHaltung und Pflege\u201c<\/span> weiterlesen<\/a><\/p>\n","protected":false},"author":1,"featured_media":0,"parent":0,"menu_order":0,"comment_status":"closed","ping_status":"closed","template":"","meta":{"footnotes":""},"class_list":["post-1132","page","type-page","status-publish","hentry"],"_links":{"self":[{"href":"https:\/\/zuhausebeivoit.de\/cms\/index.php?rest_route=\/wp\/v2\/pages\/1132","targetHints":{"allow":["GET"]}}],"collection":[{"href":"https:\/\/zuhausebeivoit.de\/cms\/index.php?rest_route=\/wp\/v2\/pages"}],"about":[{"href":"https:\/\/zuhausebeivoit.de\/cms\/index.php?rest_route=\/wp\/v2\/types\/page"}],"author":[{"embeddable":true,"href":"https:\/\/zuhausebeivoit.de\/cms\/index.php?rest_route=\/wp\/v2\/users\/1"}],"replies":[{"embeddable":true,"href":"https:\/\/zuhausebeivoit.de\/cms\/index.php?rest_route=%2Fwp%2Fv2%2Fcomments&post=1132"}],"version-history":[{"count":12,"href":"https:\/\/zuhausebeivoit.de\/cms\/index.php?rest_route=\/wp\/v2\/pages\/1132\/revisions"}],"predecessor-version":[{"id":1171,"href":"https:\/\/zuhausebeivoit.de\/cms\/index.php?rest_route=\/wp\/v2\/pages\/1132\/revisions\/1171"}],"wp:attachment":[{"href":"https:\/\/zuhausebeivoit.de\/cms\/index.php?rest_route=%2Fwp%2Fv2%2Fmedia&parent=1132"}],"curies":[{"name":"wp","href":"https:\/\/api.w.org\/{rel}","templated":true}]}}